{"id":6380,"date":"2025-03-10T09:51:18","date_gmt":"2025-03-10T09:51:18","guid":{"rendered":"https:\/\/www.beysukentkoleji.k12.tr\/?page_id=6380"},"modified":"2025-03-23T14:19:51","modified_gmt":"2025-03-23T14:19:51","slug":"ogrenme-biyosferimizi-olusturan-ogeler","status":"publish","type":"page","link":"https:\/\/www.beysukentkoleji.k12.tr\/en\/ogrenme-biyosferimizi-olusturan-ogeler\/","title":{"rendered":"Elements that make up our Learning Biosphere"},"content":{"rendered":"<div data-elementor-type=\"wp-page\" data-elementor-id=\"6380\" class=\"elementor elementor-6380\" data-elementor-post-type=\"page\">\n\t\t\t\t<div class=\"elementor-element elementor-element-8f8dc07 e-flex e-con-boxed e-con e-parent\" data-id=\"8f8dc07\" data-element_type=\"container\">\n\t\t\t\t\t<div class=\"e-con-inner\">\n\t\t<div class=\"elementor-element elementor-element-fe285a2 e-con-full e-flex e-con e-child\" data-id=\"fe285a2\" data-element_type=\"container\">\n\t\t\t\t<div class=\"elementor-element elementor-element-0542826 elementor-widget elementor-widget-shortcode\" data-id=\"0542826\" data-element_type=\"widget\" data-widget_type=\"shortcode.default\">\n\t\t\t\t<div class=\"elementor-widget-container\">\n\t\t\t\t\t\t\t<div class=\"elementor-shortcode\">\t\t<div data-elementor-type=\"container\" data-elementor-id=\"6523\" class=\"elementor elementor-6523\" data-elementor-post-type=\"elementor_library\">\n\t\t\t\t<div class=\"elementor-element elementor-element-c100981 e-con-full e-flex e-con e-child\" data-id=\"c100981\" data-element_type=\"container\">\n\t\t<div class=\"elementor-element elementor-element-b814ac8 e-con-full e-flex e-con e-child\" data-id=\"b814ac8\" data-element_type=\"container\">\n\t\t\t\t<div class=\"elementor-element elementor-element-9458a7d elementor-widget elementor-widget-image\" data-id=\"9458a7d\" data-element_type=\"widget\" data-widget_type=\"image.default\">\n\t\t\t\t<div class=\"elementor-widget-container\">\n\t\t\t\t\t\t\t\t\t\t\t\t\t\t\t<img fetchpriority=\"high\" decoding=\"async\" width=\"566\" height=\"566\" src=\"https:\/\/www.beysukentkoleji.k12.tr\/wp-content\/uploads\/2024\/04\/hakkimizda.png\" class=\"attachment-large size-large wp-image-4756\" alt=\"\" srcset=\"https:\/\/www.beysukentkoleji.k12.tr\/wp-content\/uploads\/2024\/04\/hakkimizda.png 566w, https:\/\/www.beysukentkoleji.k12.tr\/wp-content\/uploads\/2024\/04\/hakkimizda-300x300.png 300w, https:\/\/www.beysukentkoleji.k12.tr\/wp-content\/uploads\/2024\/04\/hakkimizda-150x150.png 150w, https:\/\/www.beysukentkoleji.k12.tr\/wp-content\/uploads\/2024\/04\/hakkimizda-12x12.png 12w\" sizes=\"(max-width: 566px) 100vw, 566px\" \/>\t\t\t\t\t\t\t\t\t\t\t\t\t\t\t<\/div>\n\t\t\t\t<\/div>\n\t\t\t\t<div class=\"elementor-element elementor-element-c1860fd elementor-widget elementor-widget-eael-creative-button\" data-id=\"c1860fd\" data-element_type=\"widget\" data-widget_type=\"eael-creative-button.default\">\n\t\t\t\t<div class=\"elementor-widget-container\">\n\t\t\t\t\t        <div class=\"eael-creative-button-wrapper\">\n\n            <a class=\"eael-creative-button eael-creative-button--default\" href=\"https:\/\/www.beysukentkoleji.k12.tr\/en\/cic-dil-ogretim-yaklasimi\/\" data-text=\"\">\n\n\t    \n                <div class=\"creative-button-inner\">\n\n                    \n                    <span class=\"cretive-button-text\">Curriculum for International Communication CIC<\/span>\n\n                                    <\/div>\n\t                        <\/a>\n        <\/div>\n        \t\t\t\t<\/div>\n\t\t\t\t<\/div>\n\t\t\t\t<div class=\"elementor-element elementor-element-b33689c elementor-widget elementor-widget-eael-creative-button\" data-id=\"b33689c\" data-element_type=\"widget\" data-widget_type=\"eael-creative-button.default\">\n\t\t\t\t<div class=\"elementor-widget-container\">\n\t\t\t\t\t        <div class=\"eael-creative-button-wrapper\">\n\n            <a class=\"eael-creative-button eael-creative-button--default\" href=\"https:\/\/www.beysukentkoleji.k12.tr\/en\/bir-yabanci-dili-iyi-bilmek-ne-demektir\/\" data-text=\"\">\n\n\t    \n                <div class=\"creative-button-inner\">\n\n                    \n                    <span class=\"cretive-button-text\">What does it mean to \"know a foreign language well\"?<\/span>\n\n                                    <\/div>\n\t                        <\/a>\n        <\/div>\n        \t\t\t\t<\/div>\n\t\t\t\t<\/div>\n\t\t\t\t<div class=\"elementor-element elementor-element-ca65af7 elementor-widget elementor-widget-eael-creative-button\" data-id=\"ca65af7\" data-element_type=\"widget\" data-widget_type=\"eael-creative-button.default\">\n\t\t\t\t<div class=\"elementor-widget-container\">\n\t\t\t\t\t        <div class=\"eael-creative-button-wrapper\">\n\n            <a class=\"eael-creative-button eael-creative-button--default\" href=\"https:\/\/www.beysukentkoleji.k12.tr\/en\/basariyi-tesadufe-veya-tercihe-birakmiyoruz\/\" data-text=\"\">\n\n\t    \n                <div class=\"creative-button-inner\">\n\n                    \n                    <span class=\"cretive-button-text\">We Do Not Leave Success to Chance or Choice<\/span>\n\n                                    <\/div>\n\t                        <\/a>\n        <\/div>\n        \t\t\t\t<\/div>\n\t\t\t\t<\/div>\n\t\t\t\t<div class=\"elementor-element elementor-element-f077bd1 elementor-widget elementor-widget-eael-creative-button\" data-id=\"f077bd1\" data-element_type=\"widget\" data-widget_type=\"eael-creative-button.default\">\n\t\t\t\t<div class=\"elementor-widget-container\">\n\t\t\t\t\t        <div class=\"eael-creative-button-wrapper\">\n\n            <a class=\"eael-creative-button eael-creative-button--default\" href=\"https:\/\/www.beysukentkoleji.k12.tr\/en\/anaokulu-ve-ilkokul-icin-program-hedefleri\/\" data-text=\"\">\n\n\t    \n                <div class=\"creative-button-inner\">\n\n                    \n                    <span class=\"cretive-button-text\">Program Goals for Kindergarten and Primary School<\/span>\n\n                                    <\/div>\n\t                        <\/a>\n        <\/div>\n        \t\t\t\t<\/div>\n\t\t\t\t<\/div>\n\t\t\t\t<div class=\"elementor-element elementor-element-0c42da6 elementor-widget elementor-widget-eael-creative-button\" data-id=\"0c42da6\" data-element_type=\"widget\" data-widget_type=\"eael-creative-button.default\">\n\t\t\t\t<div class=\"elementor-widget-container\">\n\t\t\t\t\t        <div class=\"eael-creative-button-wrapper\">\n\n            <a class=\"eael-creative-button eael-creative-button--default\" href=\"https:\/\/www.beysukentkoleji.k12.tr\/en\/ortaokul-icin-program-hedefleri\/\" data-text=\"\">\n\n\t    \n                <div class=\"creative-button-inner\">\n\n                    \n                    <span class=\"cretive-button-text\">Program Goals for Middle School<\/span>\n\n                                    <\/div>\n\t                        <\/a>\n        <\/div>\n        \t\t\t\t<\/div>\n\t\t\t\t<\/div>\n\t\t\t\t<div class=\"elementor-element elementor-element-0066a9f elementor-widget elementor-widget-eael-creative-button\" data-id=\"0066a9f\" data-element_type=\"widget\" data-widget_type=\"eael-creative-button.default\">\n\t\t\t\t<div class=\"elementor-widget-container\">\n\t\t\t\t\t        <div class=\"eael-creative-button-wrapper\">\n\n            <a class=\"eael-creative-button eael-creative-button--default\" href=\"https:\/\/www.beysukentkoleji.k12.tr\/en\/anaokulu-seviyesinde-cic\/\" data-text=\"\">\n\n\t    \n                <div class=\"creative-button-inner\">\n\n                    \n                    <span class=\"cretive-button-text\">CIC at Kindergarten Level<\/span>\n\n                                    <\/div>\n\t                        <\/a>\n        <\/div>\n        \t\t\t\t<\/div>\n\t\t\t\t<\/div>\n\t\t\t\t<div class=\"elementor-element elementor-element-46cd249 elementor-widget elementor-widget-eael-creative-button\" data-id=\"46cd249\" data-element_type=\"widget\" data-widget_type=\"eael-creative-button.default\">\n\t\t\t\t<div class=\"elementor-widget-container\">\n\t\t\t\t\t        <div class=\"eael-creative-button-wrapper\">\n\n            <a class=\"eael-creative-button eael-creative-button--default\" href=\"https:\/\/www.beysukentkoleji.k12.tr\/en\/ortaokul-seviyesinde-cic\/\" data-text=\"\">\n\n\t    \n                <div class=\"creative-button-inner\">\n\n                    \n                    <span class=\"cretive-button-text\">CIC at Secondary School Level<\/span>\n\n                                    <\/div>\n\t                        <\/a>\n        <\/div>\n        \t\t\t\t<\/div>\n\t\t\t\t<\/div>\n\t\t\t\t<div class=\"elementor-element elementor-element-ff5fe17 elementor-widget elementor-widget-eael-creative-button\" data-id=\"ff5fe17\" data-element_type=\"widget\" data-widget_type=\"eael-creative-button.default\">\n\t\t\t\t<div class=\"elementor-widget-container\">\n\t\t\t\t\t        <div class=\"eael-creative-button-wrapper\">\n\n            <a class=\"eael-creative-button eael-creative-button--default\" href=\"https:\/\/www.beysukentkoleji.k12.tr\/en\/ogrenme-biyosferimizi-olusturan-ogeler\/\" data-text=\"\">\n\n\t    \n                <div class=\"creative-button-inner\">\n\n                    \n                    <span class=\"cretive-button-text\">Elements that make up our Learning Biosphere<\/span>\n\n                                    <\/div>\n\t                        <\/a>\n        <\/div>\n        \t\t\t\t<\/div>\n\t\t\t\t<\/div>\n\t\t\t\t<div class=\"elementor-element elementor-element-16523f5 elementor-widget elementor-widget-eael-creative-button\" data-id=\"16523f5\" data-element_type=\"widget\" data-widget_type=\"eael-creative-button.default\">\n\t\t\t\t<div class=\"elementor-widget-container\">\n\t\t\t\t\t        <div class=\"eael-creative-button-wrapper\">\n\n            <a class=\"eael-creative-button eael-creative-button--default\" href=\"https:\/\/www.beysukentkoleji.k12.tr\/en\/velilerimiz-ve-cic\/\" data-text=\"\">\n\n\t    \n                <div class=\"creative-button-inner\">\n\n                    \n                    <span class=\"cretive-button-text\">Parents and CIC<\/span>\n\n                                    <\/div>\n\t                        <\/a>\n        <\/div>\n        \t\t\t\t<\/div>\n\t\t\t\t<\/div>\n\t\t\t\t<\/div>\n\t\t\t\t<\/div>\n\t\t\t\t<\/div>\n\t\t<\/div>\n\t\t\t\t\t\t<\/div>\n\t\t\t\t<\/div>\n\t\t\t\t<\/div>\n\t\t<div class=\"elementor-element elementor-element-d11c858 e-con-full e-flex e-con e-child\" data-id=\"d11c858\" data-element_type=\"container\">\n\t\t\t\t<div class=\"elementor-element elementor-element-c256c47 elementor-widget elementor-widget-text-editor\" data-id=\"c256c47\" data-element_type=\"widget\" data-widget_type=\"text-editor.default\">\n\t\t\t\t<div class=\"elementor-widget-container\">\n\t\t\t\t\t\t\t\t\t<h4 style=\"text-align: center;\">Elements that make up our Learning Biosphere<\/h4><hr \/><p><strong>English Activities <\/strong><\/p>\t\t\t\t\t\t\t\t<\/div>\n\t\t\t\t<\/div>\n\t\t\t\t<div class=\"elementor-element elementor-element-f3e210f elementor-widget elementor-widget-text-editor\" data-id=\"f3e210f\" data-element_type=\"widget\" data-widget_type=\"text-editor.default\">\n\t\t\t\t<div class=\"elementor-widget-container\">\n\t\t\t\t\t\t\t\t\t<p>With school activities and competitions, our foreign language education is no longer just a lesson and we create environments where our students can use the foreign language effectively and with confidence. In inter-class activities and competitions, students have the opportunity to practice English with their peers.<\/p><p><strong>Theater Performance in English<\/strong><\/p><p>It is important to show our students that English is more than just a subject. On the other hand, it is an invaluable experience for our students to see how the foreign language is used in everyday life, performed by concrete and native speakers.<\/p><p>Before the play, the theater play turns into an artistic activity that supports foreign language education with the activities carried out in the related courses. After the play, there is a question-and-answer session between the students and the actors.<\/p><p><strong>Main Camp English Programs<\/strong><\/p><p>Our field trips, which are structured with task-oriented English interaction activities, turn the foreign language acquisition process into fun moments for our students and create opportunities to use English outside of school. These field trips also share implicit content with other subject areas (history, geography, visual arts, etc.), so that our students develop intellectually while communicating in English.<\/p><p><strong>National English Events<\/strong><\/p><p>All our level groups participate in various activities that aim to help our students develop reading habits and thus improve their language skills. Through activities such as JMUN, Spelling Bee and Destination Imagination, we give our students the opportunity to use English outside of school and the classroom.<\/p><p><strong>Beysukent Travel Activities<\/strong><\/p><p>We believe that learning English is the most important step for our students to become citizens of the world. We believe that learning English should be a way of life through cultural interaction. We believe that recognizing the lifestyles and cultures of people in English-speaking countries is the most important tool in learning the target language. Based on this philosophy, we organize domestic and international excursions every year, giving our students the opportunity to use English in their natural environment.<\/p><p><strong>Online English Resources<\/strong><\/p><p>The field of educational sciences defines our children as \"Digital Natives\"; from the day they open their eyes, they find themselves in the midst of tablet computers, phones and colorful Web 3.0 applications, and they love this environment. In teaching English, then, we need to take advantage of the digital world that is a natural part of our children's lives. At Beysukent Schools, we offer our students reading books, videos and activities with globally recognized and respected digital content.<\/p>\t\t\t\t\t\t\t\t<\/div>\n\t\t\t\t<\/div>\n\t\t\t\t<\/div>\n\t\t\t\t\t<\/div>\n\t\t\t\t<\/div>\n\t\t\t\t<\/div>","protected":false},"excerpt":{"rendered":"<p>\u00d6\u011frenme Biyosferimizi Olu\u015fturan \u00d6\u011feler \u0130ngilizce Etkinlikleri Yabanc\u0131 dil e\u011fitimimiz, okul etkinlikleri ve yar\u0131\u015fmalar ile bir ders olmaktan \u00e7\u0131kar ve \u00f6\u011frencilerimizin yabanc\u0131 dili etkili ve \u00f6zg\u00fcven i\u00e7inde kullanabilecekleri ortamlar yarat\u0131l\u0131r. S\u0131n\u0131flar aras\u0131 yap\u0131lan etkinlik ve yar\u0131\u015fmalarda \u00f6\u011frenciler akranlar\u0131 ile \u0130ngilizce pratik yapma imk\u00e2n\u0131 bulurlar. \u0130ngilizce Tiyatro Performans\u0131 \u0130ngilizcenin bir dersten daha fazlas\u0131 oldu\u011funu \u00f6\u011frencilerimize g\u00f6stermek \u00f6nemlidir. [&hellip;]<\/p>","protected":false},"author":2,"featured_media":0,"parent":0,"menu_order":0,"comment_status":"closed","ping_status":"closed","template":"elementor_header_footer","meta":{"_eb_attr":"","footnotes":""},"class_list":["post-6380","page","type-page","status-publish","hentry"],"aioseo_notices":[],"_links":{"self":[{"href":"https:\/\/www.beysukentkoleji.k12.tr\/en\/wp-json\/wp\/v2\/pages\/6380","targetHints":{"allow":["GET"]}}],"collection":[{"href":"https:\/\/www.beysukentkoleji.k12.tr\/en\/wp-json\/wp\/v2\/pages"}],"about":[{"href":"https:\/\/www.beysukentkoleji.k12.tr\/en\/wp-json\/wp\/v2\/types\/page"}],"author":[{"embeddable":true,"href":"https:\/\/www.beysukentkoleji.k12.tr\/en\/wp-json\/wp\/v2\/users\/2"}],"replies":[{"embeddable":true,"href":"https:\/\/www.beysukentkoleji.k12.tr\/en\/wp-json\/wp\/v2\/comments?post=6380"}],"version-history":[{"count":13,"href":"https:\/\/www.beysukentkoleji.k12.tr\/en\/wp-json\/wp\/v2\/pages\/6380\/revisions"}],"predecessor-version":[{"id":6556,"href":"https:\/\/www.beysukentkoleji.k12.tr\/en\/wp-json\/wp\/v2\/pages\/6380\/revisions\/6556"}],"wp:attachment":[{"href":"https:\/\/www.beysukentkoleji.k12.tr\/en\/wp-json\/wp\/v2\/media?parent=6380"}],"curies":[{"name":"wp","href":"https:\/\/api.w.org\/{rel}","templated":true}]}}