{"id":6378,"date":"2025-03-10T09:50:55","date_gmt":"2025-03-10T09:50:55","guid":{"rendered":"https:\/\/www.beysukentkoleji.k12.tr\/?page_id=6378"},"modified":"2025-03-23T14:18:35","modified_gmt":"2025-03-23T14:18:35","slug":"anaokulu-seviyesinde-cic","status":"publish","type":"page","link":"https:\/\/www.beysukentkoleji.k12.tr\/en\/anaokulu-seviyesinde-cic\/","title":{"rendered":"CIC at Kindergarten Level"},"content":{"rendered":"<div data-elementor-type=\"wp-page\" data-elementor-id=\"6378\" class=\"elementor elementor-6378\" data-elementor-post-type=\"page\">\n\t\t\t\t<div class=\"elementor-element elementor-element-8f8dc07 e-flex e-con-boxed e-con e-parent\" data-id=\"8f8dc07\" data-element_type=\"container\">\n\t\t\t\t\t<div class=\"e-con-inner\">\n\t\t<div class=\"elementor-element elementor-element-fe285a2 e-con-full e-flex e-con e-child\" data-id=\"fe285a2\" data-element_type=\"container\">\n\t\t\t\t<div class=\"elementor-element elementor-element-f3cc05a elementor-widget elementor-widget-shortcode\" data-id=\"f3cc05a\" data-element_type=\"widget\" data-widget_type=\"shortcode.default\">\n\t\t\t\t<div class=\"elementor-widget-container\">\n\t\t\t\t\t\t\t<div class=\"elementor-shortcode\">\t\t<div data-elementor-type=\"container\" data-elementor-id=\"6523\" class=\"elementor elementor-6523\" data-elementor-post-type=\"elementor_library\">\n\t\t\t\t<div class=\"elementor-element elementor-element-c100981 e-con-full e-flex e-con e-child\" data-id=\"c100981\" data-element_type=\"container\">\n\t\t<div class=\"elementor-element elementor-element-b814ac8 e-con-full e-flex e-con e-child\" data-id=\"b814ac8\" data-element_type=\"container\">\n\t\t\t\t<div class=\"elementor-element elementor-element-9458a7d elementor-widget elementor-widget-image\" data-id=\"9458a7d\" data-element_type=\"widget\" data-widget_type=\"image.default\">\n\t\t\t\t<div class=\"elementor-widget-container\">\n\t\t\t\t\t\t\t\t\t\t\t\t\t\t\t<img fetchpriority=\"high\" decoding=\"async\" width=\"566\" height=\"566\" src=\"https:\/\/www.beysukentkoleji.k12.tr\/wp-content\/uploads\/2024\/04\/hakkimizda.png\" class=\"attachment-large size-large wp-image-4756\" alt=\"\" srcset=\"https:\/\/www.beysukentkoleji.k12.tr\/wp-content\/uploads\/2024\/04\/hakkimizda.png 566w, https:\/\/www.beysukentkoleji.k12.tr\/wp-content\/uploads\/2024\/04\/hakkimizda-300x300.png 300w, https:\/\/www.beysukentkoleji.k12.tr\/wp-content\/uploads\/2024\/04\/hakkimizda-150x150.png 150w, https:\/\/www.beysukentkoleji.k12.tr\/wp-content\/uploads\/2024\/04\/hakkimizda-12x12.png 12w\" sizes=\"(max-width: 566px) 100vw, 566px\" \/>\t\t\t\t\t\t\t\t\t\t\t\t\t\t\t<\/div>\n\t\t\t\t<\/div>\n\t\t\t\t<div class=\"elementor-element elementor-element-c1860fd elementor-widget elementor-widget-eael-creative-button\" data-id=\"c1860fd\" data-element_type=\"widget\" data-widget_type=\"eael-creative-button.default\">\n\t\t\t\t<div class=\"elementor-widget-container\">\n\t\t\t\t\t        <div class=\"eael-creative-button-wrapper\">\n\n            <a class=\"eael-creative-button eael-creative-button--default\" href=\"https:\/\/www.beysukentkoleji.k12.tr\/en\/cic-dil-ogretim-yaklasimi\/\" data-text=\"\">\n\n\t    \n                <div class=\"creative-button-inner\">\n\n                    \n                    <span class=\"cretive-button-text\">Curriculum for International Communication CIC<\/span>\n\n                                    <\/div>\n\t                        <\/a>\n        <\/div>\n        \t\t\t\t<\/div>\n\t\t\t\t<\/div>\n\t\t\t\t<div class=\"elementor-element elementor-element-b33689c elementor-widget elementor-widget-eael-creative-button\" data-id=\"b33689c\" data-element_type=\"widget\" data-widget_type=\"eael-creative-button.default\">\n\t\t\t\t<div class=\"elementor-widget-container\">\n\t\t\t\t\t        <div class=\"eael-creative-button-wrapper\">\n\n            <a class=\"eael-creative-button eael-creative-button--default\" href=\"https:\/\/www.beysukentkoleji.k12.tr\/en\/bir-yabanci-dili-iyi-bilmek-ne-demektir\/\" data-text=\"\">\n\n\t    \n                <div class=\"creative-button-inner\">\n\n                    \n                    <span class=\"cretive-button-text\">What does it mean to \"know a foreign language well\"?<\/span>\n\n                                    <\/div>\n\t                        <\/a>\n        <\/div>\n        \t\t\t\t<\/div>\n\t\t\t\t<\/div>\n\t\t\t\t<div class=\"elementor-element elementor-element-ca65af7 elementor-widget elementor-widget-eael-creative-button\" data-id=\"ca65af7\" data-element_type=\"widget\" data-widget_type=\"eael-creative-button.default\">\n\t\t\t\t<div class=\"elementor-widget-container\">\n\t\t\t\t\t        <div class=\"eael-creative-button-wrapper\">\n\n            <a class=\"eael-creative-button eael-creative-button--default\" href=\"https:\/\/www.beysukentkoleji.k12.tr\/en\/basariyi-tesadufe-veya-tercihe-birakmiyoruz\/\" data-text=\"\">\n\n\t    \n                <div class=\"creative-button-inner\">\n\n                    \n                    <span class=\"cretive-button-text\">We Do Not Leave Success to Chance or Choice<\/span>\n\n                                    <\/div>\n\t                        <\/a>\n        <\/div>\n        \t\t\t\t<\/div>\n\t\t\t\t<\/div>\n\t\t\t\t<div class=\"elementor-element elementor-element-f077bd1 elementor-widget elementor-widget-eael-creative-button\" data-id=\"f077bd1\" data-element_type=\"widget\" data-widget_type=\"eael-creative-button.default\">\n\t\t\t\t<div class=\"elementor-widget-container\">\n\t\t\t\t\t        <div class=\"eael-creative-button-wrapper\">\n\n            <a class=\"eael-creative-button eael-creative-button--default\" href=\"https:\/\/www.beysukentkoleji.k12.tr\/en\/anaokulu-ve-ilkokul-icin-program-hedefleri\/\" data-text=\"\">\n\n\t    \n                <div class=\"creative-button-inner\">\n\n                    \n                    <span class=\"cretive-button-text\">Program Goals for Kindergarten and Primary School<\/span>\n\n                                    <\/div>\n\t                        <\/a>\n        <\/div>\n        \t\t\t\t<\/div>\n\t\t\t\t<\/div>\n\t\t\t\t<div class=\"elementor-element elementor-element-0c42da6 elementor-widget elementor-widget-eael-creative-button\" data-id=\"0c42da6\" data-element_type=\"widget\" data-widget_type=\"eael-creative-button.default\">\n\t\t\t\t<div class=\"elementor-widget-container\">\n\t\t\t\t\t        <div class=\"eael-creative-button-wrapper\">\n\n            <a class=\"eael-creative-button eael-creative-button--default\" href=\"https:\/\/www.beysukentkoleji.k12.tr\/en\/ortaokul-icin-program-hedefleri\/\" data-text=\"\">\n\n\t    \n                <div class=\"creative-button-inner\">\n\n                    \n                    <span class=\"cretive-button-text\">Program Goals for Middle School<\/span>\n\n                                    <\/div>\n\t                        <\/a>\n        <\/div>\n        \t\t\t\t<\/div>\n\t\t\t\t<\/div>\n\t\t\t\t<div class=\"elementor-element elementor-element-0066a9f elementor-widget elementor-widget-eael-creative-button\" data-id=\"0066a9f\" data-element_type=\"widget\" data-widget_type=\"eael-creative-button.default\">\n\t\t\t\t<div class=\"elementor-widget-container\">\n\t\t\t\t\t        <div class=\"eael-creative-button-wrapper\">\n\n            <a class=\"eael-creative-button eael-creative-button--default\" href=\"https:\/\/www.beysukentkoleji.k12.tr\/en\/anaokulu-seviyesinde-cic\/\" data-text=\"\">\n\n\t    \n                <div class=\"creative-button-inner\">\n\n                    \n                    <span class=\"cretive-button-text\">CIC at Kindergarten Level<\/span>\n\n                                    <\/div>\n\t                        <\/a>\n        <\/div>\n        \t\t\t\t<\/div>\n\t\t\t\t<\/div>\n\t\t\t\t<div class=\"elementor-element elementor-element-46cd249 elementor-widget elementor-widget-eael-creative-button\" data-id=\"46cd249\" data-element_type=\"widget\" data-widget_type=\"eael-creative-button.default\">\n\t\t\t\t<div class=\"elementor-widget-container\">\n\t\t\t\t\t        <div class=\"eael-creative-button-wrapper\">\n\n            <a class=\"eael-creative-button eael-creative-button--default\" href=\"https:\/\/www.beysukentkoleji.k12.tr\/en\/ortaokul-seviyesinde-cic\/\" data-text=\"\">\n\n\t    \n                <div class=\"creative-button-inner\">\n\n                    \n                    <span class=\"cretive-button-text\">CIC at Secondary School Level<\/span>\n\n                                    <\/div>\n\t                        <\/a>\n        <\/div>\n        \t\t\t\t<\/div>\n\t\t\t\t<\/div>\n\t\t\t\t<div class=\"elementor-element elementor-element-ff5fe17 elementor-widget elementor-widget-eael-creative-button\" data-id=\"ff5fe17\" data-element_type=\"widget\" data-widget_type=\"eael-creative-button.default\">\n\t\t\t\t<div class=\"elementor-widget-container\">\n\t\t\t\t\t        <div class=\"eael-creative-button-wrapper\">\n\n            <a class=\"eael-creative-button eael-creative-button--default\" href=\"https:\/\/www.beysukentkoleji.k12.tr\/en\/ogrenme-biyosferimizi-olusturan-ogeler\/\" data-text=\"\">\n\n\t    \n                <div class=\"creative-button-inner\">\n\n                    \n                    <span class=\"cretive-button-text\">Elements that make up our Learning Biosphere<\/span>\n\n                                    <\/div>\n\t                        <\/a>\n        <\/div>\n        \t\t\t\t<\/div>\n\t\t\t\t<\/div>\n\t\t\t\t<div class=\"elementor-element elementor-element-16523f5 elementor-widget elementor-widget-eael-creative-button\" data-id=\"16523f5\" data-element_type=\"widget\" data-widget_type=\"eael-creative-button.default\">\n\t\t\t\t<div class=\"elementor-widget-container\">\n\t\t\t\t\t        <div class=\"eael-creative-button-wrapper\">\n\n            <a class=\"eael-creative-button eael-creative-button--default\" href=\"https:\/\/www.beysukentkoleji.k12.tr\/en\/velilerimiz-ve-cic\/\" data-text=\"\">\n\n\t    \n                <div class=\"creative-button-inner\">\n\n                    \n                    <span class=\"cretive-button-text\">Parents and CIC<\/span>\n\n                                    <\/div>\n\t                        <\/a>\n        <\/div>\n        \t\t\t\t<\/div>\n\t\t\t\t<\/div>\n\t\t\t\t<\/div>\n\t\t\t\t<\/div>\n\t\t\t\t<\/div>\n\t\t<\/div>\n\t\t\t\t\t\t<\/div>\n\t\t\t\t<\/div>\n\t\t\t\t<\/div>\n\t\t<div class=\"elementor-element elementor-element-d11c858 e-con-full e-flex e-con e-child\" data-id=\"d11c858\" data-element_type=\"container\">\n\t\t\t\t<div class=\"elementor-element elementor-element-47f7658 elementor-widget elementor-widget-text-editor\" data-id=\"47f7658\" data-element_type=\"widget\" data-widget_type=\"text-editor.default\">\n\t\t\t\t<div class=\"elementor-widget-container\">\n\t\t\t\t\t\t\t\t\t<h4>CIC at Kindergarten Level<\/h4><hr \/><p style=\"text-align: center;\">\u00a0<\/p>\t\t\t\t\t\t\t\t<\/div>\n\t\t\t\t<\/div>\n\t\t\t\t<div class=\"elementor-element elementor-element-f3e210f elementor-widget elementor-widget-text-editor\" data-id=\"f3e210f\" data-element_type=\"widget\" data-widget_type=\"text-editor.default\">\n\t\t\t\t<div class=\"elementor-widget-container\">\n\t\t\t\t\t\t\t\t\t<p>In Beysukent kindergartens, which cover the ages of four, five and six, we carry out an English program of three hundred and sixty hours in the first two years and five hundred and forty hours in the sixth age group, together with our teachers, coordinators and academic advisors who are experts in language teaching in preschool.<\/p>\n<p><\/p>\n<p>The importance of exposure to the English language from an early age is emphasized in the applied linguistics literature. On the other hand, it is at least as important for this age group to acquire their mother tongue in accordance with their developmental level as teaching a second foreign language. Our children touch the world and their lives with their mother tongue, think, dream, express themselves and understand the people around them within the circle of their mother tongue skills. Throughout their educational life, their success in all branches from mathematics to science, from social sciences to art lessons is directly proportional to their ability to use their mother tongue.<\/p>\n<p><\/p>\n<p>At this point, CIC does not approach Beysukent families with rhetoric such as \"English all day in kindergarten!\", \"English education with foreign teachers\" or \"We finish English in kindergarten!\", which are far from scientific pedagogical foundations. Such approaches and ultimately practices may cause our children to develop language anxiety towards language learning, which is very difficult to compensate for and treat later on.<\/p>\n<p><\/p>\n<p>Therefore, what are we doing to teach English in our kindergartens?<\/p>\n<p><\/p>\n<ul>\n<li>We create a natural language learning ecology that is meaningful for children through play and fun, accompanied by audio-visual materials appropriate to their developmental levels.<\/li>\n<\/ul>\n<ul>\n<li>We ensure that our children develop positive attitudes towards learning English and offer language activities to reinforce their self-efficacy so that they do not develop language learning anxiety.<\/li>\n<\/ul>\n<ul>\n<li class=\"translation-block\">We expose our students to the language through <em>Pre-A1<\/em> level English content and enjoyable tasks such as games, songs and fun activities, thus preparing them for their primary school years.<\/li>\n<\/ul>\n<ul>\n<li>By triggering a sense of achievement and curiosity at every moment, we ensure that our students develop intrinsic motivation towards language learning.<\/li>\n<\/ul>\n<ul>\n<li>Using concrete causality, object manipulation and physical activities, we teach the nature of language through actions that have visual, auditory and kinesthetic relevance in the child's life.<\/li>\n<\/ul>\n<ul>\n<li>We design our classroom activities taking into account each child's personality type, multiple intelligence profile and learning style.<\/li>\n<\/ul>\n<ul>\n<li>We use effective language teaching books, resources and materials that are internationally recognized for their pedagogical and linguistic quality.<\/li>\n<\/ul>\t\t\t\t\t\t\t\t<\/div>\n\t\t\t\t<\/div>\n\t\t\t\t<div class=\"elementor-element elementor-element-f1c274a elementor-widget elementor-widget-text-editor\" data-id=\"f1c274a\" data-element_type=\"widget\" data-widget_type=\"text-editor.default\">\n\t\t\t\t<div class=\"elementor-widget-container\">\n\t\t\t\t\t\t\t\t\t<p><strong>CIC at Primary School Level<\/strong><strong> CIC<\/strong><\/p><p>Learning a foreign language at school that is not part of everyday life is a bit like growing an olive tree. From kindergarten onwards, our children receive dozens of hours of English language instruction, and as parents, we often worry that we may not see the tangible rewards of all this effort and labor in the early years.<\/p><p class=\"translation-block\">Primary school is a time when our children are cognitively and emotionally <em>fragile seedlings.<\/em> \nAs you know, \"The tree is young,\" and all the investments made during this period will ensure that our child will grow and flourish like a well-established tree when the time is right.<\/p><p>Foreign language education throughout primary school at Beysukent Schools is based on this philosophy. Our children receive a total of 1,944 hours of face-to-face English lessons over the course of four years and, excluding intersessions and summer vacations, a total of 250 hours of out- of-class reading and language activities during the academic year alone.<\/p><p>By completing the A2+ level of the language qualifications set by the European Commission, they can demonstrate their communicative language skills as the following concrete competences:<\/p><p>Our students who complete primary school:<\/p><ul><li>Can understand frequently used idioms and expressions in daily life contexts, both orally and in writing;<\/li><li>Can develop oral and written discourse in one-to-one information sharing and basic communicative tasks;<\/li><li>Describe themselves and their environment in simple discourse in the face of sudden and unexpected contextual requirements.<\/li><\/ul><p class=\"translation-block\">In addition to these core outcomes, there are other, complementary competencies that we offer to students in Beysukent Schools' corporate approach to English language teaching and that we find <em>vital<\/em> as individual outcomes. These are:<\/p><ul><li>Our students develop self-efficacy and confidence in learning English. We call this \"English as a Symbol of Success\"; we strive to generalize the sense of success that our children develop while learning English to all areas of their lives and to become productive individuals who are peaceful and proactive in their behavior towards their environment and society.<\/li><\/ul><ul><li>Beysukent Schools takes and implements all scientific measures to ensure that no child develops language anxiety and carefully monitors the outcomes of these practices. This is an issue that we pay close attention to. We take all scientific measures to ensure that none of our students live with foreign language anxiety at any stage of their lives.<\/li><\/ul><ul><li>Beysukent English Language Education Coordinatorship enables each student to discover his\/her individual learning rationale in the process of learning English. It turns language learning into an enjoyable part of the student's natural life.<\/li><\/ul>\t\t\t\t\t\t\t\t<\/div>\n\t\t\t\t<\/div>\n\t\t\t\t<\/div>\n\t\t\t\t\t<\/div>\n\t\t\t\t<\/div>\n\t\t\t\t<\/div>","protected":false},"excerpt":{"rendered":"<p>Anaokulu Seviyesinde CIC \u00a0 D\u00f6rt, be\u015f ve alt\u0131 ya\u015flar\u0131 kapsayan Beysukent anaokullar\u0131nda ilk iki sene \u00fc\u00e7 y\u00fcz altm\u0131\u015f, alt\u0131nc\u0131 ya\u015f gruplar\u0131nda ise be\u015f y\u00fcz k\u0131rk saatlik bir \u0130ngilizce program\u0131n\u0131, okul \u00f6ncesinde dil \u00f6\u011fretimi konusunda uzman \u00f6\u011fretmenlerimiz, koordinat\u00f6rlerimiz ve akademik dan\u0131\u015fmanlar\u0131m\u0131zla birlikte y\u00fcr\u00fct\u00fcyoruz. \u0130ngiliz diline k\u00fc\u00e7\u00fck ya\u015ftan itibaren maruz kalman\u0131n \u00f6nemi, uygulamal\u0131 dilbilim alan yaz\u0131n\u0131nda belirtilmektedir. [&hellip;]<\/p>","protected":false},"author":2,"featured_media":0,"parent":0,"menu_order":0,"comment_status":"closed","ping_status":"closed","template":"elementor_header_footer","meta":{"_eb_attr":"","footnotes":""},"class_list":["post-6378","page","type-page","status-publish","hentry"],"aioseo_notices":[],"_links":{"self":[{"href":"https:\/\/www.beysukentkoleji.k12.tr\/en\/wp-json\/wp\/v2\/pages\/6378","targetHints":{"allow":["GET"]}}],"collection":[{"href":"https:\/\/www.beysukentkoleji.k12.tr\/en\/wp-json\/wp\/v2\/pages"}],"about":[{"href":"https:\/\/www.beysukentkoleji.k12.tr\/en\/wp-json\/wp\/v2\/types\/page"}],"author":[{"embeddable":true,"href":"https:\/\/www.beysukentkoleji.k12.tr\/en\/wp-json\/wp\/v2\/users\/2"}],"replies":[{"embeddable":true,"href":"https:\/\/www.beysukentkoleji.k12.tr\/en\/wp-json\/wp\/v2\/comments?post=6378"}],"version-history":[{"count":25,"href":"https:\/\/www.beysukentkoleji.k12.tr\/en\/wp-json\/wp\/v2\/pages\/6378\/revisions"}],"predecessor-version":[{"id":6550,"href":"https:\/\/www.beysukentkoleji.k12.tr\/en\/wp-json\/wp\/v2\/pages\/6378\/revisions\/6550"}],"wp:attachment":[{"href":"https:\/\/www.beysukentkoleji.k12.tr\/en\/wp-json\/wp\/v2\/media?parent=6378"}],"curies":[{"name":"wp","href":"https:\/\/api.w.org\/{rel}","templated":true}]}}