{"id":6375,"date":"2025-03-10T11:17:28","date_gmt":"2025-03-10T11:17:28","guid":{"rendered":"https:\/\/www.beysukentkoleji.k12.tr\/?page_id=6375"},"modified":"2025-03-23T14:10:38","modified_gmt":"2025-03-23T14:10:38","slug":"basariyi-tesadufe-veya-tercihe-birakmiyoruz","status":"publish","type":"page","link":"https:\/\/www.beysukentkoleji.k12.tr\/en\/basariyi-tesadufe-veya-tercihe-birakmiyoruz\/","title":{"rendered":"We Do Not Leave Success to Chance or Choice"},"content":{"rendered":"<div data-elementor-type=\"wp-page\" data-elementor-id=\"6375\" class=\"elementor elementor-6375\" data-elementor-post-type=\"page\">\n\t\t\t\t<div class=\"elementor-element elementor-element-8f8dc07 e-flex e-con-boxed e-con e-parent\" data-id=\"8f8dc07\" data-element_type=\"container\">\n\t\t\t\t\t<div class=\"e-con-inner\">\n\t\t<div class=\"elementor-element elementor-element-fe285a2 e-con-full e-flex e-con e-child\" data-id=\"fe285a2\" data-element_type=\"container\">\n\t\t\t\t<div class=\"elementor-element elementor-element-a127480 elementor-widget elementor-widget-shortcode\" data-id=\"a127480\" data-element_type=\"widget\" data-widget_type=\"shortcode.default\">\n\t\t\t\t<div class=\"elementor-widget-container\">\n\t\t\t\t\t\t\t<div class=\"elementor-shortcode\">\t\t<div data-elementor-type=\"container\" data-elementor-id=\"6523\" class=\"elementor elementor-6523\" data-elementor-post-type=\"elementor_library\">\n\t\t\t\t<div class=\"elementor-element elementor-element-c100981 e-con-full e-flex e-con e-child\" data-id=\"c100981\" data-element_type=\"container\">\n\t\t<div class=\"elementor-element elementor-element-b814ac8 e-con-full e-flex e-con e-child\" data-id=\"b814ac8\" data-element_type=\"container\">\n\t\t\t\t<div class=\"elementor-element elementor-element-9458a7d elementor-widget elementor-widget-image\" data-id=\"9458a7d\" data-element_type=\"widget\" data-widget_type=\"image.default\">\n\t\t\t\t<div class=\"elementor-widget-container\">\n\t\t\t\t\t\t\t\t\t\t\t\t\t\t\t<img fetchpriority=\"high\" decoding=\"async\" width=\"566\" height=\"566\" src=\"https:\/\/www.beysukentkoleji.k12.tr\/wp-content\/uploads\/2024\/04\/hakkimizda.png\" class=\"attachment-large size-large wp-image-4756\" alt=\"\" srcset=\"https:\/\/www.beysukentkoleji.k12.tr\/wp-content\/uploads\/2024\/04\/hakkimizda.png 566w, https:\/\/www.beysukentkoleji.k12.tr\/wp-content\/uploads\/2024\/04\/hakkimizda-300x300.png 300w, https:\/\/www.beysukentkoleji.k12.tr\/wp-content\/uploads\/2024\/04\/hakkimizda-150x150.png 150w, https:\/\/www.beysukentkoleji.k12.tr\/wp-content\/uploads\/2024\/04\/hakkimizda-12x12.png 12w\" sizes=\"(max-width: 566px) 100vw, 566px\" \/>\t\t\t\t\t\t\t\t\t\t\t\t\t\t\t<\/div>\n\t\t\t\t<\/div>\n\t\t\t\t<div class=\"elementor-element elementor-element-c1860fd elementor-widget elementor-widget-eael-creative-button\" data-id=\"c1860fd\" data-element_type=\"widget\" data-widget_type=\"eael-creative-button.default\">\n\t\t\t\t<div class=\"elementor-widget-container\">\n\t\t\t\t\t        <div class=\"eael-creative-button-wrapper\">\n\n            <a class=\"eael-creative-button eael-creative-button--default\" href=\"https:\/\/www.beysukentkoleji.k12.tr\/en\/cic-dil-ogretim-yaklasimi\/\" data-text=\"\">\n\n\t    \n                <div class=\"creative-button-inner\">\n\n                    \n                    <span class=\"cretive-button-text\">Curriculum for International Communication CIC<\/span>\n\n                                    <\/div>\n\t                        <\/a>\n        <\/div>\n        \t\t\t\t<\/div>\n\t\t\t\t<\/div>\n\t\t\t\t<div class=\"elementor-element elementor-element-b33689c elementor-widget elementor-widget-eael-creative-button\" data-id=\"b33689c\" data-element_type=\"widget\" data-widget_type=\"eael-creative-button.default\">\n\t\t\t\t<div class=\"elementor-widget-container\">\n\t\t\t\t\t        <div class=\"eael-creative-button-wrapper\">\n\n            <a class=\"eael-creative-button eael-creative-button--default\" href=\"https:\/\/www.beysukentkoleji.k12.tr\/en\/bir-yabanci-dili-iyi-bilmek-ne-demektir\/\" data-text=\"\">\n\n\t    \n                <div class=\"creative-button-inner\">\n\n                    \n                    <span class=\"cretive-button-text\">What does it mean to \"know a foreign language well\"?<\/span>\n\n                                    <\/div>\n\t                        <\/a>\n        <\/div>\n        \t\t\t\t<\/div>\n\t\t\t\t<\/div>\n\t\t\t\t<div class=\"elementor-element elementor-element-ca65af7 elementor-widget elementor-widget-eael-creative-button\" data-id=\"ca65af7\" data-element_type=\"widget\" data-widget_type=\"eael-creative-button.default\">\n\t\t\t\t<div class=\"elementor-widget-container\">\n\t\t\t\t\t        <div class=\"eael-creative-button-wrapper\">\n\n            <a class=\"eael-creative-button eael-creative-button--default\" href=\"https:\/\/www.beysukentkoleji.k12.tr\/en\/basariyi-tesadufe-veya-tercihe-birakmiyoruz\/\" data-text=\"\">\n\n\t    \n                <div class=\"creative-button-inner\">\n\n                    \n                    <span class=\"cretive-button-text\">We Do Not Leave Success to Chance or Choice<\/span>\n\n                                    <\/div>\n\t                        <\/a>\n        <\/div>\n        \t\t\t\t<\/div>\n\t\t\t\t<\/div>\n\t\t\t\t<div class=\"elementor-element elementor-element-f077bd1 elementor-widget elementor-widget-eael-creative-button\" data-id=\"f077bd1\" data-element_type=\"widget\" data-widget_type=\"eael-creative-button.default\">\n\t\t\t\t<div class=\"elementor-widget-container\">\n\t\t\t\t\t        <div class=\"eael-creative-button-wrapper\">\n\n            <a class=\"eael-creative-button eael-creative-button--default\" href=\"https:\/\/www.beysukentkoleji.k12.tr\/en\/anaokulu-ve-ilkokul-icin-program-hedefleri\/\" data-text=\"\">\n\n\t    \n                <div class=\"creative-button-inner\">\n\n                    \n                    <span class=\"cretive-button-text\">Program Goals for Kindergarten and Primary School<\/span>\n\n                                    <\/div>\n\t                        <\/a>\n        <\/div>\n        \t\t\t\t<\/div>\n\t\t\t\t<\/div>\n\t\t\t\t<div class=\"elementor-element elementor-element-0c42da6 elementor-widget elementor-widget-eael-creative-button\" data-id=\"0c42da6\" data-element_type=\"widget\" data-widget_type=\"eael-creative-button.default\">\n\t\t\t\t<div class=\"elementor-widget-container\">\n\t\t\t\t\t        <div class=\"eael-creative-button-wrapper\">\n\n            <a class=\"eael-creative-button eael-creative-button--default\" href=\"https:\/\/www.beysukentkoleji.k12.tr\/en\/ortaokul-icin-program-hedefleri\/\" data-text=\"\">\n\n\t    \n                <div class=\"creative-button-inner\">\n\n                    \n                    <span class=\"cretive-button-text\">Program Goals for Middle School<\/span>\n\n                                    <\/div>\n\t                        <\/a>\n        <\/div>\n        \t\t\t\t<\/div>\n\t\t\t\t<\/div>\n\t\t\t\t<div class=\"elementor-element elementor-element-0066a9f elementor-widget elementor-widget-eael-creative-button\" data-id=\"0066a9f\" data-element_type=\"widget\" data-widget_type=\"eael-creative-button.default\">\n\t\t\t\t<div class=\"elementor-widget-container\">\n\t\t\t\t\t        <div class=\"eael-creative-button-wrapper\">\n\n            <a class=\"eael-creative-button eael-creative-button--default\" href=\"https:\/\/www.beysukentkoleji.k12.tr\/en\/anaokulu-seviyesinde-cic\/\" data-text=\"\">\n\n\t    \n                <div class=\"creative-button-inner\">\n\n                    \n                    <span class=\"cretive-button-text\">CIC at Kindergarten Level<\/span>\n\n                                    <\/div>\n\t                        <\/a>\n        <\/div>\n        \t\t\t\t<\/div>\n\t\t\t\t<\/div>\n\t\t\t\t<div class=\"elementor-element elementor-element-46cd249 elementor-widget elementor-widget-eael-creative-button\" data-id=\"46cd249\" data-element_type=\"widget\" data-widget_type=\"eael-creative-button.default\">\n\t\t\t\t<div class=\"elementor-widget-container\">\n\t\t\t\t\t        <div class=\"eael-creative-button-wrapper\">\n\n            <a class=\"eael-creative-button eael-creative-button--default\" href=\"https:\/\/www.beysukentkoleji.k12.tr\/en\/ortaokul-seviyesinde-cic\/\" data-text=\"\">\n\n\t    \n                <div class=\"creative-button-inner\">\n\n                    \n                    <span class=\"cretive-button-text\">CIC at Secondary School Level<\/span>\n\n                                    <\/div>\n\t                        <\/a>\n        <\/div>\n        \t\t\t\t<\/div>\n\t\t\t\t<\/div>\n\t\t\t\t<div class=\"elementor-element elementor-element-ff5fe17 elementor-widget elementor-widget-eael-creative-button\" data-id=\"ff5fe17\" data-element_type=\"widget\" data-widget_type=\"eael-creative-button.default\">\n\t\t\t\t<div class=\"elementor-widget-container\">\n\t\t\t\t\t        <div class=\"eael-creative-button-wrapper\">\n\n            <a class=\"eael-creative-button eael-creative-button--default\" href=\"https:\/\/www.beysukentkoleji.k12.tr\/en\/ogrenme-biyosferimizi-olusturan-ogeler\/\" data-text=\"\">\n\n\t    \n                <div class=\"creative-button-inner\">\n\n                    \n                    <span class=\"cretive-button-text\">Elements that make up our Learning Biosphere<\/span>\n\n                                    <\/div>\n\t                        <\/a>\n        <\/div>\n        \t\t\t\t<\/div>\n\t\t\t\t<\/div>\n\t\t\t\t<div class=\"elementor-element elementor-element-16523f5 elementor-widget elementor-widget-eael-creative-button\" data-id=\"16523f5\" data-element_type=\"widget\" data-widget_type=\"eael-creative-button.default\">\n\t\t\t\t<div class=\"elementor-widget-container\">\n\t\t\t\t\t        <div class=\"eael-creative-button-wrapper\">\n\n            <a class=\"eael-creative-button eael-creative-button--default\" href=\"https:\/\/www.beysukentkoleji.k12.tr\/en\/velilerimiz-ve-cic\/\" data-text=\"\">\n\n\t    \n                <div class=\"creative-button-inner\">\n\n                    \n                    <span class=\"cretive-button-text\">Parents and CIC<\/span>\n\n                                    <\/div>\n\t                        <\/a>\n        <\/div>\n        \t\t\t\t<\/div>\n\t\t\t\t<\/div>\n\t\t\t\t<\/div>\n\t\t\t\t<\/div>\n\t\t\t\t<\/div>\n\t\t<\/div>\n\t\t\t\t\t\t<\/div>\n\t\t\t\t<\/div>\n\t\t\t\t<\/div>\n\t\t<div class=\"elementor-element elementor-element-d11c858 e-con-full e-flex e-con e-child\" data-id=\"d11c858\" data-element_type=\"container\">\n\t\t\t\t<div class=\"elementor-element elementor-element-c256c47 elementor-widget elementor-widget-text-editor\" data-id=\"c256c47\" data-element_type=\"widget\" data-widget_type=\"text-editor.default\">\n\t\t\t\t<div class=\"elementor-widget-container\">\n\t\t\t\t\t\t\t\t\t<h4>We Do Not Leave Success to Chance or Choice<\/h4><hr \/><p style=\"text-align: center;\">\u00a0<\/p>\t\t\t\t\t\t\t\t<\/div>\n\t\t\t\t<\/div>\n\t\t\t\t<div class=\"elementor-element elementor-element-f3e210f elementor-widget elementor-widget-text-editor\" data-id=\"f3e210f\" data-element_type=\"widget\" data-widget_type=\"text-editor.default\">\n\t\t\t\t<div class=\"elementor-widget-container\">\n\t\t\t\t\t\t\t\t\t<p>There are three pillars of effective foreign language learning: Students who know why they are learning English, competent and well-equipped teachers, and an effective learning ecology. We have built a productive learning ecology with our experienced English teachers, quality learning materials and resources that are used all over the world, state-of-the-art learning tools and learning environments that match the developmental characteristics of our students.<\/p>\t\t\t\t\t\t\t\t<\/div>\n\t\t\t\t<\/div>\n\t\t\t\t<div class=\"elementor-element elementor-element-2f5e74d elementor-widget elementor-widget-image\" data-id=\"2f5e74d\" data-element_type=\"widget\" data-widget_type=\"image.default\">\n\t\t\t\t<div class=\"elementor-widget-container\">\n\t\t\t\t\t\t\t\t\t\t\t\t\t\t\t<img decoding=\"async\" width=\"1024\" height=\"683\" src=\"https:\/\/www.beysukentkoleji.k12.tr\/wp-content\/uploads\/2025\/03\/medium-shot-smiley-girl-wearing-earphones-1024x683.jpg\" class=\"attachment-large size-large wp-image-6405\" alt=\"\" srcset=\"https:\/\/www.beysukentkoleji.k12.tr\/wp-content\/uploads\/2025\/03\/medium-shot-smiley-girl-wearing-earphones-1024x683.jpg 1024w, https:\/\/www.beysukentkoleji.k12.tr\/wp-content\/uploads\/2025\/03\/medium-shot-smiley-girl-wearing-earphones-300x200.jpg 300w, https:\/\/www.beysukentkoleji.k12.tr\/wp-content\/uploads\/2025\/03\/medium-shot-smiley-girl-wearing-earphones-768x512.jpg 768w, https:\/\/www.beysukentkoleji.k12.tr\/wp-content\/uploads\/2025\/03\/medium-shot-smiley-girl-wearing-earphones-1536x1024.jpg 1536w, https:\/\/www.beysukentkoleji.k12.tr\/wp-content\/uploads\/2025\/03\/medium-shot-smiley-girl-wearing-earphones-2048x1365.jpg 2048w, https:\/\/www.beysukentkoleji.k12.tr\/wp-content\/uploads\/2025\/03\/medium-shot-smiley-girl-wearing-earphones-18x12.jpg 18w, https:\/\/www.beysukentkoleji.k12.tr\/wp-content\/uploads\/2025\/03\/medium-shot-smiley-girl-wearing-earphones-600x400.jpg 600w\" sizes=\"(max-width: 1024px) 100vw, 1024px\" \/>\t\t\t\t\t\t\t\t\t\t\t\t\t\t\t<\/div>\n\t\t\t\t<\/div>\n\t\t\t\t<div class=\"elementor-element elementor-element-e4e78c5 elementor-widget elementor-widget-text-editor\" data-id=\"e4e78c5\" data-element_type=\"widget\" data-widget_type=\"text-editor.default\">\n\t\t\t\t<div class=\"elementor-widget-container\">\n\t\t\t\t\t\t\t\t\t<p class=\"translation-block\">This is how CIC touches the lives of our students in practice:<\/p><ul><li>We act in the light of the basic theories of second language acquisition at every level of language education; in teaching, material selection, assessment and evaluation.<\/li><\/ul><ul><li class=\"translation-block\">We raise bilingual and bicultural individuals by blending teaching methods and techniques that are scientifically recognized as <em>good practice.<\/em><\/li><\/ul><ul><li>We do not see English language learning as lecturing in the classroom; we extend the context of language learning from the classroom to the learner's social life by supporting autonomous learning with both traditional and online resources and Web tools.<\/li><\/ul><ul><li>In addition to school hours, we also shape our students' out-of-school activities: Through homework, projects and portfolio work, we enable our students to discover their individual learning styles.<\/li><\/ul><ul><li>We certify the English proficiency of our students in a concrete and valid way with international language exams (TOEFL Exams).<\/li><\/ul><ul><li>We provide support classes for students who join us later. We constantly monitor each student's success progress, provide individual feedback and strive to ensure that no student is left behind.<\/li><\/ul><ul><li>We carefully monitor not only those who fall behind, but also those who excel: We plan the educational life of our students with high English proficiency by providing feedback in teacher-parent meetings.<\/li><\/ul><ul><li>In addition to the written exams conducted within the English course, we constantly measure our institutional efficiency and make the right educational moves at the right time with the common communicative language exams conducted in all Beysukent Schools.<\/li><\/ul><ul><li>As the English Language Coordinator, we constantly renew ourselves by organizing professional development activities.<\/li><\/ul><p>\u00a0 \u00a0 Beysukent Schools offer an average of 570 hours of English lessons per year, and a total of 6,084 hours of English is taught from kindergarten to senior high school. We believe that it is inevitable for our students who complete this program to be able to use English effectively in higher education and business life.<\/p>\t\t\t\t\t\t\t\t<\/div>\n\t\t\t\t<\/div>\n\t\t\t\t<\/div>\n\t\t\t\t\t<\/div>\n\t\t\t\t<\/div>\n\t\t\t\t<\/div>","protected":false},"excerpt":{"rendered":"<p>Ba\u015far\u0131y\u0131 Tesad\u00fcfe veya Tercihe B\u0131rakm\u0131yoruz \u00a0 Etkin yabanc\u0131 dil \u00f6\u011freniminin \u00fc\u00e7 temel s\u00fctunu vard\u0131r: Neden \u0130ngilizce \u00f6\u011frendi\u011fini bilen \u00f6\u011frenciler, yetkin ve donan\u0131ml\u0131 \u00f6\u011fretmenler ve verimli bir \u00f6\u011frenme ekolojisi. Deneyimli \u0130ngilizce \u00f6\u011fretmenlerimizle, t\u00fcm d\u00fcnyada kullan\u0131lmakta olan kaliteli \u00f6\u011frenme materyallerimiz ve kaynaklar\u0131m\u0131zla, son teknoloji \u00f6\u011frenme ara\u00e7lar\u0131m\u0131zla ve \u00f6\u011frencilerimizin geli\u015fimsel \u00f6zelliklerine uygun \u00f6\u011frenme ortamlar\u0131m\u0131zla verimli bir \u00f6\u011frenme ekolojisi [&hellip;]<\/p>","protected":false},"author":2,"featured_media":0,"parent":0,"menu_order":0,"comment_status":"closed","ping_status":"closed","template":"elementor_header_footer","meta":{"_eb_attr":"","footnotes":""},"class_list":["post-6375","page","type-page","status-publish","hentry"],"aioseo_notices":[],"_links":{"self":[{"href":"https:\/\/www.beysukentkoleji.k12.tr\/en\/wp-json\/wp\/v2\/pages\/6375","targetHints":{"allow":["GET"]}}],"collection":[{"href":"https:\/\/www.beysukentkoleji.k12.tr\/en\/wp-json\/wp\/v2\/pages"}],"about":[{"href":"https:\/\/www.beysukentkoleji.k12.tr\/en\/wp-json\/wp\/v2\/types\/page"}],"author":[{"embeddable":true,"href":"https:\/\/www.beysukentkoleji.k12.tr\/en\/wp-json\/wp\/v2\/users\/2"}],"replies":[{"embeddable":true,"href":"https:\/\/www.beysukentkoleji.k12.tr\/en\/wp-json\/wp\/v2\/comments?post=6375"}],"version-history":[{"count":19,"href":"https:\/\/www.beysukentkoleji.k12.tr\/en\/wp-json\/wp\/v2\/pages\/6375\/revisions"}],"predecessor-version":[{"id":6541,"href":"https:\/\/www.beysukentkoleji.k12.tr\/en\/wp-json\/wp\/v2\/pages\/6375\/revisions\/6541"}],"wp:attachment":[{"href":"https:\/\/www.beysukentkoleji.k12.tr\/en\/wp-json\/wp\/v2\/media?parent=6375"}],"curies":[{"name":"wp","href":"https:\/\/api.w.org\/{rel}","templated":true}]}}