{"id":6362,"date":"2025-03-10T08:45:55","date_gmt":"2025-03-10T08:45:55","guid":{"rendered":"https:\/\/www.beysukentkoleji.k12.tr\/?page_id=6362"},"modified":"2025-03-23T13:55:21","modified_gmt":"2025-03-23T13:55:21","slug":"cic-dil-ogretim-yaklasimi","status":"publish","type":"page","link":"https:\/\/www.beysukentkoleji.k12.tr\/en\/cic-dil-ogretim-yaklasimi\/","title":{"rendered":"CIC Language Teaching Approach"},"content":{"rendered":"<div data-elementor-type=\"wp-page\" data-elementor-id=\"6362\" class=\"elementor elementor-6362\" data-elementor-post-type=\"page\">\n\t\t\t\t<div class=\"elementor-element elementor-element-8f8dc07 e-flex e-con-boxed e-con e-parent\" data-id=\"8f8dc07\" data-element_type=\"container\">\n\t\t\t\t\t<div class=\"e-con-inner\">\n\t\t<div class=\"elementor-element elementor-element-fe285a2 e-con-full e-flex e-con e-child\" data-id=\"fe285a2\" data-element_type=\"container\">\n\t\t\t\t<div class=\"elementor-element elementor-element-e8d37f4 elementor-widget elementor-widget-shortcode\" data-id=\"e8d37f4\" data-element_type=\"widget\" data-widget_type=\"shortcode.default\">\n\t\t\t\t<div class=\"elementor-widget-container\">\n\t\t\t\t\t\t\t<div class=\"elementor-shortcode\">\t\t<div data-elementor-type=\"container\" data-elementor-id=\"6523\" class=\"elementor elementor-6523\" data-elementor-post-type=\"elementor_library\">\n\t\t\t\t<div class=\"elementor-element elementor-element-c100981 e-con-full e-flex e-con e-child\" data-id=\"c100981\" data-element_type=\"container\">\n\t\t<div class=\"elementor-element elementor-element-b814ac8 e-con-full e-flex e-con e-child\" data-id=\"b814ac8\" data-element_type=\"container\">\n\t\t\t\t<div class=\"elementor-element elementor-element-9458a7d elementor-widget elementor-widget-image\" data-id=\"9458a7d\" data-element_type=\"widget\" data-widget_type=\"image.default\">\n\t\t\t\t<div class=\"elementor-widget-container\">\n\t\t\t\t\t\t\t\t\t\t\t\t\t\t\t<img fetchpriority=\"high\" decoding=\"async\" width=\"566\" height=\"566\" src=\"https:\/\/www.beysukentkoleji.k12.tr\/wp-content\/uploads\/2024\/04\/hakkimizda.png\" class=\"attachment-large size-large wp-image-4756\" alt=\"\" srcset=\"https:\/\/www.beysukentkoleji.k12.tr\/wp-content\/uploads\/2024\/04\/hakkimizda.png 566w, https:\/\/www.beysukentkoleji.k12.tr\/wp-content\/uploads\/2024\/04\/hakkimizda-300x300.png 300w, https:\/\/www.beysukentkoleji.k12.tr\/wp-content\/uploads\/2024\/04\/hakkimizda-150x150.png 150w, https:\/\/www.beysukentkoleji.k12.tr\/wp-content\/uploads\/2024\/04\/hakkimizda-12x12.png 12w\" sizes=\"(max-width: 566px) 100vw, 566px\" \/>\t\t\t\t\t\t\t\t\t\t\t\t\t\t\t<\/div>\n\t\t\t\t<\/div>\n\t\t\t\t<div class=\"elementor-element elementor-element-c1860fd elementor-widget elementor-widget-eael-creative-button\" data-id=\"c1860fd\" data-element_type=\"widget\" data-widget_type=\"eael-creative-button.default\">\n\t\t\t\t<div class=\"elementor-widget-container\">\n\t\t\t\t\t        <div class=\"eael-creative-button-wrapper\">\n\n            <a class=\"eael-creative-button eael-creative-button--default\" href=\"https:\/\/www.beysukentkoleji.k12.tr\/en\/cic-dil-ogretim-yaklasimi\/\" data-text=\"\">\n\n\t    \n                <div class=\"creative-button-inner\">\n\n                    \n                    <span class=\"cretive-button-text\">Curriculum for International Communication CIC<\/span>\n\n                                    <\/div>\n\t                        <\/a>\n        <\/div>\n        \t\t\t\t<\/div>\n\t\t\t\t<\/div>\n\t\t\t\t<div class=\"elementor-element elementor-element-b33689c elementor-widget elementor-widget-eael-creative-button\" data-id=\"b33689c\" data-element_type=\"widget\" data-widget_type=\"eael-creative-button.default\">\n\t\t\t\t<div class=\"elementor-widget-container\">\n\t\t\t\t\t        <div class=\"eael-creative-button-wrapper\">\n\n            <a class=\"eael-creative-button eael-creative-button--default\" href=\"https:\/\/www.beysukentkoleji.k12.tr\/en\/bir-yabanci-dili-iyi-bilmek-ne-demektir\/\" data-text=\"\">\n\n\t    \n                <div class=\"creative-button-inner\">\n\n                    \n                    <span class=\"cretive-button-text\">What does it mean to \"know a foreign language well\"?<\/span>\n\n                                    <\/div>\n\t                        <\/a>\n        <\/div>\n        \t\t\t\t<\/div>\n\t\t\t\t<\/div>\n\t\t\t\t<div class=\"elementor-element elementor-element-ca65af7 elementor-widget elementor-widget-eael-creative-button\" data-id=\"ca65af7\" data-element_type=\"widget\" data-widget_type=\"eael-creative-button.default\">\n\t\t\t\t<div class=\"elementor-widget-container\">\n\t\t\t\t\t        <div class=\"eael-creative-button-wrapper\">\n\n            <a class=\"eael-creative-button eael-creative-button--default\" href=\"https:\/\/www.beysukentkoleji.k12.tr\/en\/basariyi-tesadufe-veya-tercihe-birakmiyoruz\/\" data-text=\"\">\n\n\t    \n                <div class=\"creative-button-inner\">\n\n                    \n                    <span class=\"cretive-button-text\">We Do Not Leave Success to Chance or Choice<\/span>\n\n                                    <\/div>\n\t                        <\/a>\n        <\/div>\n        \t\t\t\t<\/div>\n\t\t\t\t<\/div>\n\t\t\t\t<div class=\"elementor-element elementor-element-f077bd1 elementor-widget elementor-widget-eael-creative-button\" data-id=\"f077bd1\" data-element_type=\"widget\" data-widget_type=\"eael-creative-button.default\">\n\t\t\t\t<div class=\"elementor-widget-container\">\n\t\t\t\t\t        <div class=\"eael-creative-button-wrapper\">\n\n            <a class=\"eael-creative-button eael-creative-button--default\" href=\"https:\/\/www.beysukentkoleji.k12.tr\/en\/anaokulu-ve-ilkokul-icin-program-hedefleri\/\" data-text=\"\">\n\n\t    \n                <div class=\"creative-button-inner\">\n\n                    \n                    <span class=\"cretive-button-text\">Program Goals for Kindergarten and Primary School<\/span>\n\n                                    <\/div>\n\t                        <\/a>\n        <\/div>\n        \t\t\t\t<\/div>\n\t\t\t\t<\/div>\n\t\t\t\t<div class=\"elementor-element elementor-element-0c42da6 elementor-widget elementor-widget-eael-creative-button\" data-id=\"0c42da6\" data-element_type=\"widget\" data-widget_type=\"eael-creative-button.default\">\n\t\t\t\t<div class=\"elementor-widget-container\">\n\t\t\t\t\t        <div class=\"eael-creative-button-wrapper\">\n\n            <a class=\"eael-creative-button eael-creative-button--default\" href=\"https:\/\/www.beysukentkoleji.k12.tr\/en\/ortaokul-icin-program-hedefleri\/\" data-text=\"\">\n\n\t    \n                <div class=\"creative-button-inner\">\n\n                    \n                    <span class=\"cretive-button-text\">Program Goals for Middle School<\/span>\n\n                                    <\/div>\n\t                        <\/a>\n        <\/div>\n        \t\t\t\t<\/div>\n\t\t\t\t<\/div>\n\t\t\t\t<div class=\"elementor-element elementor-element-0066a9f elementor-widget elementor-widget-eael-creative-button\" data-id=\"0066a9f\" data-element_type=\"widget\" data-widget_type=\"eael-creative-button.default\">\n\t\t\t\t<div class=\"elementor-widget-container\">\n\t\t\t\t\t        <div class=\"eael-creative-button-wrapper\">\n\n            <a class=\"eael-creative-button eael-creative-button--default\" href=\"https:\/\/www.beysukentkoleji.k12.tr\/en\/anaokulu-seviyesinde-cic\/\" data-text=\"\">\n\n\t    \n                <div class=\"creative-button-inner\">\n\n                    \n                    <span class=\"cretive-button-text\">CIC at Kindergarten Level<\/span>\n\n                                    <\/div>\n\t                        <\/a>\n        <\/div>\n        \t\t\t\t<\/div>\n\t\t\t\t<\/div>\n\t\t\t\t<div class=\"elementor-element elementor-element-46cd249 elementor-widget elementor-widget-eael-creative-button\" data-id=\"46cd249\" data-element_type=\"widget\" data-widget_type=\"eael-creative-button.default\">\n\t\t\t\t<div class=\"elementor-widget-container\">\n\t\t\t\t\t        <div class=\"eael-creative-button-wrapper\">\n\n            <a class=\"eael-creative-button eael-creative-button--default\" href=\"https:\/\/www.beysukentkoleji.k12.tr\/en\/ortaokul-seviyesinde-cic\/\" data-text=\"\">\n\n\t    \n                <div class=\"creative-button-inner\">\n\n                    \n                    <span class=\"cretive-button-text\">CIC at Secondary School Level<\/span>\n\n                                    <\/div>\n\t                        <\/a>\n        <\/div>\n        \t\t\t\t<\/div>\n\t\t\t\t<\/div>\n\t\t\t\t<div class=\"elementor-element elementor-element-ff5fe17 elementor-widget elementor-widget-eael-creative-button\" data-id=\"ff5fe17\" data-element_type=\"widget\" data-widget_type=\"eael-creative-button.default\">\n\t\t\t\t<div class=\"elementor-widget-container\">\n\t\t\t\t\t        <div class=\"eael-creative-button-wrapper\">\n\n            <a class=\"eael-creative-button eael-creative-button--default\" href=\"https:\/\/www.beysukentkoleji.k12.tr\/en\/ogrenme-biyosferimizi-olusturan-ogeler\/\" data-text=\"\">\n\n\t    \n                <div class=\"creative-button-inner\">\n\n                    \n                    <span class=\"cretive-button-text\">Elements that make up our Learning Biosphere<\/span>\n\n                                    <\/div>\n\t                        <\/a>\n        <\/div>\n        \t\t\t\t<\/div>\n\t\t\t\t<\/div>\n\t\t\t\t<div class=\"elementor-element elementor-element-16523f5 elementor-widget elementor-widget-eael-creative-button\" data-id=\"16523f5\" data-element_type=\"widget\" data-widget_type=\"eael-creative-button.default\">\n\t\t\t\t<div class=\"elementor-widget-container\">\n\t\t\t\t\t        <div class=\"eael-creative-button-wrapper\">\n\n            <a class=\"eael-creative-button eael-creative-button--default\" href=\"https:\/\/www.beysukentkoleji.k12.tr\/en\/velilerimiz-ve-cic\/\" data-text=\"\">\n\n\t    \n                <div class=\"creative-button-inner\">\n\n                    \n                    <span class=\"cretive-button-text\">Parents and CIC<\/span>\n\n                                    <\/div>\n\t                        <\/a>\n        <\/div>\n        \t\t\t\t<\/div>\n\t\t\t\t<\/div>\n\t\t\t\t<\/div>\n\t\t\t\t<\/div>\n\t\t\t\t<\/div>\n\t\t<\/div>\n\t\t\t\t\t\t<\/div>\n\t\t\t\t<\/div>\n\t\t\t\t<\/div>\n\t\t<div class=\"elementor-element elementor-element-d11c858 e-con-full e-flex e-con e-child\" data-id=\"d11c858\" data-element_type=\"container\">\n\t\t\t\t<div class=\"elementor-element elementor-element-498eebe elementor-widget elementor-widget-text-editor\" data-id=\"498eebe\" data-element_type=\"widget\" data-widget_type=\"text-editor.default\">\n\t\t\t\t<div class=\"elementor-widget-container\">\n\t\t\t\t\t\t\t\t\t<h3><strong>BEYSUKENT SCHOOLS<\/strong><\/h3>\t\t\t\t\t\t\t\t<\/div>\n\t\t\t\t<\/div>\n\t\t\t\t<div class=\"elementor-element elementor-element-c256c47 elementor-widget elementor-widget-text-editor\" data-id=\"c256c47\" data-element_type=\"widget\" data-widget_type=\"text-editor.default\">\n\t\t\t\t<div class=\"elementor-widget-container\">\n\t\t\t\t\t\t\t\t\t<h4><strong>Foreign Language Teaching in International Standards<\/strong><\/h4><hr \/><p style=\"text-align: center;\"><strong>Curriculum for International Communication<br \/><\/strong><strong>CIC<\/strong><\/p>\t\t\t\t\t\t\t\t<\/div>\n\t\t\t\t<\/div>\n\t\t\t\t<div class=\"elementor-element elementor-element-49de220 elementor-widget elementor-widget-image\" data-id=\"49de220\" data-element_type=\"widget\" data-widget_type=\"image.default\">\n\t\t\t\t<div class=\"elementor-widget-container\">\n\t\t\t\t\t\t\t\t\t\t\t\t\t\t\t<img decoding=\"async\" width=\"300\" height=\"128\" src=\"https:\/\/www.beysukentkoleji.k12.tr\/wp-content\/uploads\/2024\/03\/beysulogo.png\" class=\"attachment-large size-large wp-image-4421\" alt=\"\" \/>\t\t\t\t\t\t\t\t\t\t\t\t\t\t\t<\/div>\n\t\t\t\t<\/div>\n\t\t\t\t<div class=\"elementor-element elementor-element-f3e210f elementor-widget elementor-widget-text-editor\" data-id=\"f3e210f\" data-element_type=\"widget\" data-widget_type=\"text-editor.default\">\n\t\t\t\t<div class=\"elementor-widget-container\">\n\t\t\t\t\t\t\t\t\t<p>Beysukent Schools offers a corporate English education experience in the light of international foreign language teaching policies, taking into account national needs to teach English to our students at the highest level, starting from kindergarten to high school level. We call this experience the <em>CIC Language Teaching Approach<\/em> .<\/p><p>This approach offers our students the opportunity to use English as a medium of communication with its socio-cultural elements and to become <em>citizens of the world<\/em> with a high level of English proficiency.<\/p>\t\t\t\t\t\t\t\t<\/div>\n\t\t\t\t<\/div>\n\t\t\t\t<div class=\"elementor-element elementor-element-2f5e74d elementor-widget elementor-widget-image\" data-id=\"2f5e74d\" data-element_type=\"widget\" data-widget_type=\"image.default\">\n\t\t\t\t<div class=\"elementor-widget-container\">\n\t\t\t\t\t\t\t\t\t\t\t\t\t\t\t<img decoding=\"async\" width=\"1024\" height=\"683\" src=\"https:\/\/www.beysukentkoleji.k12.tr\/wp-content\/uploads\/2025\/03\/girl-with-pencil-looking-away-lesson-1024x683.jpg\" class=\"attachment-large size-large wp-image-6364\" alt=\"\" srcset=\"https:\/\/www.beysukentkoleji.k12.tr\/wp-content\/uploads\/2025\/03\/girl-with-pencil-looking-away-lesson-1024x683.jpg 1024w, https:\/\/www.beysukentkoleji.k12.tr\/wp-content\/uploads\/2025\/03\/girl-with-pencil-looking-away-lesson-300x200.jpg 300w, https:\/\/www.beysukentkoleji.k12.tr\/wp-content\/uploads\/2025\/03\/girl-with-pencil-looking-away-lesson-768x512.jpg 768w, https:\/\/www.beysukentkoleji.k12.tr\/wp-content\/uploads\/2025\/03\/girl-with-pencil-looking-away-lesson-1536x1024.jpg 1536w, https:\/\/www.beysukentkoleji.k12.tr\/wp-content\/uploads\/2025\/03\/girl-with-pencil-looking-away-lesson-2048x1365.jpg 2048w, https:\/\/www.beysukentkoleji.k12.tr\/wp-content\/uploads\/2025\/03\/girl-with-pencil-looking-away-lesson-18x12.jpg 18w, https:\/\/www.beysukentkoleji.k12.tr\/wp-content\/uploads\/2025\/03\/girl-with-pencil-looking-away-lesson-600x400.jpg 600w\" sizes=\"(max-width: 1024px) 100vw, 1024px\" \/>\t\t\t\t\t\t\t\t\t\t\t\t\t\t\t<\/div>\n\t\t\t\t<\/div>\n\t\t\t\t<div class=\"elementor-element elementor-element-e4e78c5 elementor-widget elementor-widget-text-editor\" data-id=\"e4e78c5\" data-element_type=\"widget\" data-widget_type=\"text-editor.default\">\n\t\t\t\t<div class=\"elementor-widget-container\">\n\t\t\t\t\t\t\t\t\t<p class=\"translation-block\">The importance of cultural world citizenship and the concept of the learner autonomy, which the<em> CIC Language Teaching Approach<\/em> aims for, actually lies under the goal of 'knowing a foreign language very well', which is the dream of all parents for their children.<\/p>\t\t\t\t\t\t\t\t<\/div>\n\t\t\t\t<\/div>\n\t\t\t\t<\/div>\n\t\t\t\t\t<\/div>\n\t\t\t\t<\/div>\n\t\t\t\t<\/div>","protected":false},"excerpt":{"rendered":"<p>BEYSUKENT OKULLARI Uluslararas\u0131 Standartlarda Yabanc\u0131 Dil \u00d6\u011fretimi Curriculum for International CommunicationCIC Beysukent Okullar\u0131, anaokulundan ba\u015flayarak lise seviyesine kadar, \u00f6\u011frencilerimize en \u00fcst seviyede \u0130ngilizce \u00f6\u011fretmek i\u00e7in ulusal ihtiya\u00e7lar\u0131 g\u00f6zeterek, uluslararas\u0131 yabanc\u0131 dil \u00f6\u011fretimi politikalar\u0131 \u0131\u015f\u0131\u011f\u0131nda kurumsal bir \u0130ngilizce e\u011fitimi deneyimi sunmaktad\u0131r. Biz bu deneyime CIC Dil \u00d6\u011fretim Yakla\u015f\u0131m\u0131 diyoruz. Bu yakla\u015f\u0131m, ileti\u015fim arac\u0131 olarak \u0130ngilizceyi sosyo-k\u00fclt\u00fcrel [&hellip;]<\/p>","protected":false},"author":2,"featured_media":0,"parent":0,"menu_order":0,"comment_status":"closed","ping_status":"closed","template":"elementor_header_footer","meta":{"_eb_attr":"","footnotes":""},"class_list":["post-6362","page","type-page","status-publish","hentry"],"aioseo_notices":[],"_links":{"self":[{"href":"https:\/\/www.beysukentkoleji.k12.tr\/en\/wp-json\/wp\/v2\/pages\/6362","targetHints":{"allow":["GET"]}}],"collection":[{"href":"https:\/\/www.beysukentkoleji.k12.tr\/en\/wp-json\/wp\/v2\/pages"}],"about":[{"href":"https:\/\/www.beysukentkoleji.k12.tr\/en\/wp-json\/wp\/v2\/types\/page"}],"author":[{"embeddable":true,"href":"https:\/\/www.beysukentkoleji.k12.tr\/en\/wp-json\/wp\/v2\/users\/2"}],"replies":[{"embeddable":true,"href":"https:\/\/www.beysukentkoleji.k12.tr\/en\/wp-json\/wp\/v2\/comments?post=6362"}],"version-history":[{"count":22,"href":"https:\/\/www.beysukentkoleji.k12.tr\/en\/wp-json\/wp\/v2\/pages\/6362\/revisions"}],"predecessor-version":[{"id":6535,"href":"https:\/\/www.beysukentkoleji.k12.tr\/en\/wp-json\/wp\/v2\/pages\/6362\/revisions\/6535"}],"wp:attachment":[{"href":"https:\/\/www.beysukentkoleji.k12.tr\/en\/wp-json\/wp\/v2\/media?parent=6362"}],"curies":[{"name":"wp","href":"https:\/\/api.w.org\/{rel}","templated":true}]}}