{"id":5394,"date":"2024-04-21T13:24:54","date_gmt":"2024-04-21T13:24:54","guid":{"rendered":"https:\/\/www.beysukentkoleji.k12.tr\/?page_id=5394"},"modified":"2024-04-26T06:46:57","modified_gmt":"2024-04-26T06:46:57","slug":"genclige-hitabe","status":"publish","type":"page","link":"https:\/\/www.beysukentkoleji.k12.tr\/en\/genclige-hitabe\/","title":{"rendered":"Appeal to Youth"},"content":{"rendered":"<div data-elementor-type=\"wp-page\" data-elementor-id=\"5394\" class=\"elementor elementor-5394\" data-elementor-post-type=\"page\">\n\t\t\t\t<div class=\"elementor-element elementor-element-4bf49a1 e-flex e-con-boxed e-con e-parent\" data-id=\"4bf49a1\" data-element_type=\"container\">\n\t\t\t\t\t<div class=\"e-con-inner\">\n\t\t<div class=\"elementor-element elementor-element-ea7a397 e-con-full e-flex e-con e-child\" data-id=\"ea7a397\" data-element_type=\"container\">\n\t\t<div class=\"elementor-element elementor-element-c262dec e-con-full e-flex e-con e-child\" data-id=\"c262dec\" data-element_type=\"container\">\n\t\t\t\t<div class=\"elementor-element elementor-element-4c2f78c elementor-widget elementor-widget-image\" data-id=\"4c2f78c\" data-element_type=\"widget\" data-widget_type=\"image.default\">\n\t\t\t\t<div class=\"elementor-widget-container\">\n\t\t\t\t\t\t\t\t\t\t\t\t\t\t\t<img fetchpriority=\"high\" decoding=\"async\" width=\"566\" height=\"566\" src=\"https:\/\/www.beysukentkoleji.k12.tr\/wp-content\/uploads\/2024\/04\/ata3.png\" class=\"attachment-large size-large wp-image-5424\" alt=\"\" srcset=\"https:\/\/www.beysukentkoleji.k12.tr\/wp-content\/uploads\/2024\/04\/ata3.png 566w, https:\/\/www.beysukentkoleji.k12.tr\/wp-content\/uploads\/2024\/04\/ata3-300x300.png 300w, https:\/\/www.beysukentkoleji.k12.tr\/wp-content\/uploads\/2024\/04\/ata3-150x150.png 150w, https:\/\/www.beysukentkoleji.k12.tr\/wp-content\/uploads\/2024\/04\/ata3-12x12.png 12w\" sizes=\"(max-width: 566px) 100vw, 566px\" \/>\t\t\t\t\t\t\t\t\t\t\t\t\t\t\t<\/div>\n\t\t\t\t<\/div>\n\t\t\t\t<div class=\"elementor-element elementor-element-d9dee6a elementor-widget elementor-widget-eael-creative-button\" data-id=\"d9dee6a\" data-element_type=\"widget\" data-widget_type=\"eael-creative-button.default\">\n\t\t\t\t<div class=\"elementor-widget-container\">\n\t\t\t\t\t        <div class=\"eael-creative-button-wrapper\">\n\n            <a class=\"eael-creative-button eael-creative-button--default\" href=\"https:\/\/www.beysukentkoleji.k12.tr\/en\/ataturk-kosesi\/\" data-text=\"\">\n\n\t    \n                <div class=\"creative-button-inner\">\n\n                    \n                    <span class=\"cretive-button-text\">Atat\u00fcrk's Life<\/span>\n\n                                    <\/div>\n\t                        <\/a>\n        <\/div>\n        \t\t\t\t<\/div>\n\t\t\t\t<\/div>\n\t\t\t\t<div class=\"elementor-element elementor-element-f9da2ed elementor-widget elementor-widget-eael-creative-button\" data-id=\"f9da2ed\" data-element_type=\"widget\" data-widget_type=\"eael-creative-button.default\">\n\t\t\t\t<div class=\"elementor-widget-container\">\n\t\t\t\t\t        <div class=\"eael-creative-button-wrapper\">\n\n            <a class=\"eael-creative-button eael-creative-button--default\" href=\"https:\/\/www.beysukentkoleji.k12.tr\/en\/ataturkun-son-yillari-ve-olumu\/\" data-text=\"\">\n\n\t    \n                <div class=\"creative-button-inner\">\n\n                    \n                    <span class=\"cretive-button-text\">Atat\u00fcrk's Last Years and Death<\/span>\n\n                                    <\/div>\n\t                        <\/a>\n        <\/div>\n        \t\t\t\t<\/div>\n\t\t\t\t<\/div>\n\t\t\t\t<div class=\"elementor-element elementor-element-772a32a elementor-widget elementor-widget-eael-creative-button\" data-id=\"772a32a\" data-element_type=\"widget\" data-widget_type=\"eael-creative-button.default\">\n\t\t\t\t<div class=\"elementor-widget-container\">\n\t\t\t\t\t        <div class=\"eael-creative-button-wrapper\">\n\n            <a class=\"eael-creative-button eael-creative-button--default\" href=\"https:\/\/www.beysukentkoleji.k12.tr\/en\/genclige-hitabe\/\" data-text=\"\">\n\n\t    \n                <div class=\"creative-button-inner\">\n\n                    \n                    <span class=\"cretive-button-text\">Appeal to Youth<\/span>\n\n                                    <\/div>\n\t                        <\/a>\n        <\/div>\n        \t\t\t\t<\/div>\n\t\t\t\t<\/div>\n\t\t\t\t<\/div>\n\t\t\t\t<\/div>\n\t\t<div class=\"elementor-element elementor-element-1a1d492 e-con-full e-flex e-con e-child\" data-id=\"1a1d492\" data-element_type=\"container\">\n\t\t\t\t<div class=\"elementor-element elementor-element-49bcda4 elementor-widget elementor-widget-text-editor\" data-id=\"49bcda4\" data-element_type=\"widget\" data-widget_type=\"text-editor.default\">\n\t\t\t\t<div class=\"elementor-widget-container\">\n\t\t\t\t\t\t\t\t\t<h3 title=\"Appeal to Youth\">Appeal to Youth<\/h3><hr \/><div><p>Ey T\u00fcrk gen\u00e7li\u011fi! Birinci vazifen, T\u00fcrk istikl\u00e2lini, T\u00fcrk Cumhuriyet\u2019ini, ilelebet, muhafaza ve m\u00fcdafaa etmektir.<\/p><p>Mevcudiyetinin ve istikbalinin yeg\u00e2ne temeli budur. Bu temel, senin, en k\u0131ymetli hazinendir. \u0130stikbalde dahi, seni bu hazineden mahrum etmek isteyecek, dahil\u00ee ve haric\u00ee bedhahlar\u0131n olacakt\u0131r. Bir g\u00fcn, \u0130stikl\u00e2l ve Cumhuriyeti m\u00fcdafaa mecburiyetine d\u00fc\u015fersen, vazifeye at\u0131lmak i\u00e7in, i\u00e7inde bulunaca\u011f\u0131n vaziyetin imk\u00e2n ve \u015fer\u00e2itini d\u00fc\u015f\u00fcnmeyeceksin! Bu imk\u00e2n ve \u015fer\u00e2it, \u00e7ok n\u00e2m\u00fcsait bir mahiyette tezah\u00fcr edebilir. \u0130stikl\u00e2l ve Cumhuriyetine kastedecek d\u00fc\u015fmanlar, b\u00fct\u00fcn d\u00fcnyada emsali g\u00f6r\u00fclmemi\u015f bir galibiyetin m\u00fcmessili olabilirler. Cebren ve hile ile aziz vatan\u0131n, b\u00fct\u00fcn kaleleri zaptedilmi\u015f, b\u00fct\u00fcn tersanelerine girilmi\u015f, b\u00fct\u00fcn ordular\u0131 da\u011f\u0131t\u0131lm\u0131\u015f ve memleketin her k\u00f6\u015fesi bilfiil i\u015fgal edilmi\u015f olabilir. B\u00fct\u00fcn bu \u015fer\u00e2itten daha el\u00eem ve daha vahim olmak \u00fczere, memleketin dahilinde, iktidara sahip olanlar gaflet ve dal\u00e2let ve hatt\u00e2 h\u0131yanet i\u00e7inde bulunabilirler. Hatt\u00e2 bu iktidar sahipleri \u015fahs\u00ee menfaatlerini, m\u00fcstevlilerin siyasi emelleriyle tevhit edebilirler. Millet, fakr \u00fc zaruret i\u00e7inde harap ve b\u00eetap d\u00fc\u015fm\u00fc\u015f olabilir.<\/p><p>Ey T\u00fcrk istikbalinin evl\u00e2d\u0131! \u0130\u015fte, bu ahval ve \u015fer\u00e2it i\u00e7inde dahi, vazifen; T\u00fcrk \u0130stikl\u00e2l ve Cumhuriyetini kurtarmakt\u0131r! Muhta\u00e7 oldu\u011fun kudret, damarlar\u0131ndaki asil kanda mevcuttur!<\/p><\/div><div><p><strong>Mustafa Kemal Atat\u00fcrk<\/strong><br \/>20 Ekim 1927<\/p><\/div>\t\t\t\t\t\t\t\t<\/div>\n\t\t\t\t<\/div>\n\t\t\t\t<\/div>\n\t\t\t\t\t<\/div>\n\t\t\t\t<\/div>\n\t\t\t\t<\/div>","protected":false},"excerpt":{"rendered":"<p>Atat\u00fcrk&#8217;\u00fcn Hayat\u0131 Atat\u00fcrk&#8217;\u00fcn Son Y\u0131llar\u0131 ve \u00d6l\u00fcm\u00fc Gen\u00e7li\u011fe Hitabe Gen\u00e7li\u011fe Hitabe Ey T\u00fcrk gen\u00e7li\u011fi! Birinci vazifen, T\u00fcrk istikl\u00e2lini, T\u00fcrk Cumhuriyet\u2019ini, ilelebet, muhafaza ve m\u00fcdafaa etmektir. Mevcudiyetinin ve istikbalinin yeg\u00e2ne temeli budur. Bu temel, senin, en k\u0131ymetli hazinendir. \u0130stikbalde dahi, seni bu hazineden mahrum etmek isteyecek, dahil\u00ee ve haric\u00ee bedhahlar\u0131n olacakt\u0131r. Bir g\u00fcn, \u0130stikl\u00e2l ve Cumhuriyeti [&hellip;]<\/p>","protected":false},"author":1,"featured_media":0,"parent":0,"menu_order":0,"comment_status":"closed","ping_status":"closed","template":"elementor_header_footer","meta":{"_eb_attr":"","footnotes":""},"class_list":["post-5394","page","type-page","status-publish","hentry"],"aioseo_notices":[],"_links":{"self":[{"href":"https:\/\/www.beysukentkoleji.k12.tr\/en\/wp-json\/wp\/v2\/pages\/5394","targetHints":{"allow":["GET"]}}],"collection":[{"href":"https:\/\/www.beysukentkoleji.k12.tr\/en\/wp-json\/wp\/v2\/pages"}],"about":[{"href":"https:\/\/www.beysukentkoleji.k12.tr\/en\/wp-json\/wp\/v2\/types\/page"}],"author":[{"embeddable":true,"href":"https:\/\/www.beysukentkoleji.k12.tr\/en\/wp-json\/wp\/v2\/users\/1"}],"replies":[{"embeddable":true,"href":"https:\/\/www.beysukentkoleji.k12.tr\/en\/wp-json\/wp\/v2\/comments?post=5394"}],"version-history":[{"count":7,"href":"https:\/\/www.beysukentkoleji.k12.tr\/en\/wp-json\/wp\/v2\/pages\/5394\/revisions"}],"predecessor-version":[{"id":5818,"href":"https:\/\/www.beysukentkoleji.k12.tr\/en\/wp-json\/wp\/v2\/pages\/5394\/revisions\/5818"}],"wp:attachment":[{"href":"https:\/\/www.beysukentkoleji.k12.tr\/en\/wp-json\/wp\/v2\/media?parent=5394"}],"curies":[{"name":"wp","href":"https:\/\/api.w.org\/{rel}","templated":true}]}}