{"id":5297,"date":"2024-04-21T11:16:17","date_gmt":"2024-04-21T11:16:17","guid":{"rendered":"https:\/\/www.beysukentkoleji.k12.tr\/?page_id=5297"},"modified":"2024-04-21T12:56:15","modified_gmt":"2024-04-21T12:56:15","slug":"yayin-iletisim-kulubu","status":"publish","type":"page","link":"https:\/\/www.beysukentkoleji.k12.tr\/en\/yayin-iletisim-kulubu\/","title":{"rendered":"The Publishing and Communication Club"},"content":{"rendered":"<div data-elementor-type=\"wp-page\" data-elementor-id=\"5297\" class=\"elementor elementor-5297\" data-elementor-post-type=\"page\">\n\t\t\t\t<div class=\"elementor-element elementor-element-fe520e6 e-flex e-con-boxed e-con e-parent\" data-id=\"fe520e6\" data-element_type=\"container\">\n\t\t\t\t\t<div class=\"e-con-inner\">\n\t\t<div class=\"elementor-element elementor-element-e9ecc1c e-con-full e-flex e-con e-child\" data-id=\"e9ecc1c\" data-element_type=\"container\">\n\t\t\t\t<div class=\"elementor-element elementor-element-b1a93fb elementor-widget elementor-widget-image\" data-id=\"b1a93fb\" data-element_type=\"widget\" data-widget_type=\"image.default\">\n\t\t\t\t<div class=\"elementor-widget-container\">\n\t\t\t\t\t\t\t\t\t\t\t\t\t\t\t<img fetchpriority=\"high\" decoding=\"async\" width=\"566\" height=\"566\" src=\"https:\/\/www.beysukentkoleji.k12.tr\/wp-content\/uploads\/2024\/04\/bys.png\" class=\"attachment-large size-large wp-image-5083\" alt=\"\" srcset=\"https:\/\/www.beysukentkoleji.k12.tr\/wp-content\/uploads\/2024\/04\/bys.png 566w, https:\/\/www.beysukentkoleji.k12.tr\/wp-content\/uploads\/2024\/04\/bys-300x300.png 300w, https:\/\/www.beysukentkoleji.k12.tr\/wp-content\/uploads\/2024\/04\/bys-150x150.png 150w, https:\/\/www.beysukentkoleji.k12.tr\/wp-content\/uploads\/2024\/04\/bys-12x12.png 12w\" sizes=\"(max-width: 566px) 100vw, 566px\" \/>\t\t\t\t\t\t\t\t\t\t\t\t\t\t\t<\/div>\n\t\t\t\t<\/div>\n\t\t\t\t<\/div>\n\t\t<div class=\"elementor-element elementor-element-9b01891 e-con-full e-flex e-con e-child\" data-id=\"9b01891\" data-element_type=\"container\">\n\t\t\t\t<div class=\"elementor-element elementor-element-7aeb8fa elementor-widget elementor-widget-text-editor\" data-id=\"7aeb8fa\" data-element_type=\"widget\" data-widget_type=\"text-editor.default\">\n\t\t\t\t<div class=\"elementor-widget-container\">\n\t\t\t\t\t\t\t\t\t<h3 title=\"The Publishing and Communication Club\">The Publishing and Communication Club<\/h3><hr \/><p>It works to enable our students to express themselves and develop their talents in this regard. In addition to this, it also provides future writers with the opportunity to express themselves through creative writing activities.<\/p>\t\t\t\t\t\t\t\t<\/div>\n\t\t\t\t<\/div>\n\t\t\t\t<\/div>\n\t\t\t\t\t<\/div>\n\t\t\t\t<\/div>\n\t\t\t\t<\/div>","protected":false},"excerpt":{"rendered":"<p>Yay\u0131n \u0130leti\u015fim Kul\u00fcb\u00fc Yay\u0131n \u0130leti\u015fim Kul\u00fcb\u00fc, \u00f6\u011frencilerimizin kendilerini ifade edebilmeleri ve bu y\u00f6nde kabiliyetlerini geli\u015ftirmeleri noktas\u0131nda faaliyet s\u00fcrd\u00fcrmektedir. Bunu yan\u0131nda yarat\u0131c\u0131 yazarl\u0131k etkinlikleriyle de gelece\u011fin yazarlar\u0131na kendilerini ifade etme f\u0131rsat\u0131n\u0131 sunmaktad\u0131r.<\/p>","protected":false},"author":1,"featured_media":0,"parent":0,"menu_order":0,"comment_status":"closed","ping_status":"closed","template":"elementor_header_footer","meta":{"_eb_attr":"","footnotes":""},"class_list":["post-5297","page","type-page","status-publish","hentry"],"aioseo_notices":[],"_links":{"self":[{"href":"https:\/\/www.beysukentkoleji.k12.tr\/en\/wp-json\/wp\/v2\/pages\/5297","targetHints":{"allow":["GET"]}}],"collection":[{"href":"https:\/\/www.beysukentkoleji.k12.tr\/en\/wp-json\/wp\/v2\/pages"}],"about":[{"href":"https:\/\/www.beysukentkoleji.k12.tr\/en\/wp-json\/wp\/v2\/types\/page"}],"author":[{"embeddable":true,"href":"https:\/\/www.beysukentkoleji.k12.tr\/en\/wp-json\/wp\/v2\/users\/1"}],"replies":[{"embeddable":true,"href":"https:\/\/www.beysukentkoleji.k12.tr\/en\/wp-json\/wp\/v2\/comments?post=5297"}],"version-history":[{"count":4,"href":"https:\/\/www.beysukentkoleji.k12.tr\/en\/wp-json\/wp\/v2\/pages\/5297\/revisions"}],"predecessor-version":[{"id":5386,"href":"https:\/\/www.beysukentkoleji.k12.tr\/en\/wp-json\/wp\/v2\/pages\/5297\/revisions\/5386"}],"wp:attachment":[{"href":"https:\/\/www.beysukentkoleji.k12.tr\/en\/wp-json\/wp\/v2\/media?parent=5297"}],"curies":[{"name":"wp","href":"https:\/\/api.w.org\/{rel}","templated":true}]}}