{"id":5292,"date":"2024-04-21T11:15:38","date_gmt":"2024-04-21T11:15:38","guid":{"rendered":"https:\/\/www.beysukentkoleji.k12.tr\/?page_id=5292"},"modified":"2024-04-21T12:54:09","modified_gmt":"2024-04-21T12:54:09","slug":"voleybol-kulubu","status":"publish","type":"page","link":"https:\/\/www.beysukentkoleji.k12.tr\/en\/voleybol-kulubu\/","title":{"rendered":"The Volleyball Club"},"content":{"rendered":"<div data-elementor-type=\"wp-page\" data-elementor-id=\"5292\" class=\"elementor elementor-5292\" data-elementor-post-type=\"page\">\n\t\t\t\t<div class=\"elementor-element elementor-element-4c68e5a e-flex e-con-boxed e-con e-parent\" data-id=\"4c68e5a\" data-element_type=\"container\">\n\t\t\t\t\t<div class=\"e-con-inner\">\n\t\t<div class=\"elementor-element elementor-element-1b3715d e-con-full e-flex e-con e-child\" data-id=\"1b3715d\" data-element_type=\"container\">\n\t\t\t\t<div class=\"elementor-element elementor-element-3a8c06f elementor-widget elementor-widget-image\" data-id=\"3a8c06f\" data-element_type=\"widget\" data-widget_type=\"image.default\">\n\t\t\t\t<div class=\"elementor-widget-container\">\n\t\t\t\t\t\t\t\t\t\t\t\t\t\t\t<img fetchpriority=\"high\" decoding=\"async\" width=\"600\" height=\"600\" src=\"https:\/\/www.beysukentkoleji.k12.tr\/wp-content\/uploads\/2024\/04\/7320f9-voleybol.png\" class=\"attachment-large size-large wp-image-5158\" alt=\"\" srcset=\"https:\/\/www.beysukentkoleji.k12.tr\/wp-content\/uploads\/2024\/04\/7320f9-voleybol.png 600w, https:\/\/www.beysukentkoleji.k12.tr\/wp-content\/uploads\/2024\/04\/7320f9-voleybol-300x300.png 300w, https:\/\/www.beysukentkoleji.k12.tr\/wp-content\/uploads\/2024\/04\/7320f9-voleybol-150x150.png 150w, https:\/\/www.beysukentkoleji.k12.tr\/wp-content\/uploads\/2024\/04\/7320f9-voleybol-12x12.png 12w\" sizes=\"(max-width: 600px) 100vw, 600px\" \/>\t\t\t\t\t\t\t\t\t\t\t\t\t\t\t<\/div>\n\t\t\t\t<\/div>\n\t\t\t\t<\/div>\n\t\t<div class=\"elementor-element elementor-element-9298b98 e-con-full e-flex e-con e-child\" data-id=\"9298b98\" data-element_type=\"container\">\n\t\t\t\t<div class=\"elementor-element elementor-element-0debb1f elementor-widget elementor-widget-text-editor\" data-id=\"0debb1f\" data-element_type=\"widget\" data-widget_type=\"text-editor.default\">\n\t\t\t\t<div class=\"elementor-widget-container\">\n\t\t\t\t\t\t\t\t\t<h3 title=\"The Volleyball Club\">The Volleyball Club<\/h3><hr \/><p>The aim of our Volleyball Club is to provide as many students as possible with the opportunity to engage in sports and prepare them for team rosters. Our training encompasses a multidimensional education that covers students' physical, mental, and social development. The goal of the programs implemented in our volleyball club is to enhance the child's athletic skills and teach them the fundamental techniques of volleyball.<\/p>\t\t\t\t\t\t\t\t<\/div>\n\t\t\t\t<\/div>\n\t\t\t\t<\/div>\n\t\t\t\t\t<\/div>\n\t\t\t\t<\/div>\n\t\t\t\t<\/div>","protected":false},"excerpt":{"rendered":"<p>Voleybol Kul\u00fcb\u00fc Voleybol Kul\u00fcb\u00fcm\u00fcz\u00fcn amac\u0131, m\u00fcmk\u00fcn oldu\u011fu kadar \u00e7ok say\u0131da \u00f6\u011frenciye spor yapma olana\u011f\u0131 sa\u011flamak ve \u00f6\u011frencileri tak\u0131m kadrolar\u0131na haz\u0131rlamakt\u0131r. E\u011fitimimiz \u00f6\u011frencilerin fiziksel, ruhsal ve sosyal geli\u015fimlerini kapsayan \u00e7ok y\u00f6nl\u00fc bir e\u011fitimdir. Voleybol kul\u00fcb\u00fcm\u00fczde uygulanan programlar\u0131n hedefi \u00e7ocu\u011fun sportif becerisini artt\u0131rmak, voleybol temel tekniklerini \u00f6\u011fretmektir.<\/p>","protected":false},"author":1,"featured_media":0,"parent":0,"menu_order":0,"comment_status":"closed","ping_status":"closed","template":"elementor_header_footer","meta":{"_eb_attr":"","footnotes":""},"class_list":["post-5292","page","type-page","status-publish","hentry"],"aioseo_notices":[],"_links":{"self":[{"href":"https:\/\/www.beysukentkoleji.k12.tr\/en\/wp-json\/wp\/v2\/pages\/5292","targetHints":{"allow":["GET"]}}],"collection":[{"href":"https:\/\/www.beysukentkoleji.k12.tr\/en\/wp-json\/wp\/v2\/pages"}],"about":[{"href":"https:\/\/www.beysukentkoleji.k12.tr\/en\/wp-json\/wp\/v2\/types\/page"}],"author":[{"embeddable":true,"href":"https:\/\/www.beysukentkoleji.k12.tr\/en\/wp-json\/wp\/v2\/users\/1"}],"replies":[{"embeddable":true,"href":"https:\/\/www.beysukentkoleji.k12.tr\/en\/wp-json\/wp\/v2\/comments?post=5292"}],"version-history":[{"count":4,"href":"https:\/\/www.beysukentkoleji.k12.tr\/en\/wp-json\/wp\/v2\/pages\/5292\/revisions"}],"predecessor-version":[{"id":5383,"href":"https:\/\/www.beysukentkoleji.k12.tr\/en\/wp-json\/wp\/v2\/pages\/5292\/revisions\/5383"}],"wp:attachment":[{"href":"https:\/\/www.beysukentkoleji.k12.tr\/en\/wp-json\/wp\/v2\/media?parent=5292"}],"curies":[{"name":"wp","href":"https:\/\/api.w.org\/{rel}","templated":true}]}}