{"id":5282,"date":"2024-04-21T11:14:13","date_gmt":"2024-04-21T11:14:13","guid":{"rendered":"https:\/\/www.beysukentkoleji.k12.tr\/?page_id=5282"},"modified":"2024-04-21T12:50:43","modified_gmt":"2024-04-21T12:50:43","slug":"satranc-kulubu","status":"publish","type":"page","link":"https:\/\/www.beysukentkoleji.k12.tr\/en\/satranc-kulubu\/","title":{"rendered":"The Chess Club"},"content":{"rendered":"<div data-elementor-type=\"wp-page\" data-elementor-id=\"5282\" class=\"elementor elementor-5282\" data-elementor-post-type=\"page\">\n\t\t\t\t<div class=\"elementor-element elementor-element-3e0b62a e-flex e-con-boxed e-con e-parent\" data-id=\"3e0b62a\" data-element_type=\"container\">\n\t\t\t\t\t<div class=\"e-con-inner\">\n\t\t<div class=\"elementor-element elementor-element-edae167 e-con-full e-flex e-con e-child\" data-id=\"edae167\" data-element_type=\"container\">\n\t\t\t\t<div class=\"elementor-element elementor-element-3afc0ad elementor-widget elementor-widget-image\" data-id=\"3afc0ad\" data-element_type=\"widget\" data-widget_type=\"image.default\">\n\t\t\t\t<div class=\"elementor-widget-container\">\n\t\t\t\t\t\t\t\t\t\t\t\t\t\t\t<img fetchpriority=\"high\" decoding=\"async\" width=\"566\" height=\"566\" src=\"https:\/\/www.beysukentkoleji.k12.tr\/wp-content\/uploads\/2024\/04\/satranc.png\" class=\"attachment-large size-large wp-image-5153\" alt=\"\" srcset=\"https:\/\/www.beysukentkoleji.k12.tr\/wp-content\/uploads\/2024\/04\/satranc.png 566w, https:\/\/www.beysukentkoleji.k12.tr\/wp-content\/uploads\/2024\/04\/satranc-300x300.png 300w, https:\/\/www.beysukentkoleji.k12.tr\/wp-content\/uploads\/2024\/04\/satranc-150x150.png 150w, https:\/\/www.beysukentkoleji.k12.tr\/wp-content\/uploads\/2024\/04\/satranc-12x12.png 12w\" sizes=\"(max-width: 566px) 100vw, 566px\" \/>\t\t\t\t\t\t\t\t\t\t\t\t\t\t\t<\/div>\n\t\t\t\t<\/div>\n\t\t\t\t<\/div>\n\t\t<div class=\"elementor-element elementor-element-dcfe2c1 e-con-full e-flex e-con e-child\" data-id=\"dcfe2c1\" data-element_type=\"container\">\n\t\t\t\t<div class=\"elementor-element elementor-element-2f69b3c elementor-widget elementor-widget-text-editor\" data-id=\"2f69b3c\" data-element_type=\"widget\" data-widget_type=\"text-editor.default\">\n\t\t\t\t<div class=\"elementor-widget-container\">\n\t\t\t\t\t\t\t\t\t<h3 title=\"The Chess Club\">The Chess Club<\/h3><hr \/><p>The similarity between chess and life is unparalleled by any other game. While attempts have been made to draw parallels between other sports and life, through books and even films, none can match the resemblance to life as chess does. As the Chess Club, our aim is to provide our children with the opportunity to improve themselves while having fun, and to become better chess players.<\/p>\t\t\t\t\t\t\t\t<\/div>\n\t\t\t\t<\/div>\n\t\t\t\t<\/div>\n\t\t\t\t\t<\/div>\n\t\t\t\t<\/div>\n\t\t\t\t<\/div>","protected":false},"excerpt":{"rendered":"<p>Satran\u00e7 Kul\u00fcb\u00fc Satran\u00e7 ile ya\u015fam aras\u0131nda hi\u00e7bir oyuna nasip olmayan bir benzerlik vard\u0131r. Di\u011fer sporlar ile ya\u015fam aras\u0131nda da benzerlikler kurulmaya \u00e7al\u0131\u015f\u0131lm\u0131\u015f, bu konuda kitaplar hatta filmler de \u00e7ekilmi\u015ftir. Ama hi\u00e7 birinin ya\u015fama benzerli\u011fi satran\u00e7 kadar olamaz. Satran\u00e7 Kul\u00fcb\u00fc olarak \u00e7ocuklar\u0131m\u0131za e\u011flenerek kendilerini geli\u015ftirme f\u0131rsat\u0131 hem de daha iyi bir satran\u00e7 oyuncular\u0131 olmalar\u0131n\u0131 sa\u011flamakt\u0131r.<\/p>","protected":false},"author":1,"featured_media":0,"parent":0,"menu_order":0,"comment_status":"closed","ping_status":"closed","template":"elementor_header_footer","meta":{"_eb_attr":"","footnotes":""},"class_list":["post-5282","page","type-page","status-publish","hentry"],"aioseo_notices":[],"_links":{"self":[{"href":"https:\/\/www.beysukentkoleji.k12.tr\/en\/wp-json\/wp\/v2\/pages\/5282","targetHints":{"allow":["GET"]}}],"collection":[{"href":"https:\/\/www.beysukentkoleji.k12.tr\/en\/wp-json\/wp\/v2\/pages"}],"about":[{"href":"https:\/\/www.beysukentkoleji.k12.tr\/en\/wp-json\/wp\/v2\/types\/page"}],"author":[{"embeddable":true,"href":"https:\/\/www.beysukentkoleji.k12.tr\/en\/wp-json\/wp\/v2\/users\/1"}],"replies":[{"embeddable":true,"href":"https:\/\/www.beysukentkoleji.k12.tr\/en\/wp-json\/wp\/v2\/comments?post=5282"}],"version-history":[{"count":4,"href":"https:\/\/www.beysukentkoleji.k12.tr\/en\/wp-json\/wp\/v2\/pages\/5282\/revisions"}],"predecessor-version":[{"id":5377,"href":"https:\/\/www.beysukentkoleji.k12.tr\/en\/wp-json\/wp\/v2\/pages\/5282\/revisions\/5377"}],"wp:attachment":[{"href":"https:\/\/www.beysukentkoleji.k12.tr\/en\/wp-json\/wp\/v2\/media?parent=5282"}],"curies":[{"name":"wp","href":"https:\/\/api.w.org\/{rel}","templated":true}]}}