{"id":5277,"date":"2024-04-21T11:13:24","date_gmt":"2024-04-21T11:13:24","guid":{"rendered":"https:\/\/www.beysukentkoleji.k12.tr\/?page_id=5277"},"modified":"2024-04-21T12:48:57","modified_gmt":"2024-04-21T12:48:57","slug":"robotik-kulubu","status":"publish","type":"page","link":"https:\/\/www.beysukentkoleji.k12.tr\/en\/robotik-kulubu\/","title":{"rendered":"The Robotics Club"},"content":{"rendered":"<div data-elementor-type=\"wp-page\" data-elementor-id=\"5277\" class=\"elementor elementor-5277\" data-elementor-post-type=\"page\">\n\t\t\t\t<div class=\"elementor-element elementor-element-783193b e-flex e-con-boxed e-con e-parent\" data-id=\"783193b\" data-element_type=\"container\">\n\t\t\t\t\t<div class=\"e-con-inner\">\n\t\t<div class=\"elementor-element elementor-element-af629fe e-con-full e-flex e-con e-child\" data-id=\"af629fe\" data-element_type=\"container\">\n\t\t\t\t<div class=\"elementor-element elementor-element-421035e elementor-widget elementor-widget-image\" data-id=\"421035e\" data-element_type=\"widget\" data-widget_type=\"image.default\">\n\t\t\t\t<div class=\"elementor-widget-container\">\n\t\t\t\t\t\t\t\t\t\t\t\t\t\t\t<img fetchpriority=\"high\" decoding=\"async\" width=\"566\" height=\"566\" src=\"https:\/\/www.beysukentkoleji.k12.tr\/wp-content\/uploads\/2024\/04\/robotik.png\" class=\"attachment-large size-large wp-image-5146\" alt=\"\" srcset=\"https:\/\/www.beysukentkoleji.k12.tr\/wp-content\/uploads\/2024\/04\/robotik.png 566w, https:\/\/www.beysukentkoleji.k12.tr\/wp-content\/uploads\/2024\/04\/robotik-300x300.png 300w, https:\/\/www.beysukentkoleji.k12.tr\/wp-content\/uploads\/2024\/04\/robotik-150x150.png 150w, https:\/\/www.beysukentkoleji.k12.tr\/wp-content\/uploads\/2024\/04\/robotik-12x12.png 12w\" sizes=\"(max-width: 566px) 100vw, 566px\" \/>\t\t\t\t\t\t\t\t\t\t\t\t\t\t\t<\/div>\n\t\t\t\t<\/div>\n\t\t\t\t<\/div>\n\t\t<div class=\"elementor-element elementor-element-4b9e913 e-con-full e-flex e-con e-child\" data-id=\"4b9e913\" data-element_type=\"container\">\n\t\t\t\t<div class=\"elementor-element elementor-element-1b57474 elementor-widget elementor-widget-text-editor\" data-id=\"1b57474\" data-element_type=\"widget\" data-widget_type=\"text-editor.default\">\n\t\t\t\t<div class=\"elementor-widget-container\">\n\t\t\t\t\t\t\t\t\t<h3 title=\"The Robotics Club\">The Robotics Club<\/h3><hr \/><p>As the Robotics Club of Beysukent College, we engage with our students who are curious about computer software, interested in mechanical parts, and eager to explore the mysterious world of electronics. Here are some examples of projects we do with our students.<\/p>\t\t\t\t\t\t\t\t<\/div>\n\t\t\t\t<\/div>\n\t\t\t\t<\/div>\n\t\t\t\t\t<\/div>\n\t\t\t\t<\/div>\n\t\t\t\t<\/div>","protected":false},"excerpt":{"rendered":"<p>Robotik Kul\u00fcb\u00fc Beysukent Koleji Robot Kul\u00fcb\u00fc olarak; bilgisayar yaz\u0131l\u0131m\u0131na merakl\u0131, mekanik par\u00e7alara ilgi duyan, elektroni\u011fin gizemli d\u00fcnyas\u0131na yelken a\u00e7mak isteyen gen\u00e7lerimizle yapt\u0131\u011f\u0131m\u0131z projelerimizden \u00f6rnekler.<\/p>","protected":false},"author":1,"featured_media":0,"parent":0,"menu_order":0,"comment_status":"closed","ping_status":"closed","template":"elementor_header_footer","meta":{"_eb_attr":"","footnotes":""},"class_list":["post-5277","page","type-page","status-publish","hentry"],"aioseo_notices":[],"_links":{"self":[{"href":"https:\/\/www.beysukentkoleji.k12.tr\/en\/wp-json\/wp\/v2\/pages\/5277","targetHints":{"allow":["GET"]}}],"collection":[{"href":"https:\/\/www.beysukentkoleji.k12.tr\/en\/wp-json\/wp\/v2\/pages"}],"about":[{"href":"https:\/\/www.beysukentkoleji.k12.tr\/en\/wp-json\/wp\/v2\/types\/page"}],"author":[{"embeddable":true,"href":"https:\/\/www.beysukentkoleji.k12.tr\/en\/wp-json\/wp\/v2\/users\/1"}],"replies":[{"embeddable":true,"href":"https:\/\/www.beysukentkoleji.k12.tr\/en\/wp-json\/wp\/v2\/comments?post=5277"}],"version-history":[{"count":4,"href":"https:\/\/www.beysukentkoleji.k12.tr\/en\/wp-json\/wp\/v2\/pages\/5277\/revisions"}],"predecessor-version":[{"id":5374,"href":"https:\/\/www.beysukentkoleji.k12.tr\/en\/wp-json\/wp\/v2\/pages\/5277\/revisions\/5374"}],"wp:attachment":[{"href":"https:\/\/www.beysukentkoleji.k12.tr\/en\/wp-json\/wp\/v2\/media?parent=5277"}],"curies":[{"name":"wp","href":"https:\/\/api.w.org\/{rel}","templated":true}]}}