{"id":5272,"date":"2024-04-21T11:12:42","date_gmt":"2024-04-21T11:12:42","guid":{"rendered":"https:\/\/www.beysukentkoleji.k12.tr\/?page_id=5272"},"modified":"2024-04-21T12:47:05","modified_gmt":"2024-04-21T12:47:05","slug":"piyano-kulubu","status":"publish","type":"page","link":"https:\/\/www.beysukentkoleji.k12.tr\/en\/piyano-kulubu\/","title":{"rendered":"The Piano Club"},"content":{"rendered":"<div data-elementor-type=\"wp-page\" data-elementor-id=\"5272\" class=\"elementor elementor-5272\" data-elementor-post-type=\"page\">\n\t\t\t\t<div class=\"elementor-element elementor-element-46c4b84 e-flex e-con-boxed e-con e-parent\" data-id=\"46c4b84\" data-element_type=\"container\">\n\t\t\t\t\t<div class=\"e-con-inner\">\n\t\t<div class=\"elementor-element elementor-element-e7ea364 e-con-full e-flex e-con e-child\" data-id=\"e7ea364\" data-element_type=\"container\">\n\t\t\t\t<div class=\"elementor-element elementor-element-2e3aa03 elementor-widget elementor-widget-image\" data-id=\"2e3aa03\" data-element_type=\"widget\" data-widget_type=\"image.default\">\n\t\t\t\t<div class=\"elementor-widget-container\">\n\t\t\t\t\t\t\t\t\t\t\t\t\t\t\t<img fetchpriority=\"high\" decoding=\"async\" width=\"566\" height=\"566\" src=\"https:\/\/www.beysukentkoleji.k12.tr\/wp-content\/uploads\/2024\/04\/piyano.png\" class=\"attachment-large size-large wp-image-5142\" alt=\"\" srcset=\"https:\/\/www.beysukentkoleji.k12.tr\/wp-content\/uploads\/2024\/04\/piyano.png 566w, https:\/\/www.beysukentkoleji.k12.tr\/wp-content\/uploads\/2024\/04\/piyano-300x300.png 300w, https:\/\/www.beysukentkoleji.k12.tr\/wp-content\/uploads\/2024\/04\/piyano-150x150.png 150w, https:\/\/www.beysukentkoleji.k12.tr\/wp-content\/uploads\/2024\/04\/piyano-12x12.png 12w\" sizes=\"(max-width: 566px) 100vw, 566px\" \/>\t\t\t\t\t\t\t\t\t\t\t\t\t\t\t<\/div>\n\t\t\t\t<\/div>\n\t\t\t\t<\/div>\n\t\t<div class=\"elementor-element elementor-element-ea3d169 e-con-full e-flex e-con e-child\" data-id=\"ea3d169\" data-element_type=\"container\">\n\t\t\t\t<div class=\"elementor-element elementor-element-e1c1f49 elementor-widget elementor-widget-text-editor\" data-id=\"e1c1f49\" data-element_type=\"widget\" data-widget_type=\"text-editor.default\">\n\t\t\t\t<div class=\"elementor-widget-container\">\n\t\t\t\t\t\t\t\t\t<h3 title=\"The Piano Club\">The Piano Club<\/h3><hr \/><p>Throughout the club duration, students progress according to their talents and levels. The primary goal of our individual and group piano lessons is to ensure that students come with love and enthusiasm for music and the piano. Instrumental education has multifaceted and positive effects on personal development. Piano technique, correct posture, and coordination of both hands are important elements of this education. Students who receive this education not only develop socially and motorically according to their talents but also enhance their self-confidence, enabling them to express themselves better.<\/p>\t\t\t\t\t\t\t\t<\/div>\n\t\t\t\t<\/div>\n\t\t\t\t<\/div>\n\t\t\t\t\t<\/div>\n\t\t\t\t<\/div>\n\t\t\t\t<\/div>","protected":false},"excerpt":{"rendered":"<p>Piyano Kul\u00fcb\u00fc Kul\u00fcp s\u00fcresince \u00f6\u011frenciler, yetenek ve seviyelerine g\u00f6re ilerlemektedirler. Bireysel ve toplu olarak \u00e7al\u0131\u015f\u0131lan piyano derslerimizin ilk amac\u0131; \u00f6\u011frencinin m\u00fczi\u011fi ve piyanoyu severek, isteyerek gelmesini sa\u011flayabilmektir. Enstr\u00fcman e\u011fitimi, \u00f6\u011frencinin ki\u015fisel geli\u015fimde \u00e7ok y\u00f6nl\u00fc ve olumlu etkiler yaratmaktad\u0131r. Piyano tekni\u011fi, do\u011fru oturu\u015f ve iki el koordinasyonu ile \u00f6\u011frenme, pratik yapabilme bu e\u011fitimin \u00f6nemli unsurlar\u0131ndand\u0131r. Bu [&hellip;]<\/p>","protected":false},"author":1,"featured_media":0,"parent":0,"menu_order":0,"comment_status":"closed","ping_status":"closed","template":"elementor_header_footer","meta":{"_eb_attr":"","footnotes":""},"class_list":["post-5272","page","type-page","status-publish","hentry"],"aioseo_notices":[],"_links":{"self":[{"href":"https:\/\/www.beysukentkoleji.k12.tr\/en\/wp-json\/wp\/v2\/pages\/5272","targetHints":{"allow":["GET"]}}],"collection":[{"href":"https:\/\/www.beysukentkoleji.k12.tr\/en\/wp-json\/wp\/v2\/pages"}],"about":[{"href":"https:\/\/www.beysukentkoleji.k12.tr\/en\/wp-json\/wp\/v2\/types\/page"}],"author":[{"embeddable":true,"href":"https:\/\/www.beysukentkoleji.k12.tr\/en\/wp-json\/wp\/v2\/users\/1"}],"replies":[{"embeddable":true,"href":"https:\/\/www.beysukentkoleji.k12.tr\/en\/wp-json\/wp\/v2\/comments?post=5272"}],"version-history":[{"count":4,"href":"https:\/\/www.beysukentkoleji.k12.tr\/en\/wp-json\/wp\/v2\/pages\/5272\/revisions"}],"predecessor-version":[{"id":5371,"href":"https:\/\/www.beysukentkoleji.k12.tr\/en\/wp-json\/wp\/v2\/pages\/5272\/revisions\/5371"}],"wp:attachment":[{"href":"https:\/\/www.beysukentkoleji.k12.tr\/en\/wp-json\/wp\/v2\/media?parent=5272"}],"curies":[{"name":"wp","href":"https:\/\/api.w.org\/{rel}","templated":true}]}}