{"id":5267,"date":"2024-04-21T11:11:58","date_gmt":"2024-04-21T11:11:58","guid":{"rendered":"https:\/\/www.beysukentkoleji.k12.tr\/?page_id=5267"},"modified":"2024-04-21T12:45:17","modified_gmt":"2024-04-21T12:45:17","slug":"modern-dans-kulubu","status":"publish","type":"page","link":"https:\/\/www.beysukentkoleji.k12.tr\/en\/modern-dans-kulubu\/","title":{"rendered":"The Modern Dance Club"},"content":{"rendered":"<div data-elementor-type=\"wp-page\" data-elementor-id=\"5267\" class=\"elementor elementor-5267\" data-elementor-post-type=\"page\">\n\t\t\t\t<div class=\"elementor-element elementor-element-e263101 e-flex e-con-boxed e-con e-parent\" data-id=\"e263101\" data-element_type=\"container\">\n\t\t\t\t\t<div class=\"e-con-inner\">\n\t\t<div class=\"elementor-element elementor-element-90cfe91 e-con-full e-flex e-con e-child\" data-id=\"90cfe91\" data-element_type=\"container\">\n\t\t\t\t<div class=\"elementor-element elementor-element-6982de9 elementor-widget elementor-widget-image\" data-id=\"6982de9\" data-element_type=\"widget\" data-widget_type=\"image.default\">\n\t\t\t\t<div class=\"elementor-widget-container\">\n\t\t\t\t\t\t\t\t\t\t\t\t\t\t\t<img fetchpriority=\"high\" decoding=\"async\" width=\"566\" height=\"566\" src=\"https:\/\/www.beysukentkoleji.k12.tr\/wp-content\/uploads\/2024\/04\/modern.png\" class=\"attachment-large size-large wp-image-5141\" alt=\"\" srcset=\"https:\/\/www.beysukentkoleji.k12.tr\/wp-content\/uploads\/2024\/04\/modern.png 566w, https:\/\/www.beysukentkoleji.k12.tr\/wp-content\/uploads\/2024\/04\/modern-300x300.png 300w, https:\/\/www.beysukentkoleji.k12.tr\/wp-content\/uploads\/2024\/04\/modern-150x150.png 150w, https:\/\/www.beysukentkoleji.k12.tr\/wp-content\/uploads\/2024\/04\/modern-12x12.png 12w\" sizes=\"(max-width: 566px) 100vw, 566px\" \/>\t\t\t\t\t\t\t\t\t\t\t\t\t\t\t<\/div>\n\t\t\t\t<\/div>\n\t\t\t\t<\/div>\n\t\t<div class=\"elementor-element elementor-element-b28db98 e-con-full e-flex e-con e-child\" data-id=\"b28db98\" data-element_type=\"container\">\n\t\t\t\t<div class=\"elementor-element elementor-element-c104756 elementor-widget elementor-widget-text-editor\" data-id=\"c104756\" data-element_type=\"widget\" data-widget_type=\"text-editor.default\">\n\t\t\t\t<div class=\"elementor-widget-container\">\n\t\t\t\t\t\t\t\t\t<h3 title=\"The Modern Dance Club\">The Modern Dance Club<\/h3><hr \/><p>The aim of modern dance is to utilize the body's natural posture. The goal is to enhance dancers' (students') movement, learning, perception, thinking, sense of rhythm, and creativity through dance and improvisation, while also helping them develop a flexible, resilient, healthy body with correct posture over time.<\/p>\t\t\t\t\t\t\t\t<\/div>\n\t\t\t\t<\/div>\n\t\t\t\t<\/div>\n\t\t\t\t\t<\/div>\n\t\t\t\t<\/div>\n\t\t\t\t<\/div>","protected":false},"excerpt":{"rendered":"<p>Modern Dans Kul\u00fcb\u00fc Modern dansta ama\u00e7, v\u00fccudun do\u011fal duru\u015fundan yararlanmakt\u0131r. Hedef, dans ve do\u011fa\u00e7lama yolu ile dans\u00e7\u0131lar\u0131n (\u00f6\u011frencilerin) hareket, \u00f6\u011frenme, alg\u0131lama, d\u00fc\u015f\u00fcnme, ritim duygusu ve yaratma yeteneklerini geli\u015ftirmek, ayn\u0131 zamanda esnek, dayan\u0131kl\u0131, sa\u011fl\u0131kl\u0131 ve ilerleyen zamanlarda da do\u011fru duru\u015fa sahip bir beden geli\u015ftirmelerine yard\u0131mc\u0131 olmakt\u0131r.<\/p>","protected":false},"author":1,"featured_media":0,"parent":0,"menu_order":0,"comment_status":"closed","ping_status":"closed","template":"elementor_header_footer","meta":{"_eb_attr":"","footnotes":""},"class_list":["post-5267","page","type-page","status-publish","hentry"],"aioseo_notices":[],"_links":{"self":[{"href":"https:\/\/www.beysukentkoleji.k12.tr\/en\/wp-json\/wp\/v2\/pages\/5267","targetHints":{"allow":["GET"]}}],"collection":[{"href":"https:\/\/www.beysukentkoleji.k12.tr\/en\/wp-json\/wp\/v2\/pages"}],"about":[{"href":"https:\/\/www.beysukentkoleji.k12.tr\/en\/wp-json\/wp\/v2\/types\/page"}],"author":[{"embeddable":true,"href":"https:\/\/www.beysukentkoleji.k12.tr\/en\/wp-json\/wp\/v2\/users\/1"}],"replies":[{"embeddable":true,"href":"https:\/\/www.beysukentkoleji.k12.tr\/en\/wp-json\/wp\/v2\/comments?post=5267"}],"version-history":[{"count":4,"href":"https:\/\/www.beysukentkoleji.k12.tr\/en\/wp-json\/wp\/v2\/pages\/5267\/revisions"}],"predecessor-version":[{"id":5368,"href":"https:\/\/www.beysukentkoleji.k12.tr\/en\/wp-json\/wp\/v2\/pages\/5267\/revisions\/5368"}],"wp:attachment":[{"href":"https:\/\/www.beysukentkoleji.k12.tr\/en\/wp-json\/wp\/v2\/media?parent=5267"}],"curies":[{"name":"wp","href":"https:\/\/api.w.org\/{rel}","templated":true}]}}