{"id":5247,"date":"2024-04-21T11:09:01","date_gmt":"2024-04-21T11:09:01","guid":{"rendered":"https:\/\/www.beysukentkoleji.k12.tr\/?page_id=5247"},"modified":"2024-04-21T12:38:31","modified_gmt":"2024-04-21T12:38:31","slug":"kickboks-kulubu","status":"publish","type":"page","link":"https:\/\/www.beysukentkoleji.k12.tr\/en\/kickboks-kulubu\/","title":{"rendered":"The Kickbox Club"},"content":{"rendered":"<div data-elementor-type=\"wp-page\" data-elementor-id=\"5247\" class=\"elementor elementor-5247\" data-elementor-post-type=\"page\">\n\t\t\t\t<div class=\"elementor-element elementor-element-4824cd6 e-flex e-con-boxed e-con e-parent\" data-id=\"4824cd6\" data-element_type=\"container\">\n\t\t\t\t\t<div class=\"e-con-inner\">\n\t\t<div class=\"elementor-element elementor-element-0ca3b8d e-con-full e-flex e-con e-child\" data-id=\"0ca3b8d\" data-element_type=\"container\">\n\t\t\t\t<div class=\"elementor-element elementor-element-30cd7d1 elementor-widget elementor-widget-image\" data-id=\"30cd7d1\" data-element_type=\"widget\" data-widget_type=\"image.default\">\n\t\t\t\t<div class=\"elementor-widget-container\">\n\t\t\t\t\t\t\t\t\t\t\t\t\t\t\t<img fetchpriority=\"high\" decoding=\"async\" width=\"566\" height=\"566\" src=\"https:\/\/www.beysukentkoleji.k12.tr\/wp-content\/uploads\/2024\/04\/kickboks.png\" class=\"attachment-large size-large wp-image-5130\" alt=\"\" srcset=\"https:\/\/www.beysukentkoleji.k12.tr\/wp-content\/uploads\/2024\/04\/kickboks.png 566w, https:\/\/www.beysukentkoleji.k12.tr\/wp-content\/uploads\/2024\/04\/kickboks-300x300.png 300w, https:\/\/www.beysukentkoleji.k12.tr\/wp-content\/uploads\/2024\/04\/kickboks-150x150.png 150w, https:\/\/www.beysukentkoleji.k12.tr\/wp-content\/uploads\/2024\/04\/kickboks-12x12.png 12w\" sizes=\"(max-width: 566px) 100vw, 566px\" \/>\t\t\t\t\t\t\t\t\t\t\t\t\t\t\t<\/div>\n\t\t\t\t<\/div>\n\t\t\t\t<\/div>\n\t\t<div class=\"elementor-element elementor-element-fbbde37 e-con-full e-flex e-con e-child\" data-id=\"fbbde37\" data-element_type=\"container\">\n\t\t\t\t<div class=\"elementor-element elementor-element-51cbf44 elementor-widget elementor-widget-text-editor\" data-id=\"51cbf44\" data-element_type=\"widget\" data-widget_type=\"text-editor.default\">\n\t\t\t\t<div class=\"elementor-widget-container\">\n\t\t\t\t\t\t\t\t\t<h3 title=\"The Kickbox Club\">The Kickbox Club<\/h3><hr \/><p>Kick box, various branches within it, is a defensive sport. It is a combat sport based on strength, coordination, and technique. This sport, which is more strength-based, can benefit your children by providing both physical activity and development.<\/p>\t\t\t\t\t\t\t\t<\/div>\n\t\t\t\t<\/div>\n\t\t\t\t<\/div>\n\t\t\t\t\t<\/div>\n\t\t\t\t<\/div>\n\t\t\t\t<\/div>","protected":false},"excerpt":{"rendered":"<p>Kickboks Kul\u00fcb\u00fc Kick boks sporu, farkl\u0131 bran\u015flar\u0131 i\u00e7inde yer ald\u0131\u011f\u0131 bir savunma sporudur. G\u00fcce koordinasyona ve tekni\u011fe dayanan bir d\u00f6v\u00fc\u015f sporudur. Daha \u00e7ok g\u00fcce dayal\u0131 olan bu spor \u00e7ocuklar\u0131n\u0131z\u0131n hem fiziksel bir aktivite ve geli\u015fimini sa\u011flayabilmesine fayda sa\u011flar.<\/p>","protected":false},"author":1,"featured_media":0,"parent":0,"menu_order":0,"comment_status":"closed","ping_status":"closed","template":"elementor_header_footer","meta":{"_eb_attr":"","footnotes":""},"class_list":["post-5247","page","type-page","status-publish","hentry"],"aioseo_notices":[],"_links":{"self":[{"href":"https:\/\/www.beysukentkoleji.k12.tr\/en\/wp-json\/wp\/v2\/pages\/5247","targetHints":{"allow":["GET"]}}],"collection":[{"href":"https:\/\/www.beysukentkoleji.k12.tr\/en\/wp-json\/wp\/v2\/pages"}],"about":[{"href":"https:\/\/www.beysukentkoleji.k12.tr\/en\/wp-json\/wp\/v2\/types\/page"}],"author":[{"embeddable":true,"href":"https:\/\/www.beysukentkoleji.k12.tr\/en\/wp-json\/wp\/v2\/users\/1"}],"replies":[{"embeddable":true,"href":"https:\/\/www.beysukentkoleji.k12.tr\/en\/wp-json\/wp\/v2\/comments?post=5247"}],"version-history":[{"count":4,"href":"https:\/\/www.beysukentkoleji.k12.tr\/en\/wp-json\/wp\/v2\/pages\/5247\/revisions"}],"predecessor-version":[{"id":5356,"href":"https:\/\/www.beysukentkoleji.k12.tr\/en\/wp-json\/wp\/v2\/pages\/5247\/revisions\/5356"}],"wp:attachment":[{"href":"https:\/\/www.beysukentkoleji.k12.tr\/en\/wp-json\/wp\/v2\/media?parent=5247"}],"curies":[{"name":"wp","href":"https:\/\/api.w.org\/{rel}","templated":true}]}}