{"id":5212,"date":"2024-04-21T11:04:07","date_gmt":"2024-04-21T11:04:07","guid":{"rendered":"https:\/\/www.beysukentkoleji.k12.tr\/?page_id=5212"},"modified":"2024-04-21T12:20:20","modified_gmt":"2024-04-21T12:20:20","slug":"grafik-tasarim-kulubu","status":"publish","type":"page","link":"https:\/\/www.beysukentkoleji.k12.tr\/en\/grafik-tasarim-kulubu\/","title":{"rendered":"The Graphic Design Club"},"content":{"rendered":"<div data-elementor-type=\"wp-page\" data-elementor-id=\"5212\" class=\"elementor elementor-5212\" data-elementor-post-type=\"page\">\n\t\t\t\t<div class=\"elementor-element elementor-element-a1de5e8 e-flex e-con-boxed e-con e-parent\" data-id=\"a1de5e8\" data-element_type=\"container\">\n\t\t\t\t\t<div class=\"e-con-inner\">\n\t\t<div class=\"elementor-element elementor-element-673cc10 e-con-full e-flex e-con e-child\" data-id=\"673cc10\" data-element_type=\"container\">\n\t\t\t\t<div class=\"elementor-element elementor-element-61101cb elementor-widget elementor-widget-image\" data-id=\"61101cb\" data-element_type=\"widget\" data-widget_type=\"image.default\">\n\t\t\t\t<div class=\"elementor-widget-container\">\n\t\t\t\t\t\t\t\t\t\t\t\t\t\t\t<img fetchpriority=\"high\" decoding=\"async\" width=\"566\" height=\"566\" src=\"https:\/\/www.beysukentkoleji.k12.tr\/wp-content\/uploads\/2024\/04\/grafik.png\" class=\"attachment-large size-large wp-image-5105\" alt=\"\" srcset=\"https:\/\/www.beysukentkoleji.k12.tr\/wp-content\/uploads\/2024\/04\/grafik.png 566w, https:\/\/www.beysukentkoleji.k12.tr\/wp-content\/uploads\/2024\/04\/grafik-300x300.png 300w, https:\/\/www.beysukentkoleji.k12.tr\/wp-content\/uploads\/2024\/04\/grafik-150x150.png 150w, https:\/\/www.beysukentkoleji.k12.tr\/wp-content\/uploads\/2024\/04\/grafik-12x12.png 12w\" sizes=\"(max-width: 566px) 100vw, 566px\" \/>\t\t\t\t\t\t\t\t\t\t\t\t\t\t\t<\/div>\n\t\t\t\t<\/div>\n\t\t\t\t<\/div>\n\t\t<div class=\"elementor-element elementor-element-5657672 e-con-full e-flex e-con e-child\" data-id=\"5657672\" data-element_type=\"container\">\n\t\t\t\t<div class=\"elementor-element elementor-element-2f6de6b elementor-widget elementor-widget-text-editor\" data-id=\"2f6de6b\" data-element_type=\"widget\" data-widget_type=\"text-editor.default\">\n\t\t\t\t<div class=\"elementor-widget-container\">\n\t\t\t\t\t\t\t\t\t<h3 title=\"The Graphic Design Club\">The Graphic Design Club<\/h3><hr \/><p>It focuses on exploring fundamental art concepts and applying them to graphic design, including synthesis and practical application of these concepts. The club's activities include working on various graphic design problems and solutions. Both theoretical and practical topics are covered in the lessons, supplemented by hands-on workshop sessions.<\/p>\t\t\t\t\t\t\t\t<\/div>\n\t\t\t\t<\/div>\n\t\t\t\t<\/div>\n\t\t\t\t\t<\/div>\n\t\t\t\t<\/div>\n\t\t\t\t<\/div>","protected":false},"excerpt":{"rendered":"<p>Grafik Tasar\u0131m Kul\u00fcb\u00fc Grafik Tasar\u0131m Kul\u00fcb\u00fc, temel sanat kavramlar\u0131 ve grafik tasar\u0131mlar\u0131nda bu kavramlar\u0131n uygulama ve sentezlerini, \u00e7e\u015fitli grafik tasar\u0131m problemlerinin \u00e7\u00f6z\u00fcm\u00fcne y\u00f6nelik \u00e7al\u0131\u015fmalar\u0131 kapsamaktad\u0131r. Derslerde teorik ve uygulamal\u0131 konular ele al\u0131nmakta ve bunlar at\u00f6lye \u00e7al\u0131\u015fmalar\u0131 ile desteklenmektedir.<\/p>","protected":false},"author":1,"featured_media":0,"parent":0,"menu_order":0,"comment_status":"closed","ping_status":"closed","template":"elementor_header_footer","meta":{"_eb_attr":"","footnotes":""},"class_list":["post-5212","page","type-page","status-publish","hentry"],"aioseo_notices":[],"_links":{"self":[{"href":"https:\/\/www.beysukentkoleji.k12.tr\/en\/wp-json\/wp\/v2\/pages\/5212","targetHints":{"allow":["GET"]}}],"collection":[{"href":"https:\/\/www.beysukentkoleji.k12.tr\/en\/wp-json\/wp\/v2\/pages"}],"about":[{"href":"https:\/\/www.beysukentkoleji.k12.tr\/en\/wp-json\/wp\/v2\/types\/page"}],"author":[{"embeddable":true,"href":"https:\/\/www.beysukentkoleji.k12.tr\/en\/wp-json\/wp\/v2\/users\/1"}],"replies":[{"embeddable":true,"href":"https:\/\/www.beysukentkoleji.k12.tr\/en\/wp-json\/wp\/v2\/comments?post=5212"}],"version-history":[{"count":4,"href":"https:\/\/www.beysukentkoleji.k12.tr\/en\/wp-json\/wp\/v2\/pages\/5212\/revisions"}],"predecessor-version":[{"id":5335,"href":"https:\/\/www.beysukentkoleji.k12.tr\/en\/wp-json\/wp\/v2\/pages\/5212\/revisions\/5335"}],"wp:attachment":[{"href":"https:\/\/www.beysukentkoleji.k12.tr\/en\/wp-json\/wp\/v2\/media?parent=5212"}],"curies":[{"name":"wp","href":"https:\/\/api.w.org\/{rel}","templated":true}]}}