{"id":5202,"date":"2024-04-21T11:02:42","date_gmt":"2024-04-21T11:02:42","guid":{"rendered":"https:\/\/www.beysukentkoleji.k12.tr\/?page_id=5202"},"modified":"2024-04-21T12:15:10","modified_gmt":"2024-04-21T12:15:10","slug":"gitar-kulubu","status":"publish","type":"page","link":"https:\/\/www.beysukentkoleji.k12.tr\/en\/gitar-kulubu\/","title":{"rendered":"Guitar Club"},"content":{"rendered":"<div data-elementor-type=\"wp-page\" data-elementor-id=\"5202\" class=\"elementor elementor-5202\" data-elementor-post-type=\"page\">\n\t\t\t\t<div class=\"elementor-element elementor-element-7779b58 e-flex e-con-boxed e-con e-parent\" data-id=\"7779b58\" data-element_type=\"container\">\n\t\t\t\t\t<div class=\"e-con-inner\">\n\t\t<div class=\"elementor-element elementor-element-7ab20ca e-con-full e-flex e-con e-child\" data-id=\"7ab20ca\" data-element_type=\"container\">\n\t\t\t\t<div class=\"elementor-element elementor-element-2beba91 elementor-widget elementor-widget-image\" data-id=\"2beba91\" data-element_type=\"widget\" data-widget_type=\"image.default\">\n\t\t\t\t<div class=\"elementor-widget-container\">\n\t\t\t\t\t\t\t\t\t\t\t\t\t\t\t<img fetchpriority=\"high\" decoding=\"async\" width=\"566\" height=\"566\" src=\"https:\/\/www.beysukentkoleji.k12.tr\/wp-content\/uploads\/2024\/04\/gitar.png\" class=\"attachment-large size-large wp-image-5100\" alt=\"\" srcset=\"https:\/\/www.beysukentkoleji.k12.tr\/wp-content\/uploads\/2024\/04\/gitar.png 566w, https:\/\/www.beysukentkoleji.k12.tr\/wp-content\/uploads\/2024\/04\/gitar-300x300.png 300w, https:\/\/www.beysukentkoleji.k12.tr\/wp-content\/uploads\/2024\/04\/gitar-150x150.png 150w, https:\/\/www.beysukentkoleji.k12.tr\/wp-content\/uploads\/2024\/04\/gitar-12x12.png 12w\" sizes=\"(max-width: 566px) 100vw, 566px\" \/>\t\t\t\t\t\t\t\t\t\t\t\t\t\t\t<\/div>\n\t\t\t\t<\/div>\n\t\t\t\t<\/div>\n\t\t<div class=\"elementor-element elementor-element-5f608aa e-con-full e-flex e-con e-child\" data-id=\"5f608aa\" data-element_type=\"container\">\n\t\t\t\t<div class=\"elementor-element elementor-element-09f926f elementor-widget elementor-widget-text-editor\" data-id=\"09f926f\" data-element_type=\"widget\" data-widget_type=\"text-editor.default\">\n\t\t\t\t<div class=\"elementor-widget-container\">\n\t\t\t\t\t\t\t\t\t<h3 title=\"Guitar Club\">Guitar Club<\/h3><hr \/><p>Our club has been active for 5 years and provides beginner and intermediate level guitar lessons. Initially, we focus on basic music theory including notes and harmony. Then, we proceed to basic electric guitar techniques and exercises based on rock, blues, and heavy metal music patterns.<\/p>\t\t\t\t\t\t\t\t<\/div>\n\t\t\t\t<\/div>\n\t\t\t\t<\/div>\n\t\t\t\t\t<\/div>\n\t\t\t\t<\/div>\n\t\t\t\t<\/div>","protected":false},"excerpt":{"rendered":"<p>Gitar Kul\u00fcb\u00fc Kul\u00fcb\u00fcm\u00fcz 5 y\u0131ld\u0131r faaliyette olup ba\u015flang\u0131\u00e7 seviyesi ve orta seviyesi gitar e\u011fitimi vermektedir. \u00d6ncelikle temel nota ve armoni bilgisi \u00fczerine \u00e7al\u0131\u015f\u0131lmakta ard\u0131ndan temel elektrogitar teknikler, rock blues heavy metal m\u00fczik kal\u0131plar\u0131 \u00fczerine egzersizler yap\u0131lmaktad\u0131r.<\/p>","protected":false},"author":1,"featured_media":0,"parent":0,"menu_order":0,"comment_status":"closed","ping_status":"closed","template":"elementor_header_footer","meta":{"_eb_attr":"","footnotes":""},"class_list":["post-5202","page","type-page","status-publish","hentry"],"aioseo_notices":[],"_links":{"self":[{"href":"https:\/\/www.beysukentkoleji.k12.tr\/en\/wp-json\/wp\/v2\/pages\/5202","targetHints":{"allow":["GET"]}}],"collection":[{"href":"https:\/\/www.beysukentkoleji.k12.tr\/en\/wp-json\/wp\/v2\/pages"}],"about":[{"href":"https:\/\/www.beysukentkoleji.k12.tr\/en\/wp-json\/wp\/v2\/types\/page"}],"author":[{"embeddable":true,"href":"https:\/\/www.beysukentkoleji.k12.tr\/en\/wp-json\/wp\/v2\/users\/1"}],"replies":[{"embeddable":true,"href":"https:\/\/www.beysukentkoleji.k12.tr\/en\/wp-json\/wp\/v2\/comments?post=5202"}],"version-history":[{"count":4,"href":"https:\/\/www.beysukentkoleji.k12.tr\/en\/wp-json\/wp\/v2\/pages\/5202\/revisions"}],"predecessor-version":[{"id":5329,"href":"https:\/\/www.beysukentkoleji.k12.tr\/en\/wp-json\/wp\/v2\/pages\/5202\/revisions\/5329"}],"wp:attachment":[{"href":"https:\/\/www.beysukentkoleji.k12.tr\/en\/wp-json\/wp\/v2\/media?parent=5202"}],"curies":[{"name":"wp","href":"https:\/\/api.w.org\/{rel}","templated":true}]}}