{"id":5197,"date":"2024-04-21T11:01:56","date_gmt":"2024-04-21T11:01:56","guid":{"rendered":"https:\/\/www.beysukentkoleji.k12.tr\/?page_id=5197"},"modified":"2024-04-21T17:11:19","modified_gmt":"2024-04-21T17:11:19","slug":"genclik-ve-spor-kulubu","status":"publish","type":"page","link":"https:\/\/www.beysukentkoleji.k12.tr\/en\/genclik-ve-spor-kulubu\/","title":{"rendered":"Youth and Sports Club"},"content":{"rendered":"<div data-elementor-type=\"wp-page\" data-elementor-id=\"5197\" class=\"elementor elementor-5197\" data-elementor-post-type=\"page\">\n\t\t\t\t<div class=\"elementor-element elementor-element-9237409 e-flex e-con-boxed e-con e-parent\" data-id=\"9237409\" data-element_type=\"container\" data-settings=\"{&quot;background_background&quot;:&quot;classic&quot;}\">\n\t\t\t\t\t<div class=\"e-con-inner\">\n\t\t<div class=\"elementor-element elementor-element-abb1b0e e-con-full e-flex e-con e-child\" data-id=\"abb1b0e\" data-element_type=\"container\">\n\t\t\t\t<div class=\"elementor-element elementor-element-96f427d elementor-widget elementor-widget-image\" data-id=\"96f427d\" data-element_type=\"widget\" data-widget_type=\"image.default\">\n\t\t\t\t<div class=\"elementor-widget-container\">\n\t\t\t\t\t\t\t\t\t\t\t\t\t\t\t<img fetchpriority=\"high\" decoding=\"async\" width=\"600\" height=\"600\" src=\"https:\/\/www.beysukentkoleji.k12.tr\/wp-content\/uploads\/2024\/04\/beysukent-koleji-genclik-ve-spor-kulubu.jpg\" class=\"attachment-large size-large wp-image-5585\" alt=\"\" srcset=\"https:\/\/www.beysukentkoleji.k12.tr\/wp-content\/uploads\/2024\/04\/beysukent-koleji-genclik-ve-spor-kulubu.jpg 600w, https:\/\/www.beysukentkoleji.k12.tr\/wp-content\/uploads\/2024\/04\/beysukent-koleji-genclik-ve-spor-kulubu-300x300.jpg 300w, https:\/\/www.beysukentkoleji.k12.tr\/wp-content\/uploads\/2024\/04\/beysukent-koleji-genclik-ve-spor-kulubu-150x150.jpg 150w, https:\/\/www.beysukentkoleji.k12.tr\/wp-content\/uploads\/2024\/04\/beysukent-koleji-genclik-ve-spor-kulubu-12x12.jpg 12w\" sizes=\"(max-width: 600px) 100vw, 600px\" \/>\t\t\t\t\t\t\t\t\t\t\t\t\t\t\t<\/div>\n\t\t\t\t<\/div>\n\t\t\t\t<\/div>\n\t\t<div class=\"elementor-element elementor-element-a6182b3 e-con-full e-flex e-con e-child\" data-id=\"a6182b3\" data-element_type=\"container\">\n\t\t\t\t<div class=\"elementor-element elementor-element-04f7231 elementor-widget elementor-widget-text-editor\" data-id=\"04f7231\" data-element_type=\"widget\" data-widget_type=\"text-editor.default\">\n\t\t\t\t<div class=\"elementor-widget-container\">\n\t\t\t\t\t\t\t\t\t<p title=\"Youth and Sports Club\">It was established to provide infrastructure information for our country's sports, to enable athletes to do different sports, to ensure mutual love and respect, to contribute to the development of the spiritual power of the Club, and to be involved in various cultural and sports components. In this context, they first work with male and female athletes between the ages of 5 and 16 in the branches of Football, Basketball, Volleyball, Swimming, Handball and Gymnastics.<\/p><p class=\"col-sm-4 col-xs-6 ta-center\">\u00a0<\/p>\t\t\t\t\t\t\t\t<\/div>\n\t\t\t\t<\/div>\n\t\t\t\t<\/div>\n\t\t\t\t\t<\/div>\n\t\t\t\t<\/div>\n\t\t<div class=\"elementor-element elementor-element-9be1dba e-flex e-con-boxed e-con e-parent\" data-id=\"9be1dba\" data-element_type=\"container\" data-settings=\"{&quot;background_background&quot;:&quot;classic&quot;}\">\n\t\t\t\t\t<div class=\"e-con-inner\">\n\t\t<div class=\"elementor-element elementor-element-8076eaa e-con-full e-flex e-con e-child\" data-id=\"8076eaa\" data-element_type=\"container\">\n\t\t\t\t<div class=\"elementor-element elementor-element-c274c20 elementor-widget elementor-widget-image\" data-id=\"c274c20\" data-element_type=\"widget\" data-widget_type=\"image.default\">\n\t\t\t\t<div class=\"elementor-widget-container\">\n\t\t\t\t\t\t\t\t\t\t\t\t<figure class=\"wp-caption\">\n\t\t\t\t\t\t\t\t\t\t<img decoding=\"async\" width=\"300\" height=\"300\" src=\"https:\/\/www.beysukentkoleji.k12.tr\/wp-content\/uploads\/2024\/04\/futbol-300x300.jpg\" class=\"attachment-medium size-medium wp-image-5597\" alt=\"\" srcset=\"https:\/\/www.beysukentkoleji.k12.tr\/wp-content\/uploads\/2024\/04\/futbol-300x300.jpg 300w, https:\/\/www.beysukentkoleji.k12.tr\/wp-content\/uploads\/2024\/04\/futbol-150x150.jpg 150w, https:\/\/www.beysukentkoleji.k12.tr\/wp-content\/uploads\/2024\/04\/futbol-12x12.jpg 12w, https:\/\/www.beysukentkoleji.k12.tr\/wp-content\/uploads\/2024\/04\/futbol.jpg 600w\" sizes=\"(max-width: 300px) 100vw, 300px\" \/>\t\t\t\t\t\t\t\t\t\t\t<figcaption class=\"widget-image-caption wp-caption-text\">Football<\/figcaption>\n\t\t\t\t\t\t\t\t\t\t<\/figure>\n\t\t\t\t\t\t\t\t\t<\/div>\n\t\t\t\t<\/div>\n\t\t\t\t<\/div>\n\t\t<div class=\"elementor-element elementor-element-72304cd e-con-full e-flex e-con e-child\" data-id=\"72304cd\" data-element_type=\"container\">\n\t\t\t\t<div class=\"elementor-element elementor-element-7192a7a elementor-widget elementor-widget-image\" data-id=\"7192a7a\" data-element_type=\"widget\" data-widget_type=\"image.default\">\n\t\t\t\t<div class=\"elementor-widget-container\">\n\t\t\t\t\t\t\t\t\t\t\t\t<figure class=\"wp-caption\">\n\t\t\t\t\t\t\t\t\t\t<img decoding=\"async\" width=\"300\" height=\"300\" src=\"https:\/\/www.beysukentkoleji.k12.tr\/wp-content\/uploads\/2024\/04\/basketbol-300x300.jpg\" class=\"attachment-medium size-medium wp-image-5596\" alt=\"\" srcset=\"https:\/\/www.beysukentkoleji.k12.tr\/wp-content\/uploads\/2024\/04\/basketbol-300x300.jpg 300w, https:\/\/www.beysukentkoleji.k12.tr\/wp-content\/uploads\/2024\/04\/basketbol-150x150.jpg 150w, https:\/\/www.beysukentkoleji.k12.tr\/wp-content\/uploads\/2024\/04\/basketbol-12x12.jpg 12w, https:\/\/www.beysukentkoleji.k12.tr\/wp-content\/uploads\/2024\/04\/basketbol.jpg 600w\" sizes=\"(max-width: 300px) 100vw, 300px\" \/>\t\t\t\t\t\t\t\t\t\t\t<figcaption class=\"widget-image-caption wp-caption-text\">Basketball<\/figcaption>\n\t\t\t\t\t\t\t\t\t\t<\/figure>\n\t\t\t\t\t\t\t\t\t<\/div>\n\t\t\t\t<\/div>\n\t\t\t\t<\/div>\n\t\t<div class=\"elementor-element elementor-element-82635ce e-con-full e-flex e-con e-child\" data-id=\"82635ce\" data-element_type=\"container\">\n\t\t\t\t<div class=\"elementor-element elementor-element-40d2e5f elementor-widget elementor-widget-image\" data-id=\"40d2e5f\" data-element_type=\"widget\" data-widget_type=\"image.default\">\n\t\t\t\t<div class=\"elementor-widget-container\">\n\t\t\t\t\t\t\t\t\t\t\t\t<figure class=\"wp-caption\">\n\t\t\t\t\t\t\t\t\t\t<img loading=\"lazy\" decoding=\"async\" width=\"300\" height=\"300\" src=\"https:\/\/www.beysukentkoleji.k12.tr\/wp-content\/uploads\/2024\/04\/voleybol1-300x300.jpg\" class=\"attachment-medium size-medium wp-image-5595\" alt=\"\" srcset=\"https:\/\/www.beysukentkoleji.k12.tr\/wp-content\/uploads\/2024\/04\/voleybol1-300x300.jpg 300w, https:\/\/www.beysukentkoleji.k12.tr\/wp-content\/uploads\/2024\/04\/voleybol1-150x150.jpg 150w, https:\/\/www.beysukentkoleji.k12.tr\/wp-content\/uploads\/2024\/04\/voleybol1-12x12.jpg 12w, https:\/\/www.beysukentkoleji.k12.tr\/wp-content\/uploads\/2024\/04\/voleybol1.jpg 600w\" sizes=\"(max-width: 300px) 100vw, 300px\" \/>\t\t\t\t\t\t\t\t\t\t\t<figcaption class=\"widget-image-caption wp-caption-text\">Volleyball<\/figcaption>\n\t\t\t\t\t\t\t\t\t\t<\/figure>\n\t\t\t\t\t\t\t\t\t<\/div>\n\t\t\t\t<\/div>\n\t\t\t\t<\/div>\n\t\t<div class=\"elementor-element elementor-element-ab79beb e-con-full e-flex e-con e-child\" data-id=\"ab79beb\" data-element_type=\"container\">\n\t\t\t\t<div class=\"elementor-element elementor-element-9e43a25 elementor-widget elementor-widget-image\" data-id=\"9e43a25\" data-element_type=\"widget\" data-widget_type=\"image.default\">\n\t\t\t\t<div class=\"elementor-widget-container\">\n\t\t\t\t\t\t\t\t\t\t\t\t<figure class=\"wp-caption\">\n\t\t\t\t\t\t\t\t\t\t<img loading=\"lazy\" decoding=\"async\" width=\"300\" height=\"300\" src=\"https:\/\/www.beysukentkoleji.k12.tr\/wp-content\/uploads\/2024\/04\/yuzme-300x300.jpg\" class=\"attachment-medium size-medium wp-image-5594\" alt=\"\" srcset=\"https:\/\/www.beysukentkoleji.k12.tr\/wp-content\/uploads\/2024\/04\/yuzme-300x300.jpg 300w, https:\/\/www.beysukentkoleji.k12.tr\/wp-content\/uploads\/2024\/04\/yuzme-150x150.jpg 150w, https:\/\/www.beysukentkoleji.k12.tr\/wp-content\/uploads\/2024\/04\/yuzme-12x12.jpg 12w, https:\/\/www.beysukentkoleji.k12.tr\/wp-content\/uploads\/2024\/04\/yuzme.jpg 600w\" sizes=\"(max-width: 300px) 100vw, 300px\" \/>\t\t\t\t\t\t\t\t\t\t\t<figcaption class=\"widget-image-caption wp-caption-text\">Swim<\/figcaption>\n\t\t\t\t\t\t\t\t\t\t<\/figure>\n\t\t\t\t\t\t\t\t\t<\/div>\n\t\t\t\t<\/div>\n\t\t\t\t<\/div>\n\t\t<div class=\"elementor-element elementor-element-1aae286 e-con-full e-flex e-con e-child\" data-id=\"1aae286\" data-element_type=\"container\">\n\t\t\t\t<div class=\"elementor-element elementor-element-70e9ce7 elementor-widget elementor-widget-image\" data-id=\"70e9ce7\" data-element_type=\"widget\" data-widget_type=\"image.default\">\n\t\t\t\t<div class=\"elementor-widget-container\">\n\t\t\t\t\t\t\t\t\t\t\t\t<figure class=\"wp-caption\">\n\t\t\t\t\t\t\t\t\t\t<img loading=\"lazy\" decoding=\"async\" width=\"300\" height=\"300\" src=\"https:\/\/www.beysukentkoleji.k12.tr\/wp-content\/uploads\/2024\/04\/hentbol-300x300.jpg\" class=\"attachment-medium size-medium wp-image-5593\" alt=\"\" srcset=\"https:\/\/www.beysukentkoleji.k12.tr\/wp-content\/uploads\/2024\/04\/hentbol-300x300.jpg 300w, https:\/\/www.beysukentkoleji.k12.tr\/wp-content\/uploads\/2024\/04\/hentbol-150x150.jpg 150w, https:\/\/www.beysukentkoleji.k12.tr\/wp-content\/uploads\/2024\/04\/hentbol-12x12.jpg 12w, https:\/\/www.beysukentkoleji.k12.tr\/wp-content\/uploads\/2024\/04\/hentbol.jpg 600w\" sizes=\"(max-width: 300px) 100vw, 300px\" \/>\t\t\t\t\t\t\t\t\t\t\t<figcaption class=\"widget-image-caption wp-caption-text\">Handball<\/figcaption>\n\t\t\t\t\t\t\t\t\t\t<\/figure>\n\t\t\t\t\t\t\t\t\t<\/div>\n\t\t\t\t<\/div>\n\t\t\t\t<\/div>\n\t\t<div class=\"elementor-element elementor-element-aadecc3 e-con-full e-flex e-con e-child\" data-id=\"aadecc3\" data-element_type=\"container\">\n\t\t\t\t<div class=\"elementor-element elementor-element-9e5480a elementor-widget elementor-widget-image\" data-id=\"9e5480a\" data-element_type=\"widget\" data-widget_type=\"image.default\">\n\t\t\t\t<div class=\"elementor-widget-container\">\n\t\t\t\t\t\t\t\t\t\t\t\t<figure class=\"wp-caption\">\n\t\t\t\t\t\t\t\t\t\t<img loading=\"lazy\" decoding=\"async\" width=\"300\" height=\"300\" src=\"https:\/\/www.beysukentkoleji.k12.tr\/wp-content\/uploads\/2024\/04\/jimnastik-300x300.jpg\" class=\"attachment-medium size-medium wp-image-5592\" alt=\"\" srcset=\"https:\/\/www.beysukentkoleji.k12.tr\/wp-content\/uploads\/2024\/04\/jimnastik-300x300.jpg 300w, https:\/\/www.beysukentkoleji.k12.tr\/wp-content\/uploads\/2024\/04\/jimnastik-150x150.jpg 150w, https:\/\/www.beysukentkoleji.k12.tr\/wp-content\/uploads\/2024\/04\/jimnastik-12x12.jpg 12w, https:\/\/www.beysukentkoleji.k12.tr\/wp-content\/uploads\/2024\/04\/jimnastik.jpg 600w\" sizes=\"(max-width: 300px) 100vw, 300px\" \/>\t\t\t\t\t\t\t\t\t\t\t<figcaption class=\"widget-image-caption wp-caption-text\">Gymnastic<\/figcaption>\n\t\t\t\t\t\t\t\t\t\t<\/figure>\n\t\t\t\t\t\t\t\t\t<\/div>\n\t\t\t\t<\/div>\n\t\t\t\t<\/div>\n\t\t\t\t\t<\/div>\n\t\t\t\t<\/div>\n\t\t\t\t<\/div>","protected":false},"excerpt":{"rendered":"<p>Kul\u00fcb\u00fcm\u00fcz;\u00fclkemiz sporuna altyap\u0131lar haz\u0131rlamak, sporcular\u0131n farkl\u0131 sporlar da yapabilmesine imk\u00e2n sa\u011flamak, kar\u015f\u0131l\u0131kl\u0131 sevgi ve sayg\u0131y\u0131 yerle\u015ftirmek, ruhsal ve bedensel olarak geli\u015fimlerine katk\u0131da bulunmak, \u00e7e\u015fitli k\u00fclt\u00fcrel ve sportif faaliyetlerin i\u00e7inde bulunmak amac\u0131yla kurulmu\u015ftur. Bu ba\u011flamda ilk olarak Futbol, Basketbol, Voleybol, Y\u00fczme, Hentbol ve Jimnastik bran\u015flar\u0131nda 5 \u2013 16 ya\u015f aras\u0131 k\u0131z ve erkek sporcular ile \u00e7al\u0131\u015fmalar [&hellip;]<\/p>","protected":false},"author":1,"featured_media":0,"parent":0,"menu_order":0,"comment_status":"closed","ping_status":"closed","template":"elementor_header_footer","meta":{"_eb_attr":"","footnotes":""},"class_list":["post-5197","page","type-page","status-publish","hentry"],"aioseo_notices":[],"_links":{"self":[{"href":"https:\/\/www.beysukentkoleji.k12.tr\/en\/wp-json\/wp\/v2\/pages\/5197","targetHints":{"allow":["GET"]}}],"collection":[{"href":"https:\/\/www.beysukentkoleji.k12.tr\/en\/wp-json\/wp\/v2\/pages"}],"about":[{"href":"https:\/\/www.beysukentkoleji.k12.tr\/en\/wp-json\/wp\/v2\/types\/page"}],"author":[{"embeddable":true,"href":"https:\/\/www.beysukentkoleji.k12.tr\/en\/wp-json\/wp\/v2\/users\/1"}],"replies":[{"embeddable":true,"href":"https:\/\/www.beysukentkoleji.k12.tr\/en\/wp-json\/wp\/v2\/comments?post=5197"}],"version-history":[{"count":25,"href":"https:\/\/www.beysukentkoleji.k12.tr\/en\/wp-json\/wp\/v2\/pages\/5197\/revisions"}],"predecessor-version":[{"id":5612,"href":"https:\/\/www.beysukentkoleji.k12.tr\/en\/wp-json\/wp\/v2\/pages\/5197\/revisions\/5612"}],"wp:attachment":[{"href":"https:\/\/www.beysukentkoleji.k12.tr\/en\/wp-json\/wp\/v2\/media?parent=5197"}],"curies":[{"name":"wp","href":"https:\/\/api.w.org\/{rel}","templated":true}]}}