{"id":5187,"date":"2024-04-21T11:00:29","date_gmt":"2024-04-21T11:00:29","guid":{"rendered":"https:\/\/www.beysukentkoleji.k12.tr\/?page_id=5187"},"modified":"2024-04-21T12:07:56","modified_gmt":"2024-04-21T12:07:56","slug":"film-belgesel-kulubu","status":"publish","type":"page","link":"https:\/\/www.beysukentkoleji.k12.tr\/en\/film-belgesel-kulubu\/","title":{"rendered":"Movie &amp; Documentary Club"},"content":{"rendered":"<div data-elementor-type=\"wp-page\" data-elementor-id=\"5187\" class=\"elementor elementor-5187\" data-elementor-post-type=\"page\">\n\t\t\t\t<div class=\"elementor-element elementor-element-eac1795 e-flex e-con-boxed e-con e-parent\" data-id=\"eac1795\" data-element_type=\"container\">\n\t\t\t\t\t<div class=\"e-con-inner\">\n\t\t<div class=\"elementor-element elementor-element-7691e9c e-con-full e-flex e-con e-child\" data-id=\"7691e9c\" data-element_type=\"container\">\n\t\t\t\t<div class=\"elementor-element elementor-element-fb13445 elementor-widget elementor-widget-image\" data-id=\"fb13445\" data-element_type=\"widget\" data-widget_type=\"image.default\">\n\t\t\t\t<div class=\"elementor-widget-container\">\n\t\t\t\t\t\t\t\t\t\t\t\t\t\t\t<img fetchpriority=\"high\" decoding=\"async\" width=\"566\" height=\"566\" src=\"https:\/\/www.beysukentkoleji.k12.tr\/wp-content\/uploads\/2024\/04\/bys.png\" class=\"attachment-large size-large wp-image-5083\" alt=\"\" srcset=\"https:\/\/www.beysukentkoleji.k12.tr\/wp-content\/uploads\/2024\/04\/bys.png 566w, https:\/\/www.beysukentkoleji.k12.tr\/wp-content\/uploads\/2024\/04\/bys-300x300.png 300w, https:\/\/www.beysukentkoleji.k12.tr\/wp-content\/uploads\/2024\/04\/bys-150x150.png 150w, https:\/\/www.beysukentkoleji.k12.tr\/wp-content\/uploads\/2024\/04\/bys-12x12.png 12w\" sizes=\"(max-width: 566px) 100vw, 566px\" \/>\t\t\t\t\t\t\t\t\t\t\t\t\t\t\t<\/div>\n\t\t\t\t<\/div>\n\t\t\t\t<\/div>\n\t\t<div class=\"elementor-element elementor-element-ac6c9e6 e-con-full e-flex e-con e-child\" data-id=\"ac6c9e6\" data-element_type=\"container\">\n\t\t\t\t<div class=\"elementor-element elementor-element-487253b elementor-widget elementor-widget-text-editor\" data-id=\"487253b\" data-element_type=\"widget\" data-widget_type=\"text-editor.default\">\n\t\t\t\t<div class=\"elementor-widget-container\">\n\t\t\t\t\t\t\t\t\t<h3 title=\"Movie &amp; Documentary Club\">Movie &amp; Documentary Club<\/h3><hr \/><p>As the Film and Documentary Club, our goal is to enhance students' critical thinking skills, broaden their general knowledge, and develop their abilities in reasoning and empathy.<\/p>\t\t\t\t\t\t\t\t<\/div>\n\t\t\t\t<\/div>\n\t\t\t\t<\/div>\n\t\t\t\t\t<\/div>\n\t\t\t\t<\/div>\n\t\t\t\t<\/div>","protected":false},"excerpt":{"rendered":"<p>Film &amp; Belgesel Kul\u00fcb\u00fc Film, Belgesel Kul\u00fcb\u00fc olarak \u00f6\u011frencilerin d\u00fc\u015f\u00fcnme becerilerini geli\u015ftirmeyi, genel k\u00fclt\u00fcrlerini art\u0131rmay\u0131, muhakeme ve empati yeteneklerini geli\u015ftirmelerini ama\u00e7l\u0131yoruz.<\/p>","protected":false},"author":1,"featured_media":0,"parent":0,"menu_order":0,"comment_status":"closed","ping_status":"closed","template":"elementor_header_footer","meta":{"_eb_attr":"","footnotes":""},"class_list":["post-5187","page","type-page","status-publish","hentry"],"aioseo_notices":[],"_links":{"self":[{"href":"https:\/\/www.beysukentkoleji.k12.tr\/en\/wp-json\/wp\/v2\/pages\/5187","targetHints":{"allow":["GET"]}}],"collection":[{"href":"https:\/\/www.beysukentkoleji.k12.tr\/en\/wp-json\/wp\/v2\/pages"}],"about":[{"href":"https:\/\/www.beysukentkoleji.k12.tr\/en\/wp-json\/wp\/v2\/types\/page"}],"author":[{"embeddable":true,"href":"https:\/\/www.beysukentkoleji.k12.tr\/en\/wp-json\/wp\/v2\/users\/1"}],"replies":[{"embeddable":true,"href":"https:\/\/www.beysukentkoleji.k12.tr\/en\/wp-json\/wp\/v2\/comments?post=5187"}],"version-history":[{"count":4,"href":"https:\/\/www.beysukentkoleji.k12.tr\/en\/wp-json\/wp\/v2\/pages\/5187\/revisions"}],"predecessor-version":[{"id":5319,"href":"https:\/\/www.beysukentkoleji.k12.tr\/en\/wp-json\/wp\/v2\/pages\/5187\/revisions\/5319"}],"wp:attachment":[{"href":"https:\/\/www.beysukentkoleji.k12.tr\/en\/wp-json\/wp\/v2\/media?parent=5187"}],"curies":[{"name":"wp","href":"https:\/\/api.w.org\/{rel}","templated":true}]}}