{"id":5182,"date":"2024-04-21T10:59:40","date_gmt":"2024-04-21T10:59:40","guid":{"rendered":"https:\/\/www.beysukentkoleji.k12.tr\/?page_id=5182"},"modified":"2024-04-21T12:05:30","modified_gmt":"2024-04-21T12:05:30","slug":"drama-kulubu","status":"publish","type":"page","link":"https:\/\/www.beysukentkoleji.k12.tr\/en\/drama-kulubu\/","title":{"rendered":"Drama Club"},"content":{"rendered":"<div data-elementor-type=\"wp-page\" data-elementor-id=\"5182\" class=\"elementor elementor-5182\" data-elementor-post-type=\"page\">\n\t\t\t\t<div class=\"elementor-element elementor-element-b09ba20 e-flex e-con-boxed e-con e-parent\" data-id=\"b09ba20\" data-element_type=\"container\">\n\t\t\t\t\t<div class=\"e-con-inner\">\n\t\t<div class=\"elementor-element elementor-element-bb0186f e-con-full e-flex e-con e-child\" data-id=\"bb0186f\" data-element_type=\"container\">\n\t\t\t\t<div class=\"elementor-element elementor-element-3c22c3c elementor-widget elementor-widget-image\" data-id=\"3c22c3c\" data-element_type=\"widget\" data-widget_type=\"image.default\">\n\t\t\t\t<div class=\"elementor-widget-container\">\n\t\t\t\t\t\t\t\t\t\t\t\t\t\t\t<img fetchpriority=\"high\" decoding=\"async\" width=\"566\" height=\"566\" src=\"https:\/\/www.beysukentkoleji.k12.tr\/wp-content\/uploads\/2024\/04\/bys.png\" class=\"attachment-large size-large wp-image-5083\" alt=\"\" srcset=\"https:\/\/www.beysukentkoleji.k12.tr\/wp-content\/uploads\/2024\/04\/bys.png 566w, https:\/\/www.beysukentkoleji.k12.tr\/wp-content\/uploads\/2024\/04\/bys-300x300.png 300w, https:\/\/www.beysukentkoleji.k12.tr\/wp-content\/uploads\/2024\/04\/bys-150x150.png 150w, https:\/\/www.beysukentkoleji.k12.tr\/wp-content\/uploads\/2024\/04\/bys-12x12.png 12w\" sizes=\"(max-width: 566px) 100vw, 566px\" \/>\t\t\t\t\t\t\t\t\t\t\t\t\t\t\t<\/div>\n\t\t\t\t<\/div>\n\t\t\t\t<\/div>\n\t\t<div class=\"elementor-element elementor-element-9e047b2 e-con-full e-flex e-con e-child\" data-id=\"9e047b2\" data-element_type=\"container\">\n\t\t\t\t<div class=\"elementor-element elementor-element-abc79af elementor-widget elementor-widget-text-editor\" data-id=\"abc79af\" data-element_type=\"widget\" data-widget_type=\"text-editor.default\">\n\t\t\t\t<div class=\"elementor-widget-container\">\n\t\t\t\t\t\t\t\t\t<h3 title=\"Drama Club\">Drama Club<\/h3><hr \/><p>Creative Drama is where real-world experiences meet imagination.<br \/><br \/>It is an activity process aimed at cognitive restructuring by developing games or plays within group work using theater techniques such as improvisation, role-playing, etc.<\/p>\t\t\t\t\t\t\t\t<\/div>\n\t\t\t\t<\/div>\n\t\t\t\t<\/div>\n\t\t\t\t\t<\/div>\n\t\t\t\t<\/div>\n\t\t\t\t<\/div>","protected":false},"excerpt":{"rendered":"<p>Drama Kul\u00fcb\u00fc Yarat\u0131c\u0131 Drama: Ger\u00e7ek d\u00fcnya deneyimleriyle hayal g\u00fcc\u00fcn\u00fcn bir araya geldi\u011fi yerdir. Do\u011fa\u00e7lama rol yapma vb. tiyatro tekniklerinden yararlanarak grup \u00e7al\u0131\u015fmas\u0131 i\u00e7erisinde oyun ya da oyunlar geli\u015ftirerek bili\u015fsel olarak yeniden yap\u0131land\u0131rmaya y\u00f6nelik etkinlik s\u00fcrecidir.<\/p>","protected":false},"author":1,"featured_media":0,"parent":0,"menu_order":0,"comment_status":"closed","ping_status":"closed","template":"elementor_header_footer","meta":{"_eb_attr":"","footnotes":""},"class_list":["post-5182","page","type-page","status-publish","hentry"],"aioseo_notices":[],"_links":{"self":[{"href":"https:\/\/www.beysukentkoleji.k12.tr\/en\/wp-json\/wp\/v2\/pages\/5182","targetHints":{"allow":["GET"]}}],"collection":[{"href":"https:\/\/www.beysukentkoleji.k12.tr\/en\/wp-json\/wp\/v2\/pages"}],"about":[{"href":"https:\/\/www.beysukentkoleji.k12.tr\/en\/wp-json\/wp\/v2\/types\/page"}],"author":[{"embeddable":true,"href":"https:\/\/www.beysukentkoleji.k12.tr\/en\/wp-json\/wp\/v2\/users\/1"}],"replies":[{"embeddable":true,"href":"https:\/\/www.beysukentkoleji.k12.tr\/en\/wp-json\/wp\/v2\/comments?post=5182"}],"version-history":[{"count":4,"href":"https:\/\/www.beysukentkoleji.k12.tr\/en\/wp-json\/wp\/v2\/pages\/5182\/revisions"}],"predecessor-version":[{"id":5316,"href":"https:\/\/www.beysukentkoleji.k12.tr\/en\/wp-json\/wp\/v2\/pages\/5182\/revisions\/5316"}],"wp:attachment":[{"href":"https:\/\/www.beysukentkoleji.k12.tr\/en\/wp-json\/wp\/v2\/media?parent=5182"}],"curies":[{"name":"wp","href":"https:\/\/api.w.org\/{rel}","templated":true}]}}