{"id":5172,"date":"2024-04-21T10:58:23","date_gmt":"2024-04-21T10:58:23","guid":{"rendered":"https:\/\/www.beysukentkoleji.k12.tr\/?page_id=5172"},"modified":"2024-04-21T12:01:40","modified_gmt":"2024-04-21T12:01:40","slug":"basketbol-kulubu","status":"publish","type":"page","link":"https:\/\/www.beysukentkoleji.k12.tr\/en\/basketbol-kulubu\/","title":{"rendered":"Basketball Club"},"content":{"rendered":"<div data-elementor-type=\"wp-page\" data-elementor-id=\"5172\" class=\"elementor elementor-5172\" data-elementor-post-type=\"page\">\n\t\t\t\t<div class=\"elementor-element elementor-element-ea11c7d e-flex e-con-boxed e-con e-parent\" data-id=\"ea11c7d\" data-element_type=\"container\">\n\t\t\t\t\t<div class=\"e-con-inner\">\n\t\t<div class=\"elementor-element elementor-element-19af2c3 e-con-full e-flex e-con e-child\" data-id=\"19af2c3\" data-element_type=\"container\">\n\t\t\t\t<div class=\"elementor-element elementor-element-a12c648 elementor-widget elementor-widget-image\" data-id=\"a12c648\" data-element_type=\"widget\" data-widget_type=\"image.default\">\n\t\t\t\t<div class=\"elementor-widget-container\">\n\t\t\t\t\t\t\t\t\t\t\t\t\t\t\t<img fetchpriority=\"high\" decoding=\"async\" width=\"566\" height=\"566\" src=\"https:\/\/www.beysukentkoleji.k12.tr\/wp-content\/uploads\/2024\/04\/basket.png\" class=\"attachment-large size-large wp-image-5087\" alt=\"\" srcset=\"https:\/\/www.beysukentkoleji.k12.tr\/wp-content\/uploads\/2024\/04\/basket.png 566w, https:\/\/www.beysukentkoleji.k12.tr\/wp-content\/uploads\/2024\/04\/basket-300x300.png 300w, https:\/\/www.beysukentkoleji.k12.tr\/wp-content\/uploads\/2024\/04\/basket-150x150.png 150w, https:\/\/www.beysukentkoleji.k12.tr\/wp-content\/uploads\/2024\/04\/basket-12x12.png 12w\" sizes=\"(max-width: 566px) 100vw, 566px\" \/>\t\t\t\t\t\t\t\t\t\t\t\t\t\t\t<\/div>\n\t\t\t\t<\/div>\n\t\t\t\t<\/div>\n\t\t<div class=\"elementor-element elementor-element-c9bff47 e-con-full e-flex e-con e-child\" data-id=\"c9bff47\" data-element_type=\"container\">\n\t\t\t\t<div class=\"elementor-element elementor-element-15f0b18 elementor-widget elementor-widget-text-editor\" data-id=\"15f0b18\" data-element_type=\"widget\" data-widget_type=\"text-editor.default\">\n\t\t\t\t<div class=\"elementor-widget-container\">\n\t\t\t\t\t\t\t\t\t<h3 title=\"Basketball Club\">Basketball Club<\/h3><hr \/><p>Our Basketball Club has been active since the inception of our school, with the participation of both current and new students every year. All students who love playing basketball, aim to learn the rules of basketball correctly, and want to improve themselves are provided with professional training by our expert physical education teacher.<\/p>\t\t\t\t\t\t\t\t<\/div>\n\t\t\t\t<\/div>\n\t\t\t\t<\/div>\n\t\t\t\t\t<\/div>\n\t\t\t\t<\/div>\n\t\t\t\t<\/div>","protected":false},"excerpt":{"rendered":"<p>Basketbol Kul\u00fcb\u00fc Basketbol Kul\u00fcb\u00fcm\u00fcz; okulumuzun faaliyete ge\u00e7ti\u011fi y\u0131ldan itibaren, her y\u0131l eski ve yeni \u00f6\u011frencilerimizin kat\u0131l\u0131m\u0131yla devam etmektedir. Basketbol oynamay\u0131 seven, basketbolun kurallar\u0131n\u0131 en do\u011fru \u015fekilde \u00f6\u011frenmek ve kendisini geli\u015ftirmek isteyen b\u00fct\u00fcn \u00f6\u011frencilerimize, alan\u0131nda uzman beden e\u011fitimi \u00f6\u011fretmenimiz taraf\u0131ndan profesyonel bir \u015fekilde e\u011fitimi verilmektedir.<\/p>","protected":false},"author":1,"featured_media":0,"parent":0,"menu_order":0,"comment_status":"closed","ping_status":"closed","template":"elementor_header_footer","meta":{"_eb_attr":"","footnotes":""},"class_list":["post-5172","page","type-page","status-publish","hentry"],"aioseo_notices":[],"_links":{"self":[{"href":"https:\/\/www.beysukentkoleji.k12.tr\/en\/wp-json\/wp\/v2\/pages\/5172","targetHints":{"allow":["GET"]}}],"collection":[{"href":"https:\/\/www.beysukentkoleji.k12.tr\/en\/wp-json\/wp\/v2\/pages"}],"about":[{"href":"https:\/\/www.beysukentkoleji.k12.tr\/en\/wp-json\/wp\/v2\/types\/page"}],"author":[{"embeddable":true,"href":"https:\/\/www.beysukentkoleji.k12.tr\/en\/wp-json\/wp\/v2\/users\/1"}],"replies":[{"embeddable":true,"href":"https:\/\/www.beysukentkoleji.k12.tr\/en\/wp-json\/wp\/v2\/comments?post=5172"}],"version-history":[{"count":4,"href":"https:\/\/www.beysukentkoleji.k12.tr\/en\/wp-json\/wp\/v2\/pages\/5172\/revisions"}],"predecessor-version":[{"id":5310,"href":"https:\/\/www.beysukentkoleji.k12.tr\/en\/wp-json\/wp\/v2\/pages\/5172\/revisions\/5310"}],"wp:attachment":[{"href":"https:\/\/www.beysukentkoleji.k12.tr\/en\/wp-json\/wp\/v2\/media?parent=5172"}],"curies":[{"name":"wp","href":"https:\/\/api.w.org\/{rel}","templated":true}]}}