{"id":4805,"date":"2024-04-19T08:14:44","date_gmt":"2024-04-19T08:14:44","guid":{"rendered":"https:\/\/www.beysukentkoleji.k12.tr\/?page_id=4805"},"modified":"2024-04-26T06:44:18","modified_gmt":"2024-04-26T06:44:18","slug":"kvkk-bilgilendirme-formu","status":"publish","type":"page","link":"https:\/\/www.beysukentkoleji.k12.tr\/en\/kvkk-bilgilendirme-formu\/","title":{"rendered":"GDPR - General Data Protection Regulation Information Form"},"content":{"rendered":"<div data-elementor-type=\"wp-page\" data-elementor-id=\"4805\" class=\"elementor elementor-4805\" data-elementor-post-type=\"page\">\n\t\t\t\t<div class=\"elementor-element elementor-element-5f53059 e-flex e-con-boxed e-con e-parent\" data-id=\"5f53059\" data-element_type=\"container\">\n\t\t\t\t\t<div class=\"e-con-inner\">\n\t\t<div class=\"elementor-element elementor-element-aee6d32 e-con-full e-flex e-con e-child\" data-id=\"aee6d32\" data-element_type=\"container\">\n\t\t<div class=\"elementor-element elementor-element-8bb944f e-con-full e-flex e-con e-child\" data-id=\"8bb944f\" data-element_type=\"container\">\n\t\t\t\t<div class=\"elementor-element elementor-element-b96d753 elementor-widget elementor-widget-image\" data-id=\"b96d753\" data-element_type=\"widget\" data-widget_type=\"image.default\">\n\t\t\t\t<div class=\"elementor-widget-container\">\n\t\t\t\t\t\t\t\t\t\t\t\t\t\t\t<img fetchpriority=\"high\" decoding=\"async\" width=\"566\" height=\"566\" src=\"https:\/\/www.beysukentkoleji.k12.tr\/wp-content\/uploads\/2024\/04\/hakkimizda.png\" class=\"attachment-large size-large wp-image-4756\" alt=\"\" srcset=\"https:\/\/www.beysukentkoleji.k12.tr\/wp-content\/uploads\/2024\/04\/hakkimizda.png 566w, https:\/\/www.beysukentkoleji.k12.tr\/wp-content\/uploads\/2024\/04\/hakkimizda-300x300.png 300w, https:\/\/www.beysukentkoleji.k12.tr\/wp-content\/uploads\/2024\/04\/hakkimizda-150x150.png 150w, https:\/\/www.beysukentkoleji.k12.tr\/wp-content\/uploads\/2024\/04\/hakkimizda-12x12.png 12w\" sizes=\"(max-width: 566px) 100vw, 566px\" \/>\t\t\t\t\t\t\t\t\t\t\t\t\t\t\t<\/div>\n\t\t\t\t<\/div>\n\t\t\t\t<div class=\"elementor-element elementor-element-4cb57ef elementor-widget elementor-widget-eael-creative-button\" data-id=\"4cb57ef\" data-element_type=\"widget\" data-widget_type=\"eael-creative-button.default\">\n\t\t\t\t<div class=\"elementor-widget-container\">\n\t\t\t\t\t        <div class=\"eael-creative-button-wrapper\">\n\n            <a class=\"eael-creative-button eael-creative-button--default\" href=\"https:\/\/www.beysukentkoleji.k12.tr\/en\/kurumsal\/\" data-text=\"Go!\">\n\n\t    \n                <div class=\"creative-button-inner\">\n\n                    \n                    <span class=\"cretive-button-text\">About Us<\/span>\n\n                                    <\/div>\n\t                        <\/a>\n        <\/div>\n        \t\t\t\t<\/div>\n\t\t\t\t<\/div>\n\t\t\t\t<div class=\"elementor-element elementor-element-f95a761 elementor-widget elementor-widget-eael-creative-button\" data-id=\"f95a761\" data-element_type=\"widget\" data-widget_type=\"eael-creative-button.default\">\n\t\t\t\t<div class=\"elementor-widget-container\">\n\t\t\t\t\t        <div class=\"eael-creative-button-wrapper\">\n\n            <a class=\"eael-creative-button eael-creative-button--default\" href=\"https:\/\/www.beysukentkoleji.k12.tr\/en\/kurucumuz\/\" data-text=\"Go!\">\n\n\t    \n                <div class=\"creative-button-inner\">\n\n                    \n                    <span class=\"cretive-button-text\">Our Founder<\/span>\n\n                                    <\/div>\n\t                        <\/a>\n        <\/div>\n        \t\t\t\t<\/div>\n\t\t\t\t<\/div>\n\t\t\t\t<div class=\"elementor-element elementor-element-ee6506b elementor-widget elementor-widget-eael-creative-button\" data-id=\"ee6506b\" data-element_type=\"widget\" data-widget_type=\"eael-creative-button.default\">\n\t\t\t\t<div class=\"elementor-widget-container\">\n\t\t\t\t\t        <div class=\"eael-creative-button-wrapper\">\n\n            <a class=\"eael-creative-button eael-creative-button--default\" href=\"https:\/\/www.beysukentkoleji.k12.tr\/en\/?page_id=4775\" data-text=\"Go!\">\n\n\t    \n                <div class=\"creative-button-inner\">\n\n                    \n                    <span class=\"cretive-button-text\">Mission &amp; Vision<\/span>\n\n                                    <\/div>\n\t                        <\/a>\n        <\/div>\n        \t\t\t\t<\/div>\n\t\t\t\t<\/div>\n\t\t\t\t<div class=\"elementor-element elementor-element-6315cae elementor-widget elementor-widget-eael-creative-button\" data-id=\"6315cae\" data-element_type=\"widget\" data-widget_type=\"eael-creative-button.default\">\n\t\t\t\t<div class=\"elementor-widget-container\">\n\t\t\t\t\t        <div class=\"eael-creative-button-wrapper\">\n\n            <a class=\"eael-creative-button eael-creative-button--default\" href=\"https:\/\/www.beysukentkoleji.k12.tr\/en\/logomuzun-hikayesi\/\" data-text=\"Go!\">\n\n\t    \n                <div class=\"creative-button-inner\">\n\n                    \n                    <span class=\"cretive-button-text\">The Story of Our Logo<\/span>\n\n                                    <\/div>\n\t                        <\/a>\n        <\/div>\n        \t\t\t\t<\/div>\n\t\t\t\t<\/div>\n\t\t\t\t<div class=\"elementor-element elementor-element-188ba92 elementor-widget elementor-widget-eael-creative-button\" data-id=\"188ba92\" data-element_type=\"widget\" data-widget_type=\"eael-creative-button.default\">\n\t\t\t\t<div class=\"elementor-widget-container\">\n\t\t\t\t\t        <div class=\"eael-creative-button-wrapper\">\n\n            <a class=\"eael-creative-button eael-creative-button--default\" href=\"https:\/\/www.beysukentkoleji.k12.tr\/en\/rehberlik-servisi\/\" data-text=\"Go!\">\n\n\t    \n                <div class=\"creative-button-inner\">\n\n                    \n                    <span class=\"cretive-button-text\">Guidance Service<\/span>\n\n                                    <\/div>\n\t                        <\/a>\n        <\/div>\n        \t\t\t\t<\/div>\n\t\t\t\t<\/div>\n\t\t\t\t<div class=\"elementor-element elementor-element-a2847bb elementor-widget elementor-widget-eael-creative-button\" data-id=\"a2847bb\" data-element_type=\"widget\" data-widget_type=\"eael-creative-button.default\">\n\t\t\t\t<div class=\"elementor-widget-container\">\n\t\t\t\t\t        <div class=\"eael-creative-button-wrapper\">\n\n            <a class=\"eael-creative-button eael-creative-button--default\" href=\"https:\/\/www.beysukentkoleji.k12.tr\/en\/sikca-sorulan-sorular\/\" data-text=\"Go!\">\n\n\t    \n                <div class=\"creative-button-inner\">\n\n                    \n                    <span class=\"cretive-button-text\">Frequently Asked Questions<\/span>\n\n                                    <\/div>\n\t                        <\/a>\n        <\/div>\n        \t\t\t\t<\/div>\n\t\t\t\t<\/div>\n\t\t\t\t<div class=\"elementor-element elementor-element-38b12b0 elementor-widget elementor-widget-eael-creative-button\" data-id=\"38b12b0\" data-element_type=\"widget\" data-widget_type=\"eael-creative-button.default\">\n\t\t\t\t<div class=\"elementor-widget-container\">\n\t\t\t\t\t        <div class=\"eael-creative-button-wrapper\">\n\n            <a class=\"eael-creative-button eael-creative-button--default\" href=\"https:\/\/www.beysukentkoleji.k12.tr\/en\/covid-19-onlemleri\/\" data-text=\"Go!\">\n\n\t    \n                <div class=\"creative-button-inner\">\n\n                    \n                    <span class=\"cretive-button-text\">Covid 19 Precautions<\/span>\n\n                                    <\/div>\n\t                        <\/a>\n        <\/div>\n        \t\t\t\t<\/div>\n\t\t\t\t<\/div>\n\t\t\t\t<div class=\"elementor-element elementor-element-0345913 elementor-widget elementor-widget-eael-creative-button\" data-id=\"0345913\" data-element_type=\"widget\" data-widget_type=\"eael-creative-button.default\">\n\t\t\t\t<div class=\"elementor-widget-container\">\n\t\t\t\t\t        <div class=\"eael-creative-button-wrapper\">\n\n            <a class=\"eael-creative-button eael-creative-button--default\" href=\"https:\/\/www.beysukentkoleji.k12.tr\/en\/gizlilik-politikasi\/\" data-text=\"Go!\">\n\n\t    \n                <div class=\"creative-button-inner\">\n\n                    \n                    <span class=\"cretive-button-text\">Privacy Policy<\/span>\n\n                                    <\/div>\n\t                        <\/a>\n        <\/div>\n        \t\t\t\t<\/div>\n\t\t\t\t<\/div>\n\t\t\t\t<div class=\"elementor-element elementor-element-7ce60e8 elementor-widget elementor-widget-eael-creative-button\" data-id=\"7ce60e8\" data-element_type=\"widget\" data-widget_type=\"eael-creative-button.default\">\n\t\t\t\t<div class=\"elementor-widget-container\">\n\t\t\t\t\t        <div class=\"eael-creative-button-wrapper\">\n\n            <a class=\"eael-creative-button eael-creative-button--default\" href=\"https:\/\/www.beysukentkoleji.k12.tr\/en\/kvkk-bilgilendirme-formu\/\" data-text=\"Go!\">\n\n\t    \n                <div class=\"creative-button-inner\">\n\n                    \n                    <span class=\"cretive-button-text\">GDPR - General Data Protection Regulation Information Form<\/span>\n\n                                    <\/div>\n\t                        <\/a>\n        <\/div>\n        \t\t\t\t<\/div>\n\t\t\t\t<\/div>\n\t\t\t\t<\/div>\n\t\t\t\t<div class=\"elementor-element elementor-element-7304792 elementor-hidden-tablet elementor-hidden-mobile elementor-widget elementor-widget-text-editor\" data-id=\"7304792\" data-element_type=\"widget\" data-widget_type=\"text-editor.default\">\n\t\t\t\t<div class=\"elementor-widget-container\">\n\t\t\t\t\t\t\t\t\t<p><a class=\"transeffect\" title=\"the Beysukent Collage.\" href=\"https:\/\/beysukentkoleji.com\/\"><img decoding=\"async\" class=\"transeffect footerLogo\" src=\"https:\/\/beysukentkoleji.com\/images\/footer_logo.png\" alt=\"Beysukent Koleji\" border=\"0\" \/><\/a><br \/><b>Angora Bulvar\u0131 2687.Sok.<br \/>No:7 Beysukent<br \/>\u00c7ankaya \/ Ankara<\/b><\/p><p><i class=\"fa fa-phone\"><\/i>\u00a0\u00a0\u00a0\u00a0(0312) 225 21 11<br \/><i class=\"fa fa-envelope\"><\/i>\u00a0\u00a0 bilgi@beysukentkoleji.k12.tr<\/p><p><a class=\"transeffect\" title=\"the Beysukent Collage.\" href=\"https:\/\/beysukentkoleji.com\/\"><img decoding=\"async\" class=\"transeffect footerLogo\" src=\"https:\/\/beysukentkoleji.com\/images\/anakamp_logo.png\" alt=\"Anakamp\" height=\"80\" border=\"0\" \/><\/a><\/p><p><b>G\u00fcr\u00e7am K\u00f6y\u00fc Mudurnu<br \/>Bolu \/ T\u00fcrkiye<\/b><\/p><p><i class=\"fa fa-phone\"><\/i>\u00a0\u00a0\u00a0\u00a0(0312) 225 21 11<br \/><i class=\"fa fa-envelope\"><\/i>\u00a0\u00a0 bilgi@anakamp.com.tr<\/p>\t\t\t\t\t\t\t\t<\/div>\n\t\t\t\t<\/div>\n\t\t\t\t<\/div>\n\t\t<div class=\"elementor-element elementor-element-02f198f e-con-full e-flex e-con e-child\" data-id=\"02f198f\" data-element_type=\"container\">\n\t\t\t\t<div class=\"elementor-element elementor-element-56af545 elementor-widget elementor-widget-text-editor\" data-id=\"56af545\" data-element_type=\"widget\" data-widget_type=\"text-editor.default\">\n\t\t\t\t<div class=\"elementor-widget-container\">\n\t\t\t\t\t\t\t\t\t<h3 title=\"GDPR - General Data Protection Regulation Information Form\">GDPR - General Data Protection Regulation Information Form<\/h3><hr \/><p><a><strong>BEYSUKENT KOLEJ\u0130<\/strong><\/a><br \/><strong>B\u0130LG\u0130 ED\u0130NME BA\u015eVURU FORMU\u00a0<\/strong><a id=\"_anchor_1\" href=\"https:\/\/beysukentkoleji.com\/kurumsal\/kvkk#_msocom_1\" name=\"_msoanchor_1\">[T1]<\/a>\u00a0<\/p><p>Yavuz Beysukent E\u011fitim Dan\u0131\u015fmanl\u0131k Turizm \u0130n\u015faat Reklam Sanayi Ve Ticaret Limited \u015eirketi (\u201c<strong>the Beysukent Collage.<\/strong>\u201d) olarak ba\u015fta temel hak ve \u00f6zg\u00fcrl\u00fcklerin korunmas\u0131 olmak \u00fczere \u00f6zel hayata ili\u015fkin gizlili\u011fin korunmas\u0131 ve etik de\u011ferlere sayg\u0131 \u00f6ncelikli prensiplerimiz aras\u0131nda yer almaktad\u0131r. 6698 Say\u0131l\u0131 Ki\u015fisel Verilerin Korunmas\u0131 Kanunu\u2019nun (\u201c<strong>KVKK<\/strong>\u201d) \u201c\u0130lgili Ki\u015finin Haklar\u0131\u201d ba\u015fl\u0131kl\u0131 11. maddesi veri sahiplerine ki\u015fisel verilerinin i\u015flenmesine ili\u015fkin birtak\u0131m taleplerde bulunma hakk\u0131 tan\u0131maktad\u0131r. \u015eirketimiz Veri Sorumlusu olarak \u0130lgili Ki\u015filerin bu haklar\u0131n\u0131 kullanmalar\u0131n\u0131 sa\u011flamak ve KVKK\u2019n\u0131n 10. maddesinde yer alan ayd\u0131nlatma y\u00fck\u00fcml\u00fcl\u00fc\u011f\u00fcn\u00fc yerine getirmek amac\u0131yla i\u015fbu bilgi edinme ba\u015fvuru formunu haz\u0131rlam\u0131\u015ft\u0131r.<\/p><p>KVKK madde 11 uyar\u0131nca, Beysukent Koleji\u2019ne ba\u015fvurarak ki\u015fisel verileriniz i\u015flenip i\u015flenmedi\u011fi ve i\u015flenmi\u015fse hangi verilerinizin i\u015flendi\u011fini \u00f6\u011frenme, i\u015fleme amac\u0131n\u0131 ve amaca uygun kullan\u0131l\u0131p kullan\u0131lmad\u0131\u011f\u0131n\u0131 \u00f6\u011frenme, Yurt i\u00e7inde veya yurt d\u0131\u015f\u0131nda ki\u015fisel verilerin aktar\u0131ld\u0131\u011f\u0131 \u00fc\u00e7\u00fcnc\u00fc ki\u015fileri bilme, Ki\u015fisel verilerin eksik veya yanl\u0131\u015f i\u015flenmi\u015f olmas\u0131 h\u00e2linde bunlar\u0131n d\u00fczeltilmesini isteme, ki\u015fisel verilerin silinmesini veya yok edilmesini isteme, ki\u015fisel verilerin aktar\u0131ld\u0131\u011f\u0131 \u00fc\u00e7\u00fcnc\u00fc ki\u015filere bildirilmesini isteme, \u0130\u015flenen verilerin m\u00fcnhas\u0131ran otomatik sistemler vas\u0131tas\u0131yla analiz edilmesi suretiyle ki\u015finin kendisi aleyhine bir sonucun ortaya \u00e7\u0131kmas\u0131na itiraz etme, Ki\u015fisel verilerin kanuna ayk\u0131r\u0131 olarak i\u015flenmesi sebebiyle zarara u\u011framas\u0131 h\u00e2linde zarar\u0131n giderilmesini talep etme ile ilgili bilgi edinme haklar\u0131na sahipsiniz.<\/p><p>KVKK\u2019n\u0131n 13. maddesi uyar\u0131nca, veri sahipleri \u015eirketimize yapacaklar\u0131 ba\u015fvurularda taleplerini yaz\u0131l\u0131 olarak veya Ki\u015fisel Verileri Koruma Kurulu\u2019nun (\u201c<strong>Kurul<\/strong>\u201d) belirleyece\u011fi di\u011fer y\u00f6ntemlerle iletmelidirler. Bu kapsamda, \u015eirketimize yap\u0131lacak ba\u015fvurular, i\u015fbu form doldurulduktan sonra bir \u00e7\u0131kt\u0131s\u0131 al\u0131narak a\u015fa\u011f\u0131daki\u00a0<a>d\u00f6rt y\u00f6ntemden\u00a0<\/a><a id=\"_anchor_2\" href=\"https:\/\/beysukentkoleji.com\/kurumsal\/kvkk#_msocom_2\" name=\"_msoanchor_2\">[T2]<\/a>\u00a0biri tercih edilerek taraf\u0131m\u0131za \u00fccretsiz olarak iletilebilir.\u00a0<\/p><table border=\"1\" cellspacing=\"0\" cellpadding=\"0\"><tbody><tr><td><strong>No.<\/strong><\/td><td><strong>Ba\u015fvuru Y\u00f6ntemi<\/strong><\/td><td><strong>Ba\u015fvurunun Yap\u0131laca\u011f\u0131 Adres<\/strong><\/td><td><strong>Yap\u0131lmas\u0131 Gereken<\/strong><\/td><\/tr><tr><td><strong>1<\/strong><\/td><td>Veri sahibinin \u015eirketimize gelerek \u015fahsen ba\u015fvuru yapmas\u0131 ile (veri sahibinin kimli\u011fini tevsik edici belgeleri yan\u0131na bulundurmas\u0131 zorunludur)<\/td><td>Angora Bulvar\u0131 2687. Sokak No:7 \u00c7ayyolu \u00c7ankaya\/ANKARA<\/td><td>Zarf\u0131n \u00fczerine \u201cKi\u015fisel Verilerin Korunmas\u0131 Bilgi Talebi\u201d yaz\u0131lmal\u0131d\u0131r.<\/td><\/tr><tr><td><strong>2<\/strong><\/td><td>Noter yoluyla tebligat<\/td><td>Angora Bulvar\u0131 2687. Sokak No:7 \u00c7ayyolu \u00c7ankaya\/ANKARA\u00a0<\/td><td>Tebligat zarf\u0131n\u0131n \u00fczerine \u201cKi\u015fisel Verilerin Korunmas\u0131 Bilgi Talebi\u201d yaz\u0131lmal\u0131d\u0131r.<\/td><\/tr><tr><td><strong>3<\/strong><\/td><td>5070 say\u0131l\u0131 Elektronik \u0130mza Kanunu\u2019nda tan\u0131ml\u0131 \u201cG\u00fcvenli elektronik imza\u201d ile imzalanarak Kay\u0131tl\u0131 Elektronik Posta (KEP) yoluyla<\/td><td>yavuzbeysukentegitimdanismanlik.anadolulisesi@hs01.kep.tr<\/td><td>E-posta\u2019n\u0131n konusu \u201cKi\u015fisel Verilerin Korunmas\u0131 Kanunu Bilgi Talebi\u201d olmal\u0131d\u0131r.<\/td><\/tr><tr><td><strong>4<\/strong><\/td><td>E-posta y\u00f6ntemiyle\u00a0<\/td><td>\u015eirketimize daha \u00f6nce bildirilen ve \u015eirketimizin sisteminde kay\u0131tl\u0131 bulunan e-posta adresinizi kullanmak suretiyle yaz\u0131l\u0131 olarak iletilmesi<\/td><td>E-posta\u2019n\u0131n konusu \u201cKi\u015fisel Verilerin Korunmas\u0131 Kanunu Bilgi Talebi\u201d olmal\u0131d\u0131r.<\/td><\/tr><\/tbody><\/table><p>\u00dc\u00e7\u00fcnc\u00fc ki\u015filerin veri sahipleri ad\u0131na KVKK m. 11\u2019de d\u00fczenlenen bilgi alma hakk\u0131n\u0131 kullanmalar\u0131 m\u00fcmk\u00fcn de\u011fildir. Veri sahibinin kendisi d\u0131\u015f\u0131nda bir ki\u015fiye ili\u015fkin ki\u015fisel verilerle ilgili talepte bulunmas\u0131 i\u00e7in konuya ili\u015fkin olarak veri sahibi taraf\u0131ndan ba\u015fvuruda bulunacak ki\u015fi ad\u0131na d\u00fczenlenmi\u015f \u00f6zel vekaletnamenin \u0131slak imzal\u0131 ve noter onayl\u0131 asl\u0131 ibraz edilmelidir.<\/p><p>\u0130lgili Ki\u015filer\u2019in talep etti\u011fi i\u015flemin ayr\u0131ca bir maliyeti gerektirmesi h\u00e2linde,\u00a0<a>\u015eirketimiz taraf\u0131ndan Ki\u015fisel Verileri Koruma Kurulu\u2019nca belirlenen tarifedeki \u00fccret al\u0131nacakt\u0131r.\u00a0<\/a><a id=\"_anchor_3\" href=\"https:\/\/beysukentkoleji.com\/kurumsal\/kvkk#_msocom_3\" name=\"_msoanchor_3\">[T3]<\/a>\u00a0<\/p><p>Taraf\u0131m\u0131za iletilmi\u015f olan ba\u015fvurular\u0131n\u0131z KVKK m. 13\/2 uyar\u0131nca talebin niteli\u011fine g\u00f6re talebinizin \u015eirketimize ula\u015ft\u0131\u011f\u0131 tarihten itibaren otuz g\u00fcn i\u00e7inde yan\u0131tland\u0131r\u0131lacakt\u0131r. Yan\u0131tlar\u0131m\u0131z KVKK m. 13 uyar\u0131nca yaz\u0131l\u0131 veya elektronik ortamdan taraf\u0131n\u0131za ula\u015ft\u0131r\u0131lacakt\u0131r.<\/p><p><strong>Data Controller:<\/strong><br \/>Yavuz Beysukent Education Consultancy Tourism Construction Advertising Industry and Trade Limited Company<br \/>Angora Bulvar\u0131 2687. Sokak No:7 \u00c7ayyolu \u00c7ankaya\/ANKARA<br \/>Tel: 0312 225 21 11<br \/>https:\/\/www.beysukentkoleji.com<\/p><p><br clear=\"all\" \/>\u00a0<br \/><strong>B\u0130LG\u0130 ED\u0130NME BA\u015eVURU FORMU<\/strong><\/p><p>L\u00fctfen a\u015fa\u011f\u0131daki tabloyu doldurunuz.\u00a0<\/p><table border=\"1\" cellspacing=\"0\" cellpadding=\"0\" align=\"left\"><tbody><tr><td><strong>Ad:<\/strong><\/td><td>\u00a0<\/td><\/tr><tr><td><strong>Soyad:<\/strong><\/td><td>\u00a0<\/td><\/tr><tr><td><strong>TC Kimlik Numaras\u0131:<\/strong><\/td><td>\u00a0<\/td><\/tr><tr><td><strong>Telefon Numaras\u0131:<\/strong><\/td><td>\u00a0<\/td><\/tr><tr><td><strong>E-posta:<\/strong><\/td><td>\u00a0<\/td><\/tr><tr><td><strong>Adres:<\/strong><\/td><td>\u00a0<\/td><\/tr><tr><td><strong>\u015eirketimiz ile olan i\u015f ili\u015fkiniz\u00a0<\/strong>(<em>M\u00fc\u015fteri, i\u015f orta\u011f\u0131, \u00e7al\u0131\u015fan aday\u0131, eski \u00e7al\u0131\u015fan, \u00fc\u00e7\u00fcnc\u00fc taraf firma \u00e7al\u0131\u015fan\u0131, hissedar vb<\/em><strong>.<\/strong>)<\/td><td>\u00a0<\/td><\/tr><tr><td><strong>\u015eirketimiz i\u00e7erisinde ileti\u015fimde oldu\u011funuz birim:<\/strong>\u00a0<\/td><td>\u00a0<\/td><\/tr><tr><td><strong>Ba\u015fvurunuza ili\u015fkin a\u00e7\u0131klama ve talebiniz ile ilgili belgeleri bu forma ekleyiniz\u00a0<\/strong>(<em>L\u00fctfen KVKK kapsam\u0131ndaki talebinizi detayl\u0131 olarak belirtiniz<\/em>):<\/td><td>\u00a0<\/td><\/tr><tr><td><strong>L\u00fctfen ba\u015fvurunuza verilecek yan\u0131ta ili\u015fkin tercihinizi belirtin:<\/strong><\/td><td>\u00a0\u25a1 Adresime g\u00f6nderilmesini istiyorum.<br \/>\u00a0\u25a1 E-posta g\u00f6nderilmesini istiyorum.<br \/>\u00a0\u25a1 Elden teslim almak istiyorum.\u00a0<\/td><\/tr><\/tbody><\/table><p>\u0130\u015fbu ba\u015fvuru formu, \u015eirketimiz ile olan ili\u015fkinizi tespit ederek, varsa, \u015eirketimiz taraf\u0131ndan i\u015flenen ki\u015fisel verilerinizi eksiksiz olarak belirleyerek, ilgili ba\u015fvurunuza do\u011fru ve kanuni s\u00fcresinde cevap verilebilmesi i\u00e7in haz\u0131rlanm\u0131\u015ft\u0131r. Hukuka ayk\u0131r\u0131 ve haks\u0131z bir \u015fekilde veri payla\u015f\u0131m\u0131ndan kaynaklanabilecek hukuki risklerin bertaraf edilmesi ve \u00f6zellikle ki\u015fisel verilerinizin g\u00fcvenli\u011finin sa\u011flanmas\u0131 amac\u0131yla, kimlik ve yetki tespiti i\u00e7in \u015eirketimiz ek evrak (n\u00fcfus c\u00fczdan\u0131 vb.) talep etme hakk\u0131n\u0131 sakl\u0131 tutar. Form kapsam\u0131nda iletmekte oldu\u011funuz taleplerinize ili\u015fkin bilgilerin do\u011fru ve g\u00fcncel olmamas\u0131 ya da yetkisiz bir ba\u015fvuru yap\u0131lmas\u0131 halinde \u015eirketimiz, s\u00f6z konusu yanl\u0131\u015f bilgi ya da yetkisiz ba\u015fvuru kaynakl\u0131 taleplerden dolay\u0131 sorumluluk kabul etmemektedir. Ayr\u0131ca i\u015fin mahiyeti uyar\u0131nca gerekmiyor olmas\u0131na ra\u011fmen payla\u015fm\u0131\u015f oldu\u011funuz ki\u015fisel verilere ili\u015fkin hi\u00e7bir sorumlulu\u011fumuz bulunmamaktad\u0131r.\u00a0\u00a0\u00a0<\/p><p>Ba\u015fvuru Sahibi (Ki\u015fisel Veri Sahibi)\u00a0 \u00a0 \u00a0 \u00a0:<br \/>Ad\u0131 Soyad\u0131\u00a0 \u00a0 \u00a0 \u00a0 \u00a0 \u00a0 \u00a0 \u00a0 \u00a0 \u00a0 \u00a0 \u00a0 \u00a0 \u00a0 \u00a0 \u00a0 \u00a0 \u00a0 \u00a0 \u00a0 \u00a0 \u00a0 \u00a0 :<br \/>Ba\u015fvuru Tarihi\u00a0 \u00a0 \u00a0 \u00a0 \u00a0 \u00a0 \u00a0 \u00a0 \u00a0 \u00a0 \u00a0 \u00a0 \u00a0 \u00a0 \u00a0 \u00a0 \u00a0 \u00a0 \u00a0 \u00a0 \u00a0:<br \/>\u0130mza\u00a0 \u00a0 \u00a0 \u00a0 \u00a0 \u00a0 \u00a0 \u00a0 \u00a0 \u00a0 \u00a0 \u00a0 \u00a0 \u00a0 \u00a0 \u00a0 \u00a0 \u00a0 \u00a0 \u00a0 \u00a0 \u00a0 \u00a0 \u00a0 \u00a0 \u00a0 \u00a0 \u00a0 :<\/p><p><strong>KVKK Formunu indirebilir ve bilgi@beysukentkoleji.k12.tr adresine g\u00f6nderebilirsiniz.<\/strong><\/p>\t\t\t\t\t\t\t\t<\/div>\n\t\t\t\t<\/div>\n\t\t\t\t<\/div>\n\t\t\t\t\t<\/div>\n\t\t\t\t<\/div>\n\t\t\t\t<\/div>","protected":false},"excerpt":{"rendered":"<p>Hakk\u0131m\u0131zda Kurucumuz Misyon &amp; Vizyon Logomuzun Hikayesi Rehberlik Servisi S\u0131k\u00e7a Sorulan Sorular Covid 19 \u00d6nlemleri Gizlilik Politikas\u0131 KVKK Bilgilendirme Formu Angora Bulvar\u0131 2687.Sok.No:7 Beysukent\u00c7ankaya \/ Ankara \u00a0\u00a0\u00a0\u00a0(0312) 225 21 11\u00a0\u00a0 bilgi@beysukentkoleji.k12.tr G\u00fcr\u00e7am K\u00f6y\u00fc MudurnuBolu \/ T\u00fcrkiye \u00a0\u00a0\u00a0\u00a0(0312) 225 21 11\u00a0\u00a0 bilgi@anakamp.com.tr KVKK Bilgilendirme Formu BEYSUKENT KOLEJ\u0130B\u0130LG\u0130 ED\u0130NME BA\u015eVURU FORMU\u00a0[T1]\u00a0 Yavuz Beysukent E\u011fitim Dan\u0131\u015fmanl\u0131k Turizm \u0130n\u015faat [&hellip;]<\/p>","protected":false},"author":1,"featured_media":0,"parent":0,"menu_order":0,"comment_status":"closed","ping_status":"closed","template":"elementor_header_footer","meta":{"_eb_attr":"","footnotes":""},"class_list":["post-4805","page","type-page","status-publish","hentry"],"aioseo_notices":[],"_links":{"self":[{"href":"https:\/\/www.beysukentkoleji.k12.tr\/en\/wp-json\/wp\/v2\/pages\/4805","targetHints":{"allow":["GET"]}}],"collection":[{"href":"https:\/\/www.beysukentkoleji.k12.tr\/en\/wp-json\/wp\/v2\/pages"}],"about":[{"href":"https:\/\/www.beysukentkoleji.k12.tr\/en\/wp-json\/wp\/v2\/types\/page"}],"author":[{"embeddable":true,"href":"https:\/\/www.beysukentkoleji.k12.tr\/en\/wp-json\/wp\/v2\/users\/1"}],"replies":[{"embeddable":true,"href":"https:\/\/www.beysukentkoleji.k12.tr\/en\/wp-json\/wp\/v2\/comments?post=4805"}],"version-history":[{"count":13,"href":"https:\/\/www.beysukentkoleji.k12.tr\/en\/wp-json\/wp\/v2\/pages\/4805\/revisions"}],"predecessor-version":[{"id":5809,"href":"https:\/\/www.beysukentkoleji.k12.tr\/en\/wp-json\/wp\/v2\/pages\/4805\/revisions\/5809"}],"wp:attachment":[{"href":"https:\/\/www.beysukentkoleji.k12.tr\/en\/wp-json\/wp\/v2\/media?parent=4805"}],"curies":[{"name":"wp","href":"https:\/\/api.w.org\/{rel}","templated":true}]}}