{"id":4795,"date":"2024-04-19T08:13:31","date_gmt":"2024-04-19T08:13:31","guid":{"rendered":"https:\/\/www.beysukentkoleji.k12.tr\/?page_id=4795"},"modified":"2024-04-26T06:42:53","modified_gmt":"2024-04-26T06:42:53","slug":"covid-19-onlemleri","status":"publish","type":"page","link":"https:\/\/www.beysukentkoleji.k12.tr\/en\/covid-19-onlemleri\/","title":{"rendered":"Covid 19 Precautions"},"content":{"rendered":"<div data-elementor-type=\"wp-page\" data-elementor-id=\"4795\" class=\"elementor elementor-4795\" data-elementor-post-type=\"page\">\n\t\t\t\t<div class=\"elementor-element elementor-element-80b77df e-flex e-con-boxed e-con e-parent\" data-id=\"80b77df\" data-element_type=\"container\">\n\t\t\t\t\t<div class=\"e-con-inner\">\n\t\t<div class=\"elementor-element elementor-element-2d25ab1 e-con-full e-flex e-con e-child\" data-id=\"2d25ab1\" data-element_type=\"container\">\n\t\t<div class=\"elementor-element elementor-element-e393909 e-con-full e-flex e-con e-child\" data-id=\"e393909\" data-element_type=\"container\">\n\t\t\t\t<div class=\"elementor-element elementor-element-29cc5bc elementor-widget elementor-widget-image\" data-id=\"29cc5bc\" data-element_type=\"widget\" data-widget_type=\"image.default\">\n\t\t\t\t<div class=\"elementor-widget-container\">\n\t\t\t\t\t\t\t\t\t\t\t\t\t\t\t<img fetchpriority=\"high\" decoding=\"async\" width=\"566\" height=\"566\" src=\"https:\/\/www.beysukentkoleji.k12.tr\/wp-content\/uploads\/2024\/04\/hakkimizda.png\" class=\"attachment-large size-large wp-image-4756\" alt=\"\" srcset=\"https:\/\/www.beysukentkoleji.k12.tr\/wp-content\/uploads\/2024\/04\/hakkimizda.png 566w, https:\/\/www.beysukentkoleji.k12.tr\/wp-content\/uploads\/2024\/04\/hakkimizda-300x300.png 300w, https:\/\/www.beysukentkoleji.k12.tr\/wp-content\/uploads\/2024\/04\/hakkimizda-150x150.png 150w, https:\/\/www.beysukentkoleji.k12.tr\/wp-content\/uploads\/2024\/04\/hakkimizda-12x12.png 12w\" sizes=\"(max-width: 566px) 100vw, 566px\" \/>\t\t\t\t\t\t\t\t\t\t\t\t\t\t\t<\/div>\n\t\t\t\t<\/div>\n\t\t\t\t<div class=\"elementor-element elementor-element-6e39ef4 elementor-widget elementor-widget-eael-creative-button\" data-id=\"6e39ef4\" data-element_type=\"widget\" data-widget_type=\"eael-creative-button.default\">\n\t\t\t\t<div class=\"elementor-widget-container\">\n\t\t\t\t\t        <div class=\"eael-creative-button-wrapper\">\n\n            <a class=\"eael-creative-button eael-creative-button--default\" href=\"https:\/\/www.beysukentkoleji.k12.tr\/en\/kurumsal\/\" data-text=\"Go!\">\n\n\t    \n                <div class=\"creative-button-inner\">\n\n                    \n                    <span class=\"cretive-button-text\">About Us<\/span>\n\n                                    <\/div>\n\t                        <\/a>\n        <\/div>\n        \t\t\t\t<\/div>\n\t\t\t\t<\/div>\n\t\t\t\t<div class=\"elementor-element elementor-element-e455354 elementor-widget elementor-widget-eael-creative-button\" data-id=\"e455354\" data-element_type=\"widget\" data-widget_type=\"eael-creative-button.default\">\n\t\t\t\t<div class=\"elementor-widget-container\">\n\t\t\t\t\t        <div class=\"eael-creative-button-wrapper\">\n\n            <a class=\"eael-creative-button eael-creative-button--default\" href=\"https:\/\/www.beysukentkoleji.k12.tr\/en\/kurucumuz\/\" data-text=\"Go!\">\n\n\t    \n                <div class=\"creative-button-inner\">\n\n                    \n                    <span class=\"cretive-button-text\">Our Founder<\/span>\n\n                                    <\/div>\n\t                        <\/a>\n        <\/div>\n        \t\t\t\t<\/div>\n\t\t\t\t<\/div>\n\t\t\t\t<div class=\"elementor-element elementor-element-cb431a8 elementor-widget elementor-widget-eael-creative-button\" data-id=\"cb431a8\" data-element_type=\"widget\" data-widget_type=\"eael-creative-button.default\">\n\t\t\t\t<div class=\"elementor-widget-container\">\n\t\t\t\t\t        <div class=\"eael-creative-button-wrapper\">\n\n            <a class=\"eael-creative-button eael-creative-button--default\" href=\"https:\/\/www.beysukentkoleji.k12.tr\/en\/?page_id=4775\" data-text=\"Go!\">\n\n\t    \n                <div class=\"creative-button-inner\">\n\n                    \n                    <span class=\"cretive-button-text\">Mission &amp; Vision<\/span>\n\n                                    <\/div>\n\t                        <\/a>\n        <\/div>\n        \t\t\t\t<\/div>\n\t\t\t\t<\/div>\n\t\t\t\t<div class=\"elementor-element elementor-element-f25663b elementor-widget elementor-widget-eael-creative-button\" data-id=\"f25663b\" data-element_type=\"widget\" data-widget_type=\"eael-creative-button.default\">\n\t\t\t\t<div class=\"elementor-widget-container\">\n\t\t\t\t\t        <div class=\"eael-creative-button-wrapper\">\n\n            <a class=\"eael-creative-button eael-creative-button--default\" href=\"https:\/\/www.beysukentkoleji.k12.tr\/en\/logomuzun-hikayesi\/\" data-text=\"Go!\">\n\n\t    \n                <div class=\"creative-button-inner\">\n\n                    \n                    <span class=\"cretive-button-text\">The Story of Our Logo<\/span>\n\n                                    <\/div>\n\t                        <\/a>\n        <\/div>\n        \t\t\t\t<\/div>\n\t\t\t\t<\/div>\n\t\t\t\t<div class=\"elementor-element elementor-element-38b0540 elementor-widget elementor-widget-eael-creative-button\" data-id=\"38b0540\" data-element_type=\"widget\" data-widget_type=\"eael-creative-button.default\">\n\t\t\t\t<div class=\"elementor-widget-container\">\n\t\t\t\t\t        <div class=\"eael-creative-button-wrapper\">\n\n            <a class=\"eael-creative-button eael-creative-button--default\" href=\"https:\/\/www.beysukentkoleji.k12.tr\/en\/rehberlik-servisi\/\" data-text=\"Go!\">\n\n\t    \n                <div class=\"creative-button-inner\">\n\n                    \n                    <span class=\"cretive-button-text\">Guidance Service<\/span>\n\n                                    <\/div>\n\t                        <\/a>\n        <\/div>\n        \t\t\t\t<\/div>\n\t\t\t\t<\/div>\n\t\t\t\t<div class=\"elementor-element elementor-element-54b1033 elementor-widget elementor-widget-eael-creative-button\" data-id=\"54b1033\" data-element_type=\"widget\" data-widget_type=\"eael-creative-button.default\">\n\t\t\t\t<div class=\"elementor-widget-container\">\n\t\t\t\t\t        <div class=\"eael-creative-button-wrapper\">\n\n            <a class=\"eael-creative-button eael-creative-button--default\" href=\"https:\/\/www.beysukentkoleji.k12.tr\/en\/sikca-sorulan-sorular\/\" data-text=\"Go!\">\n\n\t    \n                <div class=\"creative-button-inner\">\n\n                    \n                    <span class=\"cretive-button-text\">Frequently Asked Questions<\/span>\n\n                                    <\/div>\n\t                        <\/a>\n        <\/div>\n        \t\t\t\t<\/div>\n\t\t\t\t<\/div>\n\t\t\t\t<div class=\"elementor-element elementor-element-bf1ceba elementor-widget elementor-widget-eael-creative-button\" data-id=\"bf1ceba\" data-element_type=\"widget\" data-widget_type=\"eael-creative-button.default\">\n\t\t\t\t<div class=\"elementor-widget-container\">\n\t\t\t\t\t        <div class=\"eael-creative-button-wrapper\">\n\n            <a class=\"eael-creative-button eael-creative-button--default\" href=\"https:\/\/www.beysukentkoleji.k12.tr\/en\/covid-19-onlemleri\/\" data-text=\"Go!\">\n\n\t    \n                <div class=\"creative-button-inner\">\n\n                    \n                    <span class=\"cretive-button-text\">Covid 19 Precautions<\/span>\n\n                                    <\/div>\n\t                        <\/a>\n        <\/div>\n        \t\t\t\t<\/div>\n\t\t\t\t<\/div>\n\t\t\t\t<div class=\"elementor-element elementor-element-2996838 elementor-widget elementor-widget-eael-creative-button\" data-id=\"2996838\" data-element_type=\"widget\" data-widget_type=\"eael-creative-button.default\">\n\t\t\t\t<div class=\"elementor-widget-container\">\n\t\t\t\t\t        <div class=\"eael-creative-button-wrapper\">\n\n            <a class=\"eael-creative-button eael-creative-button--default\" href=\"https:\/\/www.beysukentkoleji.k12.tr\/en\/gizlilik-politikasi\/\" data-text=\"Go!\">\n\n\t    \n                <div class=\"creative-button-inner\">\n\n                    \n                    <span class=\"cretive-button-text\">Privacy Policy<\/span>\n\n                                    <\/div>\n\t                        <\/a>\n        <\/div>\n        \t\t\t\t<\/div>\n\t\t\t\t<\/div>\n\t\t\t\t<div class=\"elementor-element elementor-element-8aa2bc3 elementor-widget elementor-widget-eael-creative-button\" data-id=\"8aa2bc3\" data-element_type=\"widget\" data-widget_type=\"eael-creative-button.default\">\n\t\t\t\t<div class=\"elementor-widget-container\">\n\t\t\t\t\t        <div class=\"eael-creative-button-wrapper\">\n\n            <a class=\"eael-creative-button eael-creative-button--default\" href=\"https:\/\/www.beysukentkoleji.k12.tr\/en\/kvkk-bilgilendirme-formu\/\" data-text=\"Go!\">\n\n\t    \n                <div class=\"creative-button-inner\">\n\n                    \n                    <span class=\"cretive-button-text\">GDPR - General Data Protection Regulation Information Form<\/span>\n\n                                    <\/div>\n\t                        <\/a>\n        <\/div>\n        \t\t\t\t<\/div>\n\t\t\t\t<\/div>\n\t\t\t\t<\/div>\n\t\t\t\t<div class=\"elementor-element elementor-element-6a20b4c elementor-hidden-tablet elementor-hidden-mobile elementor-widget elementor-widget-text-editor\" data-id=\"6a20b4c\" data-element_type=\"widget\" data-widget_type=\"text-editor.default\">\n\t\t\t\t<div class=\"elementor-widget-container\">\n\t\t\t\t\t\t\t\t\t<p><a class=\"transeffect\" title=\"the Beysukent Collage.\" href=\"https:\/\/beysukentkoleji.com\/\"><img decoding=\"async\" class=\"transeffect footerLogo\" src=\"https:\/\/beysukentkoleji.com\/images\/footer_logo.png\" alt=\"Beysukent Koleji\" border=\"0\" \/><\/a><br \/><b>Angora Bulvar\u0131 2687.Sok.<br \/>No:7 Beysukent<br \/>\u00c7ankaya \/ Ankara<\/b><\/p><p><i class=\"fa fa-phone\"><\/i>\u00a0\u00a0\u00a0\u00a0(0312) 225 21 11<br \/><i class=\"fa fa-envelope\"><\/i>\u00a0\u00a0 bilgi@beysukentkoleji.k12.tr<\/p><p><a class=\"transeffect\" title=\"the Beysukent Collage.\" href=\"https:\/\/beysukentkoleji.com\/\"><img decoding=\"async\" class=\"transeffect footerLogo\" src=\"https:\/\/beysukentkoleji.com\/images\/anakamp_logo.png\" alt=\"Anakamp\" height=\"80\" border=\"0\" \/><\/a><\/p><p><b>G\u00fcr\u00e7am K\u00f6y\u00fc Mudurnu<br \/>Bolu \/ T\u00fcrkiye<\/b><\/p><p><i class=\"fa fa-phone\"><\/i>\u00a0\u00a0\u00a0\u00a0(0312) 225 21 11<br \/><i class=\"fa fa-envelope\"><\/i>\u00a0\u00a0 bilgi@anakamp.com.tr<\/p>\t\t\t\t\t\t\t\t<\/div>\n\t\t\t\t<\/div>\n\t\t\t\t<\/div>\n\t\t<div class=\"elementor-element elementor-element-2cb9f91 e-con-full e-flex e-con e-child\" data-id=\"2cb9f91\" data-element_type=\"container\">\n\t\t\t\t<div class=\"elementor-element elementor-element-3d97293 elementor-widget elementor-widget-text-editor\" data-id=\"3d97293\" data-element_type=\"widget\" data-widget_type=\"text-editor.default\">\n\t\t\t\t<div class=\"elementor-widget-container\">\n\t\t\t\t\t\t\t\t\t<h3 style=\"font-family: Quicksand, sans-serif; font-weight: 500; line-height: 1.1; color: #3b5b59; margin-top: 0px; margin-bottom: 10px; font-size: 24px; padding-top: 0px; background-color: #ffffff;\" title=\"Covid 19 Precautions\">Covid 19 Precautions<\/h3><p><iframe src=\"https:\/\/www.youtube.com\/embed\/sAJLIqng3ZM\" width=\"100%\" height=\"700\" frameborder=\"0\" data-mce-fragment=\"1\"><\/iframe><\/p><h3>Infection Prevention and Control Action Plan<\/h3><p>In our school, measures have been taken campus-wide for hygiene conditions and social distancing during the pandemic. To manage the outbreak effectively, a team consisting of academic and administrative staff has been formed. The team members include:<\/p><ul><li style=\"list-style-type: none;\"><ul><li>Education Managers<\/li><li>Finance and Operations Manager<\/li><li>Human Resources Specialist<\/li><li>Quality Board Members<\/li><li>Guidance and Psychological Counseling Unit<\/li><li>School Doctor and Nurse<\/li><li>Administrative Officer<\/li><li>Occupational Health and Safety Specialist<\/li><li>Procurement Specialist<br \/>\u00a0<\/li><\/ul><\/li><\/ul><p>This action plan, covering the entire school, has been prepared taking into account the joint publication of the Ministry of National Education (MEB) and the Turkish Standards Institution (TSE) \"Improvement of Hygiene Conditions in Educational Institutions and Infection Prevention Control Guide\" and the Ministry of Health \"Covid-19 Pandemic Management and Working Guide\". It has been tailored for the students and staff of Private Beysukent College, considering arrival and departure times to and from school, the duration spent on campus, and different areas of the school.<\/p><h3>Our school physician, Dr. Mehmet Tezcan, has conducted seminars for our teachers on Covid-19 education.<\/h3><h3><img decoding=\"async\" src=\"https:\/\/beysukentkoleji.com\/wiys\/plugins\/ckfinder\/userfiles\/images\/98243ca4-cb2d-4aff-864b-e5f25af9ae11.jpeg\" alt=\"\" width=\"100%\" \/><br \/>Beysukent College General Hygiene Measures:<\/h3><p>\u2022\tCommon areas are disinfected at regular intervals throughout the day and at the end of the day.<\/p><p>\u2022\tSpecial disinfectant doormats are placed at building entrances.<\/p><p>\u2022\tRegular filter maintenance for air conditioning systems, fan maintenance for elevators, and air conditioning filter maintenance for service vehicles are conducted.<\/p><p>\u2022\tIn common areas and work environments, all staff and students wear masks covering the mouth and nose and adhere to social distancing rules.<\/p><p>\u2022\tTouched door handles, desks and chairs, stair railings, and all surfaces with hand contact are frequently disinfected.<\/p><p>Arrival and Departure Service Arrangements:<\/p><p>\u2022\tBefore students board the bus, the buses are disinfected.<\/p><p>\u2022\tThe hostess ensures that students boarding the bus wear masks and sanitize their hands.<\/p><p>\u2022\tStudents sit in pre-designated seats assigned to them. The transportation office determines the seats for students in advance, and the seating plan is displayed inside the bus.<\/p><p>\u2022\tStudents reach the parking lot through designated gates for buses. Entry and exit are organized to comply with social distancing guidelines.<\/p><p>\u2022\tParents of students who do not use the bus are asked to designate a fixed family member to bring and pick up their children from school. Additionally, if possible, individuals over 65 years old should not bring or pick up students.<\/p><p>\u2022\tDaily, weekly, monthly, and periodic disinfection is carried out on the buses.<\/p><p>\u2022\tAir conditioning is not used in the buses, and ventilation is ensured by opening windows.<\/p><p>\u2022\tIt is mandatory for students and staff using the buses to wear masks and adhere to social distancing rules during travel.<\/p><p>\u2022\tAt the end of the day, the buses are cleaned with a ULV disinfectant machine to prepare for the new day.<\/p><h3><br \/>Departure from School:<\/h3><p>\u2022\tAt the end of the day, students' exits from the school are divided into sections. Students using the bus in kindergarten and primary school are picked up by hostesses at 16:10 and taken to the bus area.<\/p><p>\u2022\tParents of kindergarten students who do not use the bus pick them up from the kindergarten garden without entering the building.<\/p><p>\u2022\tIn primary school; parents of students who do not use the bus pick them up from their class teachers. After the last lesson, the class teacher takes students who do not use the bus to the garden and hands them over to their parents.<\/p><p>\u2022\tThis method is applied as long as weather conditions allow. In case of bad weather, parents pick up their children without entering the classroom, observing social distancing, from the ground floor of Block A and the guest hall.<\/p><p>\u2022\tMiddle school students who use the bus arrive at the bus area at 16:15. Students who do not use the bus meet their parents at the main entrance gate at the same time.\u00a0<\/p><p>\u2022\tHigh school students leave after the last lesson, maintaining social distancing, at 16:20. Students leave the school according to the evacuation plan.<\/p><p><img decoding=\"async\" src=\"https:\/\/beysukentkoleji.com\/wiys\/plugins\/ckfinder\/userfiles\/images\/0582c1b9-3f80-44ec-9fc5-bc38609dda75.jpeg\" alt=\"\" width=\"100%\" \/><\/p><h3>Classroom Environment:<\/h3><p>\u2022\tStudents sit in single desks while maintaining social distance.<\/p><p>\u2022\tAdministrative services personnel disinfect the classrooms in the evening and ensure ventilation.<\/p><p>\u2022\tUpon arrival at school, students enter the classroom, leave their belongings, wash and disinfect their hands in the restroom, and then proceed to their classroom.<\/p><p>\u2022\tExchange of personal items (such as pens, erasers, pencil sharpeners, etc.) among students is not allowed.<\/p><p>\u2022\tDoor handles, desks and chairs, and all surfaces with hand contact in classrooms are frequently disinfected.<\/p><p>\u2022\tHand disinfection units or spray bottles are provided in each classroom and common areas.<\/p><p>\u2022\tAt the end of each lesson, the teacher opens the classroom windows to ventilate the room.<\/p><p>\u2022\tWhenever weather conditions permit, students are taken outdoors during breaks.<\/p><p>\u2022\tAfter students leave, classrooms are cleaned with a ULV disinfectant machine to prepare for the new day.<\/p><h3>Canteens:<\/h3><p>\u2022\tCanteens are arranged to comply with social distancing guidelines. The number of chairs at tables is reduced.<\/p><p>\u2022\t\"Queue waiting lines\" suitable for social distancing are placed in canteens and cafeterias.<\/p><p>\u2022\tTransactions in canteens are conducted using student cards instead of cash.<\/p><h2>Cafeteria:<\/h2><p>\u2022\tMealtimes for students have been rearranged to reduce the number of students using the cafeteria.<\/p><p>\u2022\tThe cafeteria is arranged in a diagonal seating layout to maintain social distance.<\/p><p>\u2022\tAll cafeteria staff wear aprons, caps, face shields, masks, and gloves without exception.<\/p><p>\u2022\tTables and meal serving areas are cleaned and disinfected after each use.<\/p><p>\u2022\tAll vegetables and fruits entering the cafeteria are washed with appropriate systems, and the packages of all packaged foods are wiped.<\/p><p>\u2022\tRegular checks are conducted on water and food samples. Cutlery (forks, spoons, knives) is individually packaged.<\/p><p>\u2022\tWater and yogurt are served in sealed packages. Buffet service is suspended during the pandemic.<\/p><p>\u2022\tHand sanitizer is provided at the entrance of the cafeteria.<\/p><h3>Infirmary:<\/h3><p>\u2022\tThe infirmary is frequently ventilated<\/p><p>\u2022\tDisposable sheets are replaced on infirmary beds after each patient.<\/p><p>\u2022\tHand sanitizer is used and hands are disinfected before entering and after leaving the infirmary.<\/p><p>\u2022\tStudents showing symptoms of illness upon arrival at school are isolated in a observation room under the supervision of a health officer, and their parent is called to the school as soon as possible.<\/p><p>\u2022\tInformation sessions and trainings on pandemic and prevention methods are conducted by the school infirmary.<\/p><h3>Library:<\/h3><p>\u2022\tSigns are placed at the entrance, in the hall, and in the elevator to maintain social distance in the library.<\/p><p>\u2022\tThe library is disinfected, and a sterile environment is created before opening for user service.<\/p><p>\u2022\tRegular cleaning and disinfection are carried out throughout the day.<\/p><p>\u2022\tHand sanitizer is provided at the entrance of the library, and students disinfect their hands before entering.<\/p><p>\u2022\tSeating arrangements on computers ensure social distancing and are regularly disinfected.<\/p><p>\u2022\tBooks returned by users are aired out, disinfected, and then placed on shelves.<\/p><h3>Sports Hall:<\/h3><p>\u2022\tDisinfectants are available in the changing rooms, and students disinfect their hands before using the changing rooms in small groups.<\/p><p>\u2022\tAt the beginning of each class, physical distance circles are created for each student. Warm-up and cool-down exercises are conducted within the student's designated circle.<\/p><p>\u2022\tCleaning and disinfection procedures in the changing rooms are carried out regularly after students leave the rooms. After the process, the cleaning staff records post-cleaning procedures on the \"Disinfection and Cleaning Schedule\".<\/p><h3>Teacher and Staff Training:<\/h3><p>\u2022\tA team consisting of teachers, administrators, and administrative staff is formed in accordance with the action plan.<\/p><p>\u2022\tHealth checks for administrative services personnel are conducted periodically. They are ensured to refresh their hygiene training.<\/p><p>\u2022\tLeaving the institution during working hours is not allowed.<\/p><p>\u2022\tAll staff members at the school wear masks and face shields.<\/p><p>\u2022\tStaff showing symptoms of illness are taken to an isolation room and referred to a healthcare facility with all necessary precautions.<\/p><h3>In Case of COVID-19:<\/h3><p>\u2022\tIf a Covid-19 case is confirmed, the affected classroom\/room should be evacuated.<\/p><p>\u2022\tThe room should be ventilated and left empty for 24 hours. Afterward, it should be cleaned.<\/p><ul>\u2022\tThe person responsible for cleaning the room after a Covid-19 case should wear a medical mask, a gown or disposable apron, a face shield, and gloves. The cleaning staff should wash their hands, put on gloves, and perform the cleaning with gloved hands.<\/ul><p>\u00a0<\/p>\t\t\t\t\t\t\t\t<\/div>\n\t\t\t\t<\/div>\n\t\t\t\t<\/div>\n\t\t\t\t\t<\/div>\n\t\t\t\t<\/div>\n\t\t\t\t<\/div>","protected":false},"excerpt":{"rendered":"<p>Hakk\u0131m\u0131zda Kurucumuz Misyon &amp; Vizyon Logomuzun Hikayesi Rehberlik Servisi S\u0131k\u00e7a Sorulan Sorular Covid 19 \u00d6nlemleri Gizlilik Politikas\u0131 KVKK Bilgilendirme Formu Angora Bulvar\u0131 2687.Sok.No:7 Beysukent\u00c7ankaya \/ Ankara \u00a0\u00a0\u00a0\u00a0(0312) 225 21 11\u00a0\u00a0 bilgi@beysukentkoleji.k12.tr G\u00fcr\u00e7am K\u00f6y\u00fc MudurnuBolu \/ T\u00fcrkiye \u00a0\u00a0\u00a0\u00a0(0312) 225 21 11\u00a0\u00a0 bilgi@anakamp.com.tr Covid-19 \u00d6nlemleri Enfeksiyon \u00d6nleme ve Kontrol Eylem Plan\u0131 Okulumuzda pandemi s\u00fcrecinde kamp\u00fcs genelinde hijyen [&hellip;]<\/p>","protected":false},"author":1,"featured_media":0,"parent":0,"menu_order":0,"comment_status":"closed","ping_status":"closed","template":"elementor_header_footer","meta":{"_eb_attr":"","footnotes":""},"class_list":["post-4795","page","type-page","status-publish","hentry"],"aioseo_notices":[],"_links":{"self":[{"href":"https:\/\/www.beysukentkoleji.k12.tr\/en\/wp-json\/wp\/v2\/pages\/4795","targetHints":{"allow":["GET"]}}],"collection":[{"href":"https:\/\/www.beysukentkoleji.k12.tr\/en\/wp-json\/wp\/v2\/pages"}],"about":[{"href":"https:\/\/www.beysukentkoleji.k12.tr\/en\/wp-json\/wp\/v2\/types\/page"}],"author":[{"embeddable":true,"href":"https:\/\/www.beysukentkoleji.k12.tr\/en\/wp-json\/wp\/v2\/users\/1"}],"replies":[{"embeddable":true,"href":"https:\/\/www.beysukentkoleji.k12.tr\/en\/wp-json\/wp\/v2\/comments?post=4795"}],"version-history":[{"count":10,"href":"https:\/\/www.beysukentkoleji.k12.tr\/en\/wp-json\/wp\/v2\/pages\/4795\/revisions"}],"predecessor-version":[{"id":5803,"href":"https:\/\/www.beysukentkoleji.k12.tr\/en\/wp-json\/wp\/v2\/pages\/4795\/revisions\/5803"}],"wp:attachment":[{"href":"https:\/\/www.beysukentkoleji.k12.tr\/en\/wp-json\/wp\/v2\/media?parent=4795"}],"curies":[{"name":"wp","href":"https:\/\/api.w.org\/{rel}","templated":true}]}}