{"id":4790,"date":"2024-04-19T08:12:35","date_gmt":"2024-04-19T08:12:35","guid":{"rendered":"https:\/\/www.beysukentkoleji.k12.tr\/?page_id=4790"},"modified":"2024-04-26T06:42:15","modified_gmt":"2024-04-26T06:42:15","slug":"sikca-sorulan-sorular","status":"publish","type":"page","link":"https:\/\/www.beysukentkoleji.k12.tr\/en\/sikca-sorulan-sorular\/","title":{"rendered":"Frequently Asked Questions"},"content":{"rendered":"<div data-elementor-type=\"wp-page\" data-elementor-id=\"4790\" class=\"elementor elementor-4790\" data-elementor-post-type=\"page\">\n\t\t\t\t<div class=\"elementor-element elementor-element-10307dd e-flex e-con-boxed e-con e-parent\" data-id=\"10307dd\" data-element_type=\"container\">\n\t\t\t\t\t<div class=\"e-con-inner\">\n\t\t<div class=\"elementor-element elementor-element-1fc5fac e-con-full e-flex e-con e-child\" data-id=\"1fc5fac\" data-element_type=\"container\">\n\t\t<div class=\"elementor-element elementor-element-72e124f e-con-full e-flex e-con e-child\" data-id=\"72e124f\" data-element_type=\"container\">\n\t\t\t\t<div class=\"elementor-element elementor-element-b263bfb elementor-widget elementor-widget-image\" data-id=\"b263bfb\" data-element_type=\"widget\" data-widget_type=\"image.default\">\n\t\t\t\t<div class=\"elementor-widget-container\">\n\t\t\t\t\t\t\t\t\t\t\t\t\t\t\t<img fetchpriority=\"high\" decoding=\"async\" width=\"566\" height=\"566\" src=\"https:\/\/www.beysukentkoleji.k12.tr\/wp-content\/uploads\/2024\/04\/hakkimizda.png\" class=\"attachment-large size-large wp-image-4756\" alt=\"\" srcset=\"https:\/\/www.beysukentkoleji.k12.tr\/wp-content\/uploads\/2024\/04\/hakkimizda.png 566w, https:\/\/www.beysukentkoleji.k12.tr\/wp-content\/uploads\/2024\/04\/hakkimizda-300x300.png 300w, https:\/\/www.beysukentkoleji.k12.tr\/wp-content\/uploads\/2024\/04\/hakkimizda-150x150.png 150w, https:\/\/www.beysukentkoleji.k12.tr\/wp-content\/uploads\/2024\/04\/hakkimizda-12x12.png 12w\" sizes=\"(max-width: 566px) 100vw, 566px\" \/>\t\t\t\t\t\t\t\t\t\t\t\t\t\t\t<\/div>\n\t\t\t\t<\/div>\n\t\t\t\t<div class=\"elementor-element elementor-element-0b86359 elementor-widget elementor-widget-eael-creative-button\" data-id=\"0b86359\" data-element_type=\"widget\" data-widget_type=\"eael-creative-button.default\">\n\t\t\t\t<div class=\"elementor-widget-container\">\n\t\t\t\t\t        <div class=\"eael-creative-button-wrapper\">\n\n            <a class=\"eael-creative-button eael-creative-button--default\" href=\"https:\/\/www.beysukentkoleji.k12.tr\/en\/kurumsal\/\" data-text=\"Go!\">\n\n\t    \n                <div class=\"creative-button-inner\">\n\n                    \n                    <span class=\"cretive-button-text\">About Us<\/span>\n\n                                    <\/div>\n\t                        <\/a>\n        <\/div>\n        \t\t\t\t<\/div>\n\t\t\t\t<\/div>\n\t\t\t\t<div class=\"elementor-element elementor-element-42b87ff elementor-widget elementor-widget-eael-creative-button\" data-id=\"42b87ff\" data-element_type=\"widget\" data-widget_type=\"eael-creative-button.default\">\n\t\t\t\t<div class=\"elementor-widget-container\">\n\t\t\t\t\t        <div class=\"eael-creative-button-wrapper\">\n\n            <a class=\"eael-creative-button eael-creative-button--default\" href=\"https:\/\/www.beysukentkoleji.k12.tr\/en\/kurucumuz\/\" data-text=\"Go!\">\n\n\t    \n                <div class=\"creative-button-inner\">\n\n                    \n                    <span class=\"cretive-button-text\">Our Founder<\/span>\n\n                                    <\/div>\n\t                        <\/a>\n        <\/div>\n        \t\t\t\t<\/div>\n\t\t\t\t<\/div>\n\t\t\t\t<div class=\"elementor-element elementor-element-ec0a3d4 elementor-widget elementor-widget-eael-creative-button\" data-id=\"ec0a3d4\" data-element_type=\"widget\" data-widget_type=\"eael-creative-button.default\">\n\t\t\t\t<div class=\"elementor-widget-container\">\n\t\t\t\t\t        <div class=\"eael-creative-button-wrapper\">\n\n            <a class=\"eael-creative-button eael-creative-button--default\" href=\"https:\/\/www.beysukentkoleji.k12.tr\/en\/?page_id=4775\" data-text=\"Go!\">\n\n\t    \n                <div class=\"creative-button-inner\">\n\n                    \n                    <span class=\"cretive-button-text\">Mission &amp; Vision<\/span>\n\n                                    <\/div>\n\t                        <\/a>\n        <\/div>\n        \t\t\t\t<\/div>\n\t\t\t\t<\/div>\n\t\t\t\t<div class=\"elementor-element elementor-element-0bb11f4 elementor-widget elementor-widget-eael-creative-button\" data-id=\"0bb11f4\" data-element_type=\"widget\" data-widget_type=\"eael-creative-button.default\">\n\t\t\t\t<div class=\"elementor-widget-container\">\n\t\t\t\t\t        <div class=\"eael-creative-button-wrapper\">\n\n            <a class=\"eael-creative-button eael-creative-button--default\" href=\"https:\/\/www.beysukentkoleji.k12.tr\/en\/logomuzun-hikayesi\/\" data-text=\"Go!\">\n\n\t    \n                <div class=\"creative-button-inner\">\n\n                    \n                    <span class=\"cretive-button-text\">The Story of Our Logo<\/span>\n\n                                    <\/div>\n\t                        <\/a>\n        <\/div>\n        \t\t\t\t<\/div>\n\t\t\t\t<\/div>\n\t\t\t\t<div class=\"elementor-element elementor-element-81021cc elementor-widget elementor-widget-eael-creative-button\" data-id=\"81021cc\" data-element_type=\"widget\" data-widget_type=\"eael-creative-button.default\">\n\t\t\t\t<div class=\"elementor-widget-container\">\n\t\t\t\t\t        <div class=\"eael-creative-button-wrapper\">\n\n            <a class=\"eael-creative-button eael-creative-button--default\" href=\"https:\/\/www.beysukentkoleji.k12.tr\/en\/rehberlik-servisi\/\" data-text=\"Go!\">\n\n\t    \n                <div class=\"creative-button-inner\">\n\n                    \n                    <span class=\"cretive-button-text\">Guidance Service<\/span>\n\n                                    <\/div>\n\t                        <\/a>\n        <\/div>\n        \t\t\t\t<\/div>\n\t\t\t\t<\/div>\n\t\t\t\t<div class=\"elementor-element elementor-element-2883bd4 elementor-widget elementor-widget-eael-creative-button\" data-id=\"2883bd4\" data-element_type=\"widget\" data-widget_type=\"eael-creative-button.default\">\n\t\t\t\t<div class=\"elementor-widget-container\">\n\t\t\t\t\t        <div class=\"eael-creative-button-wrapper\">\n\n            <a class=\"eael-creative-button eael-creative-button--default\" href=\"https:\/\/www.beysukentkoleji.k12.tr\/en\/sikca-sorulan-sorular\/\" data-text=\"Go!\">\n\n\t    \n                <div class=\"creative-button-inner\">\n\n                    \n                    <span class=\"cretive-button-text\">Frequently Asked Questions<\/span>\n\n                                    <\/div>\n\t                        <\/a>\n        <\/div>\n        \t\t\t\t<\/div>\n\t\t\t\t<\/div>\n\t\t\t\t<div class=\"elementor-element elementor-element-f15024b elementor-widget elementor-widget-eael-creative-button\" data-id=\"f15024b\" data-element_type=\"widget\" data-widget_type=\"eael-creative-button.default\">\n\t\t\t\t<div class=\"elementor-widget-container\">\n\t\t\t\t\t        <div class=\"eael-creative-button-wrapper\">\n\n            <a class=\"eael-creative-button eael-creative-button--default\" href=\"https:\/\/www.beysukentkoleji.k12.tr\/en\/covid-19-onlemleri\/\" data-text=\"Go!\">\n\n\t    \n                <div class=\"creative-button-inner\">\n\n                    \n                    <span class=\"cretive-button-text\">Covid 19 Precautions<\/span>\n\n                                    <\/div>\n\t                        <\/a>\n        <\/div>\n        \t\t\t\t<\/div>\n\t\t\t\t<\/div>\n\t\t\t\t<div class=\"elementor-element elementor-element-2b2813e elementor-widget elementor-widget-eael-creative-button\" data-id=\"2b2813e\" data-element_type=\"widget\" data-widget_type=\"eael-creative-button.default\">\n\t\t\t\t<div class=\"elementor-widget-container\">\n\t\t\t\t\t        <div class=\"eael-creative-button-wrapper\">\n\n            <a class=\"eael-creative-button eael-creative-button--default\" href=\"https:\/\/www.beysukentkoleji.k12.tr\/en\/gizlilik-politikasi\/\" data-text=\"Go!\">\n\n\t    \n                <div class=\"creative-button-inner\">\n\n                    \n                    <span class=\"cretive-button-text\">Privacy Policy<\/span>\n\n                                    <\/div>\n\t                        <\/a>\n        <\/div>\n        \t\t\t\t<\/div>\n\t\t\t\t<\/div>\n\t\t\t\t<div class=\"elementor-element elementor-element-18ed378 elementor-widget elementor-widget-eael-creative-button\" data-id=\"18ed378\" data-element_type=\"widget\" data-widget_type=\"eael-creative-button.default\">\n\t\t\t\t<div class=\"elementor-widget-container\">\n\t\t\t\t\t        <div class=\"eael-creative-button-wrapper\">\n\n            <a class=\"eael-creative-button eael-creative-button--default\" href=\"https:\/\/www.beysukentkoleji.k12.tr\/en\/kvkk-bilgilendirme-formu\/\" data-text=\"Go!\">\n\n\t    \n                <div class=\"creative-button-inner\">\n\n                    \n                    <span class=\"cretive-button-text\">GDPR - General Data Protection Regulation Information Form<\/span>\n\n                                    <\/div>\n\t                        <\/a>\n        <\/div>\n        \t\t\t\t<\/div>\n\t\t\t\t<\/div>\n\t\t\t\t<\/div>\n\t\t\t\t<div class=\"elementor-element elementor-element-fc1af29 elementor-hidden-tablet elementor-hidden-mobile elementor-widget elementor-widget-text-editor\" data-id=\"fc1af29\" data-element_type=\"widget\" data-widget_type=\"text-editor.default\">\n\t\t\t\t<div class=\"elementor-widget-container\">\n\t\t\t\t\t\t\t\t\t<p><a class=\"transeffect\" title=\"the Beysukent Collage.\" href=\"https:\/\/beysukentkoleji.com\/\"><img decoding=\"async\" class=\"transeffect footerLogo\" src=\"https:\/\/beysukentkoleji.com\/images\/footer_logo.png\" alt=\"Beysukent Koleji\" border=\"0\" \/><\/a><br \/><b>Angora Bulvar\u0131 2687.Sok.<br \/>No:7 Beysukent<br \/>\u00c7ankaya \/ Ankara<\/b><\/p><p><i class=\"fa fa-phone\"><\/i>\u00a0\u00a0\u00a0\u00a0(0312) 225 21 11<br \/><i class=\"fa fa-envelope\"><\/i>\u00a0\u00a0 bilgi@beysukentkoleji.k12.tr<\/p><p><a class=\"transeffect\" title=\"the Beysukent Collage.\" href=\"https:\/\/beysukentkoleji.com\/\"><img decoding=\"async\" class=\"transeffect footerLogo\" src=\"https:\/\/beysukentkoleji.com\/images\/anakamp_logo.png\" alt=\"Anakamp\" height=\"80\" border=\"0\" \/><\/a><\/p><p><b>G\u00fcr\u00e7am K\u00f6y\u00fc Mudurnu<br \/>Bolu \/ T\u00fcrkiye<\/b><\/p><p><i class=\"fa fa-phone\"><\/i>\u00a0\u00a0\u00a0\u00a0(0312) 225 21 11<br \/><i class=\"fa fa-envelope\"><\/i>\u00a0\u00a0 bilgi@anakamp.com.tr<\/p>\t\t\t\t\t\t\t\t<\/div>\n\t\t\t\t<\/div>\n\t\t\t\t<\/div>\n\t\t<div class=\"elementor-element elementor-element-97b9b14 e-con-full e-flex e-con e-child\" data-id=\"97b9b14\" data-element_type=\"container\">\n\t\t\t\t<div class=\"elementor-element elementor-element-e4d806d elementor-widget elementor-widget-text-editor\" data-id=\"e4d806d\" data-element_type=\"widget\" data-widget_type=\"text-editor.default\">\n\t\t\t\t<div class=\"elementor-widget-container\">\n\t\t\t\t\t\t\t\t\t<h3 title=\"Frequently Asked Questions\">Frequently Asked Questions<\/h3><hr \/><p><strong>What is the education model of Beysukent College?<\/strong><\/p><ul><li>Beysukent College's Education Model: In preschool and primary school, the aim is to cultivate individuals who can communicate effectively, manage relationships, observe critically, and have expansive imaginations. In middle school, in addition to the aforementioned qualities, the goal is to develop individuals who engage in project work, possess strong presentation skills, and are curious researchers. In high school, a structured educational model is implemented to prepare students for science, art, foreign language, and elective examinations, building upon the achievements of primary and middle school.<\/li><li>In secondary school; In addition to the characteristics mentioned above, it is aimed to train individuals who do project work, have high presentation skills and are researchers.<\/li><li>In high school; An education model is implemented that aims to prepare our students with primary and secondary school achievements for science, art, foreign language and multiple-choice exams in a disciplined and programmed manner.<\/li><\/ul><p>\u00a0<br \/><strong>Could you provide information about your teaching staff?<\/strong>\u2028<br \/>Our teaching staff has proven themselves through years of experience in various institutions. With their experience, they can analyze students effectively and provide guidance accordingly.<br \/>\u00a0<br \/><strong>You mention being a disciplined school; do you also prioritize the happiness of individuals?<\/strong><br \/>When the benefits of discipline, hard work, and productivity are properly explained, these efforts become enjoyable.<br \/>\u00a0<br \/><strong>What are the facilities like at the school?<\/strong>\u2028<\/p><ul><li>The most frequently asked questions by parents are meals, cleanliness, and class sizes. Our class sizes are deliberately kept low to ensure individual attention during class time.<\/li><li>Our meals are fresh and healthy, and we prioritize school cleanliness with adequate staff and equipment.\u00a0<\/li><\/ul><p><br \/><strong>Could I get information about your foreign language education?<\/strong>\u2028<br \/>We provide language education with an emphasis on practical usage, led by both foreign and local instructors.<br \/>\u00a0<br \/><strong>Are there any international trips organized by Beysukent College?<\/strong><br \/>Every year, a group of students participate in select summer school programs, art, science, and cultural tours in America and Europe.<br \/>\u00a0<br \/><strong>What are the extracurricular activities at Beysukent College?<\/strong><\/p><ul><li>Museum, archaeological site, and historical trips<\/li><li>University introduction trips<\/li><li>Education and station camps<\/li><li>Foreign language, art, and science trips abroad.<\/li><\/ul><p>\u00a0<br \/><strong>What is the relationship between Anakamp and Beysukent College?<\/strong><br \/>Anakamp is a 90-acre, 346-bed laboratory used by Beysukent College for forest pedagogy and exam preparation.<br \/>\u00a0<br \/><strong>What activities are conducted at Beysukent College's Anakamp?<\/strong><br \/>Activities include stations and exam preparation groups. Some of the stations at Anakamp are:<\/p><ul><li>Athletics<\/li><li>Botany<\/li><li>Mud Workshop<\/li><li>Outdoor Life<\/li><li>Sounds of Nature<\/li><li>Drama<\/li><li>World Languages<\/li><li>Rainbow and Colors<\/li><li>Imagination Session<\/li><li>Zoo<\/li><li>Logic and Reasoning<\/li><li>Archery and Horsemanship<\/li><li>STEM in the Forest<\/li><li>Pedagogy<\/li><li>Simulation Center<\/li><li>Repair School<\/li><li>Creative Cultural Industries<\/li><\/ul><p>\u00a0<br \/><strong>How often does Beysukent College visit Anakamp?<\/strong><br \/>We conduct three non-compulsory week-long residential programs per year.<\/p>\t\t\t\t\t\t\t\t<\/div>\n\t\t\t\t<\/div>\n\t\t\t\t<\/div>\n\t\t\t\t\t<\/div>\n\t\t\t\t<\/div>\n\t\t\t\t<\/div>","protected":false},"excerpt":{"rendered":"<p>Hakk\u0131m\u0131zda Kurucumuz Misyon &amp; Vizyon Logomuzun Hikayesi Rehberlik Servisi S\u0131k\u00e7a Sorulan Sorular Covid 19 \u00d6nlemleri Gizlilik Politikas\u0131 KVKK Bilgilendirme Formu Angora Bulvar\u0131 2687.Sok.No:7 Beysukent\u00c7ankaya \/ Ankara \u00a0\u00a0\u00a0\u00a0(0312) 225 21 11\u00a0\u00a0 bilgi@beysukentkoleji.k12.tr G\u00fcr\u00e7am K\u00f6y\u00fc MudurnuBolu \/ T\u00fcrkiye \u00a0\u00a0\u00a0\u00a0(0312) 225 21 11\u00a0\u00a0 bilgi@anakamp.com.tr S\u0131k\u00e7a Sorulan Sorular Beysukent Koleji\u2019nin e\u011fitim modeli nedir? Okul \u00f6ncesi ve ilkokulda; ileti\u015fim kurabilen, [&hellip;]<\/p>","protected":false},"author":1,"featured_media":0,"parent":0,"menu_order":0,"comment_status":"closed","ping_status":"closed","template":"elementor_header_footer","meta":{"_eb_attr":"","footnotes":""},"class_list":["post-4790","page","type-page","status-publish","hentry"],"aioseo_notices":[],"_links":{"self":[{"href":"https:\/\/www.beysukentkoleji.k12.tr\/en\/wp-json\/wp\/v2\/pages\/4790","targetHints":{"allow":["GET"]}}],"collection":[{"href":"https:\/\/www.beysukentkoleji.k12.tr\/en\/wp-json\/wp\/v2\/pages"}],"about":[{"href":"https:\/\/www.beysukentkoleji.k12.tr\/en\/wp-json\/wp\/v2\/types\/page"}],"author":[{"embeddable":true,"href":"https:\/\/www.beysukentkoleji.k12.tr\/en\/wp-json\/wp\/v2\/users\/1"}],"replies":[{"embeddable":true,"href":"https:\/\/www.beysukentkoleji.k12.tr\/en\/wp-json\/wp\/v2\/comments?post=4790"}],"version-history":[{"count":10,"href":"https:\/\/www.beysukentkoleji.k12.tr\/en\/wp-json\/wp\/v2\/pages\/4790\/revisions"}],"predecessor-version":[{"id":5800,"href":"https:\/\/www.beysukentkoleji.k12.tr\/en\/wp-json\/wp\/v2\/pages\/4790\/revisions\/5800"}],"wp:attachment":[{"href":"https:\/\/www.beysukentkoleji.k12.tr\/en\/wp-json\/wp\/v2\/media?parent=4790"}],"curies":[{"name":"wp","href":"https:\/\/api.w.org\/{rel}","templated":true}]}}