{"id":4785,"date":"2024-04-19T08:11:47","date_gmt":"2024-04-19T08:11:47","guid":{"rendered":"https:\/\/www.beysukentkoleji.k12.tr\/?page_id=4785"},"modified":"2024-04-26T06:41:39","modified_gmt":"2024-04-26T06:41:39","slug":"rehberlik-servisi","status":"publish","type":"page","link":"https:\/\/www.beysukentkoleji.k12.tr\/en\/rehberlik-servisi\/","title":{"rendered":"Guidance Service"},"content":{"rendered":"<div data-elementor-type=\"wp-page\" data-elementor-id=\"4785\" class=\"elementor elementor-4785\" data-elementor-post-type=\"page\">\n\t\t\t\t<div class=\"elementor-element elementor-element-4b7cbe6 e-flex e-con-boxed e-con e-parent\" data-id=\"4b7cbe6\" data-element_type=\"container\">\n\t\t\t\t\t<div class=\"e-con-inner\">\n\t\t<div class=\"elementor-element elementor-element-0ba92f0 e-con-full e-flex e-con e-child\" data-id=\"0ba92f0\" data-element_type=\"container\">\n\t\t<div class=\"elementor-element elementor-element-cd09a11 e-con-full e-flex e-con e-child\" data-id=\"cd09a11\" data-element_type=\"container\">\n\t\t\t\t<div class=\"elementor-element elementor-element-6ba7a55 elementor-widget elementor-widget-image\" data-id=\"6ba7a55\" data-element_type=\"widget\" data-widget_type=\"image.default\">\n\t\t\t\t<div class=\"elementor-widget-container\">\n\t\t\t\t\t\t\t\t\t\t\t\t\t\t\t<img fetchpriority=\"high\" decoding=\"async\" width=\"566\" height=\"566\" src=\"https:\/\/www.beysukentkoleji.k12.tr\/wp-content\/uploads\/2024\/04\/hakkimizda.png\" class=\"attachment-large size-large wp-image-4756\" alt=\"\" srcset=\"https:\/\/www.beysukentkoleji.k12.tr\/wp-content\/uploads\/2024\/04\/hakkimizda.png 566w, https:\/\/www.beysukentkoleji.k12.tr\/wp-content\/uploads\/2024\/04\/hakkimizda-300x300.png 300w, https:\/\/www.beysukentkoleji.k12.tr\/wp-content\/uploads\/2024\/04\/hakkimizda-150x150.png 150w, https:\/\/www.beysukentkoleji.k12.tr\/wp-content\/uploads\/2024\/04\/hakkimizda-12x12.png 12w\" sizes=\"(max-width: 566px) 100vw, 566px\" \/>\t\t\t\t\t\t\t\t\t\t\t\t\t\t\t<\/div>\n\t\t\t\t<\/div>\n\t\t\t\t<div class=\"elementor-element elementor-element-e3e0788 elementor-widget elementor-widget-eael-creative-button\" data-id=\"e3e0788\" data-element_type=\"widget\" data-widget_type=\"eael-creative-button.default\">\n\t\t\t\t<div class=\"elementor-widget-container\">\n\t\t\t\t\t        <div class=\"eael-creative-button-wrapper\">\n\n            <a class=\"eael-creative-button eael-creative-button--default\" href=\"https:\/\/www.beysukentkoleji.k12.tr\/en\/kurumsal\/\" data-text=\"Go!\">\n\n\t    \n                <div class=\"creative-button-inner\">\n\n                    \n                    <span class=\"cretive-button-text\">About Us<\/span>\n\n                                    <\/div>\n\t                        <\/a>\n        <\/div>\n        \t\t\t\t<\/div>\n\t\t\t\t<\/div>\n\t\t\t\t<div class=\"elementor-element elementor-element-47dfc39 elementor-widget elementor-widget-eael-creative-button\" data-id=\"47dfc39\" data-element_type=\"widget\" data-widget_type=\"eael-creative-button.default\">\n\t\t\t\t<div class=\"elementor-widget-container\">\n\t\t\t\t\t        <div class=\"eael-creative-button-wrapper\">\n\n            <a class=\"eael-creative-button eael-creative-button--default\" href=\"https:\/\/www.beysukentkoleji.k12.tr\/en\/kurucumuz\/\" data-text=\"Go!\">\n\n\t    \n                <div class=\"creative-button-inner\">\n\n                    \n                    <span class=\"cretive-button-text\">Our Founder<\/span>\n\n                                    <\/div>\n\t                        <\/a>\n        <\/div>\n        \t\t\t\t<\/div>\n\t\t\t\t<\/div>\n\t\t\t\t<div class=\"elementor-element elementor-element-8cd6e25 elementor-widget elementor-widget-eael-creative-button\" data-id=\"8cd6e25\" data-element_type=\"widget\" data-widget_type=\"eael-creative-button.default\">\n\t\t\t\t<div class=\"elementor-widget-container\">\n\t\t\t\t\t        <div class=\"eael-creative-button-wrapper\">\n\n            <a class=\"eael-creative-button eael-creative-button--default\" href=\"https:\/\/www.beysukentkoleji.k12.tr\/en\/?page_id=4775\" data-text=\"Go!\">\n\n\t    \n                <div class=\"creative-button-inner\">\n\n                    \n                    <span class=\"cretive-button-text\">Mission &amp; Vision<\/span>\n\n                                    <\/div>\n\t                        <\/a>\n        <\/div>\n        \t\t\t\t<\/div>\n\t\t\t\t<\/div>\n\t\t\t\t<div class=\"elementor-element elementor-element-7b7e936 elementor-widget elementor-widget-eael-creative-button\" data-id=\"7b7e936\" data-element_type=\"widget\" data-widget_type=\"eael-creative-button.default\">\n\t\t\t\t<div class=\"elementor-widget-container\">\n\t\t\t\t\t        <div class=\"eael-creative-button-wrapper\">\n\n            <a class=\"eael-creative-button eael-creative-button--default\" href=\"https:\/\/www.beysukentkoleji.k12.tr\/en\/logomuzun-hikayesi\/\" data-text=\"Go!\">\n\n\t    \n                <div class=\"creative-button-inner\">\n\n                    \n                    <span class=\"cretive-button-text\">The Story of Our Logo<\/span>\n\n                                    <\/div>\n\t                        <\/a>\n        <\/div>\n        \t\t\t\t<\/div>\n\t\t\t\t<\/div>\n\t\t\t\t<div class=\"elementor-element elementor-element-e14afa2 elementor-widget elementor-widget-eael-creative-button\" data-id=\"e14afa2\" data-element_type=\"widget\" data-widget_type=\"eael-creative-button.default\">\n\t\t\t\t<div class=\"elementor-widget-container\">\n\t\t\t\t\t        <div class=\"eael-creative-button-wrapper\">\n\n            <a class=\"eael-creative-button eael-creative-button--default\" href=\"https:\/\/www.beysukentkoleji.k12.tr\/en\/rehberlik-servisi\/\" data-text=\"Go!\">\n\n\t    \n                <div class=\"creative-button-inner\">\n\n                    \n                    <span class=\"cretive-button-text\">Guidance Service<\/span>\n\n                                    <\/div>\n\t                        <\/a>\n        <\/div>\n        \t\t\t\t<\/div>\n\t\t\t\t<\/div>\n\t\t\t\t<div class=\"elementor-element elementor-element-0dd9c72 elementor-widget elementor-widget-eael-creative-button\" data-id=\"0dd9c72\" data-element_type=\"widget\" data-widget_type=\"eael-creative-button.default\">\n\t\t\t\t<div class=\"elementor-widget-container\">\n\t\t\t\t\t        <div class=\"eael-creative-button-wrapper\">\n\n            <a class=\"eael-creative-button eael-creative-button--default\" href=\"https:\/\/www.beysukentkoleji.k12.tr\/en\/sikca-sorulan-sorular\/\" data-text=\"Go!\">\n\n\t    \n                <div class=\"creative-button-inner\">\n\n                    \n                    <span class=\"cretive-button-text\">Frequently Asked Questions<\/span>\n\n                                    <\/div>\n\t                        <\/a>\n        <\/div>\n        \t\t\t\t<\/div>\n\t\t\t\t<\/div>\n\t\t\t\t<div class=\"elementor-element elementor-element-e8ffb20 elementor-widget elementor-widget-eael-creative-button\" data-id=\"e8ffb20\" data-element_type=\"widget\" data-widget_type=\"eael-creative-button.default\">\n\t\t\t\t<div class=\"elementor-widget-container\">\n\t\t\t\t\t        <div class=\"eael-creative-button-wrapper\">\n\n            <a class=\"eael-creative-button eael-creative-button--default\" href=\"https:\/\/www.beysukentkoleji.k12.tr\/en\/covid-19-onlemleri\/\" data-text=\"Go!\">\n\n\t    \n                <div class=\"creative-button-inner\">\n\n                    \n                    <span class=\"cretive-button-text\">Covid 19 Precautions<\/span>\n\n                                    <\/div>\n\t                        <\/a>\n        <\/div>\n        \t\t\t\t<\/div>\n\t\t\t\t<\/div>\n\t\t\t\t<div class=\"elementor-element elementor-element-c525c84 elementor-widget elementor-widget-eael-creative-button\" data-id=\"c525c84\" data-element_type=\"widget\" data-widget_type=\"eael-creative-button.default\">\n\t\t\t\t<div class=\"elementor-widget-container\">\n\t\t\t\t\t        <div class=\"eael-creative-button-wrapper\">\n\n            <a class=\"eael-creative-button eael-creative-button--default\" href=\"https:\/\/www.beysukentkoleji.k12.tr\/en\/gizlilik-politikasi\/\" data-text=\"Go!\">\n\n\t    \n                <div class=\"creative-button-inner\">\n\n                    \n                    <span class=\"cretive-button-text\">Privacy Policy<\/span>\n\n                                    <\/div>\n\t                        <\/a>\n        <\/div>\n        \t\t\t\t<\/div>\n\t\t\t\t<\/div>\n\t\t\t\t<div class=\"elementor-element elementor-element-30b6c63 elementor-widget elementor-widget-eael-creative-button\" data-id=\"30b6c63\" data-element_type=\"widget\" data-widget_type=\"eael-creative-button.default\">\n\t\t\t\t<div class=\"elementor-widget-container\">\n\t\t\t\t\t        <div class=\"eael-creative-button-wrapper\">\n\n            <a class=\"eael-creative-button eael-creative-button--default\" href=\"https:\/\/www.beysukentkoleji.k12.tr\/en\/kvkk-bilgilendirme-formu\/\" data-text=\"Go!\">\n\n\t    \n                <div class=\"creative-button-inner\">\n\n                    \n                    <span class=\"cretive-button-text\">GDPR - General Data Protection Regulation Information Form<\/span>\n\n                                    <\/div>\n\t                        <\/a>\n        <\/div>\n        \t\t\t\t<\/div>\n\t\t\t\t<\/div>\n\t\t\t\t<\/div>\n\t\t\t\t<div class=\"elementor-element elementor-element-740e6f6 elementor-hidden-tablet elementor-hidden-mobile elementor-widget elementor-widget-text-editor\" data-id=\"740e6f6\" data-element_type=\"widget\" data-widget_type=\"text-editor.default\">\n\t\t\t\t<div class=\"elementor-widget-container\">\n\t\t\t\t\t\t\t\t\t<p><a class=\"transeffect\" title=\"the Beysukent Collage.\" href=\"https:\/\/beysukentkoleji.com\/\"><img decoding=\"async\" class=\"transeffect footerLogo\" src=\"https:\/\/beysukentkoleji.com\/images\/footer_logo.png\" alt=\"Beysukent Koleji\" border=\"0\" \/><\/a><br \/><b>Angora Bulvar\u0131 2687.Sok.<br \/>No:7 Beysukent<br \/>\u00c7ankaya \/ Ankara<\/b><\/p><p><i class=\"fa fa-phone\"><\/i>\u00a0\u00a0\u00a0\u00a0(0312) 225 21 11<br \/><i class=\"fa fa-envelope\"><\/i>\u00a0\u00a0 bilgi@beysukentkoleji.k12.tr<\/p><p><a class=\"transeffect\" title=\"the Beysukent Collage.\" href=\"https:\/\/beysukentkoleji.com\/\"><img decoding=\"async\" class=\"transeffect footerLogo\" src=\"https:\/\/beysukentkoleji.com\/images\/anakamp_logo.png\" alt=\"Anakamp\" height=\"80\" border=\"0\" \/><\/a><\/p><p><b>G\u00fcr\u00e7am K\u00f6y\u00fc Mudurnu<br \/>Bolu \/ T\u00fcrkiye<\/b><\/p><p><i class=\"fa fa-phone\"><\/i>\u00a0\u00a0\u00a0\u00a0(0312) 225 21 11<br \/><i class=\"fa fa-envelope\"><\/i>\u00a0\u00a0 bilgi@anakamp.com.tr<\/p>\t\t\t\t\t\t\t\t<\/div>\n\t\t\t\t<\/div>\n\t\t\t\t<\/div>\n\t\t<div class=\"elementor-element elementor-element-909e26c e-con-full e-flex e-con e-child\" data-id=\"909e26c\" data-element_type=\"container\">\n\t\t\t\t<div class=\"elementor-element elementor-element-d6c1fce elementor-widget elementor-widget-text-editor\" data-id=\"d6c1fce\" data-element_type=\"widget\" data-widget_type=\"text-editor.default\">\n\t\t\t\t<div class=\"elementor-widget-container\">\n\t\t\t\t\t\t\t\t\t<h3 title=\"Guidance Service\">Guidance Service<\/h3><hr \/><p><strong>Psychological Counseling and Guidance Unit<\/strong><br \/><br \/>Within the framework of the general objectives of the Turkish Education System, our guidance and psychological counseling services in education fundamentally aim to enable students to realize their potential, maximize their benefits from the educational process according to their talents and characteristics, and utilize and develop their latent abilities most effectively.<\/p><ul><li><b>Educational Guidance<\/b><br \/>Tailored services are provided to each student to facilitate their adaptation to educational practices in proportion to their unique talents, interests, vocational values, achievements, and motivation. This includes directing them towards programs that suit their characteristics and development.<br \/>\u00a0<\/li><li><b>Vocational Guidance<\/b><br \/>Throughout the educational journey, every student is offered guidance and psychological counseling services to aid them in making vocational choices, aligning themselves with suitable professions, and preparing for the workforce and their chosen careers.<br \/>\u00a0<\/li><li><b>Individual Guidance<\/b><br \/>Services are provided to support the individual and social development of students and to assist them with emotional issues as needed, through necessary guidance and psychological counseling.<\/li><\/ul>\t\t\t\t\t\t\t\t<\/div>\n\t\t\t\t<\/div>\n\t\t\t\t<\/div>\n\t\t\t\t\t<\/div>\n\t\t\t\t<\/div>\n\t\t\t\t<\/div>","protected":false},"excerpt":{"rendered":"<p>Hakk\u0131m\u0131zda Kurucumuz Misyon &amp; Vizyon Logomuzun Hikayesi Rehberlik Servisi S\u0131k\u00e7a Sorulan Sorular Covid 19 \u00d6nlemleri Gizlilik Politikas\u0131 KVKK Bilgilendirme Formu Angora Bulvar\u0131 2687.Sok.No:7 Beysukent\u00c7ankaya \/ Ankara \u00a0\u00a0\u00a0\u00a0(0312) 225 21 11\u00a0\u00a0 bilgi@beysukentkoleji.k12.tr G\u00fcr\u00e7am K\u00f6y\u00fc MudurnuBolu \/ T\u00fcrkiye \u00a0\u00a0\u00a0\u00a0(0312) 225 21 11\u00a0\u00a0 bilgi@anakamp.com.tr Rehberlik Servisi Psikolojik Dan\u0131\u015fma ve Rehberlik Birimi T\u00fcrk E\u011fitim Sistemi\u2019nin genel ama\u00e7lar\u0131 \u00e7er\u00e7evesinde e\u011fitimde [&hellip;]<\/p>","protected":false},"author":1,"featured_media":0,"parent":0,"menu_order":0,"comment_status":"closed","ping_status":"closed","template":"elementor_header_footer","meta":{"_eb_attr":"","footnotes":""},"class_list":["post-4785","page","type-page","status-publish","hentry"],"aioseo_notices":[],"_links":{"self":[{"href":"https:\/\/www.beysukentkoleji.k12.tr\/en\/wp-json\/wp\/v2\/pages\/4785","targetHints":{"allow":["GET"]}}],"collection":[{"href":"https:\/\/www.beysukentkoleji.k12.tr\/en\/wp-json\/wp\/v2\/pages"}],"about":[{"href":"https:\/\/www.beysukentkoleji.k12.tr\/en\/wp-json\/wp\/v2\/types\/page"}],"author":[{"embeddable":true,"href":"https:\/\/www.beysukentkoleji.k12.tr\/en\/wp-json\/wp\/v2\/users\/1"}],"replies":[{"embeddable":true,"href":"https:\/\/www.beysukentkoleji.k12.tr\/en\/wp-json\/wp\/v2\/comments?post=4785"}],"version-history":[{"count":10,"href":"https:\/\/www.beysukentkoleji.k12.tr\/en\/wp-json\/wp\/v2\/pages\/4785\/revisions"}],"predecessor-version":[{"id":5797,"href":"https:\/\/www.beysukentkoleji.k12.tr\/en\/wp-json\/wp\/v2\/pages\/4785\/revisions\/5797"}],"wp:attachment":[{"href":"https:\/\/www.beysukentkoleji.k12.tr\/en\/wp-json\/wp\/v2\/media?parent=4785"}],"curies":[{"name":"wp","href":"https:\/\/api.w.org\/{rel}","templated":true}]}}