{"id":4780,"date":"2024-04-19T08:11:14","date_gmt":"2024-04-19T08:11:14","guid":{"rendered":"https:\/\/www.beysukentkoleji.k12.tr\/?page_id=4780"},"modified":"2024-04-26T06:40:52","modified_gmt":"2024-04-26T06:40:52","slug":"logomuzun-hikayesi","status":"publish","type":"page","link":"https:\/\/www.beysukentkoleji.k12.tr\/en\/logomuzun-hikayesi\/","title":{"rendered":"The Story of Our Logo"},"content":{"rendered":"<div data-elementor-type=\"wp-page\" data-elementor-id=\"4780\" class=\"elementor elementor-4780\" data-elementor-post-type=\"page\">\n\t\t\t\t<div class=\"elementor-element elementor-element-726e76f e-flex e-con-boxed e-con e-parent\" data-id=\"726e76f\" data-element_type=\"container\">\n\t\t\t\t\t<div class=\"e-con-inner\">\n\t\t<div class=\"elementor-element elementor-element-70b13b7 e-con-full e-flex e-con e-child\" data-id=\"70b13b7\" data-element_type=\"container\">\n\t\t<div class=\"elementor-element elementor-element-cbf15f9 e-con-full e-flex e-con e-child\" data-id=\"cbf15f9\" data-element_type=\"container\">\n\t\t\t\t<div class=\"elementor-element elementor-element-9712fa5 elementor-widget elementor-widget-image\" data-id=\"9712fa5\" data-element_type=\"widget\" data-widget_type=\"image.default\">\n\t\t\t\t<div class=\"elementor-widget-container\">\n\t\t\t\t\t\t\t\t\t\t\t\t\t\t\t<img fetchpriority=\"high\" decoding=\"async\" width=\"566\" height=\"566\" src=\"https:\/\/www.beysukentkoleji.k12.tr\/wp-content\/uploads\/2024\/04\/lg.png\" class=\"attachment-large size-large wp-image-4824\" alt=\"\" srcset=\"https:\/\/www.beysukentkoleji.k12.tr\/wp-content\/uploads\/2024\/04\/lg.png 566w, https:\/\/www.beysukentkoleji.k12.tr\/wp-content\/uploads\/2024\/04\/lg-300x300.png 300w, https:\/\/www.beysukentkoleji.k12.tr\/wp-content\/uploads\/2024\/04\/lg-150x150.png 150w, https:\/\/www.beysukentkoleji.k12.tr\/wp-content\/uploads\/2024\/04\/lg-12x12.png 12w\" sizes=\"(max-width: 566px) 100vw, 566px\" \/>\t\t\t\t\t\t\t\t\t\t\t\t\t\t\t<\/div>\n\t\t\t\t<\/div>\n\t\t\t\t<div class=\"elementor-element elementor-element-cf6a632 elementor-widget elementor-widget-eael-creative-button\" data-id=\"cf6a632\" data-element_type=\"widget\" data-widget_type=\"eael-creative-button.default\">\n\t\t\t\t<div class=\"elementor-widget-container\">\n\t\t\t\t\t        <div class=\"eael-creative-button-wrapper\">\n\n            <a class=\"eael-creative-button eael-creative-button--default\" href=\"https:\/\/www.beysukentkoleji.k12.tr\/en\/kurumsal\/\" data-text=\"Go!\">\n\n\t    \n                <div class=\"creative-button-inner\">\n\n                    \n                    <span class=\"cretive-button-text\">About Us<\/span>\n\n                                    <\/div>\n\t                        <\/a>\n        <\/div>\n        \t\t\t\t<\/div>\n\t\t\t\t<\/div>\n\t\t\t\t<div class=\"elementor-element elementor-element-189ace8 elementor-widget elementor-widget-eael-creative-button\" data-id=\"189ace8\" data-element_type=\"widget\" data-widget_type=\"eael-creative-button.default\">\n\t\t\t\t<div class=\"elementor-widget-container\">\n\t\t\t\t\t        <div class=\"eael-creative-button-wrapper\">\n\n            <a class=\"eael-creative-button eael-creative-button--default\" href=\"https:\/\/www.beysukentkoleji.k12.tr\/en\/kurucumuz\/\" data-text=\"Go!\">\n\n\t    \n                <div class=\"creative-button-inner\">\n\n                    \n                    <span class=\"cretive-button-text\">Our Founder<\/span>\n\n                                    <\/div>\n\t                        <\/a>\n        <\/div>\n        \t\t\t\t<\/div>\n\t\t\t\t<\/div>\n\t\t\t\t<div class=\"elementor-element elementor-element-a5fe1ae elementor-widget elementor-widget-eael-creative-button\" data-id=\"a5fe1ae\" data-element_type=\"widget\" data-widget_type=\"eael-creative-button.default\">\n\t\t\t\t<div class=\"elementor-widget-container\">\n\t\t\t\t\t        <div class=\"eael-creative-button-wrapper\">\n\n            <a class=\"eael-creative-button eael-creative-button--default\" href=\"https:\/\/www.beysukentkoleji.k12.tr\/en\/?page_id=4775\" data-text=\"Go!\">\n\n\t    \n                <div class=\"creative-button-inner\">\n\n                    \n                    <span class=\"cretive-button-text\">Mission &amp; Vision<\/span>\n\n                                    <\/div>\n\t                        <\/a>\n        <\/div>\n        \t\t\t\t<\/div>\n\t\t\t\t<\/div>\n\t\t\t\t<div class=\"elementor-element elementor-element-169c915 elementor-widget elementor-widget-eael-creative-button\" data-id=\"169c915\" data-element_type=\"widget\" data-widget_type=\"eael-creative-button.default\">\n\t\t\t\t<div class=\"elementor-widget-container\">\n\t\t\t\t\t        <div class=\"eael-creative-button-wrapper\">\n\n            <a class=\"eael-creative-button eael-creative-button--default\" href=\"https:\/\/www.beysukentkoleji.k12.tr\/en\/logomuzun-hikayesi\/\" data-text=\"Go!\">\n\n\t    \n                <div class=\"creative-button-inner\">\n\n                    \n                    <span class=\"cretive-button-text\">The Story of Our Logo<\/span>\n\n                                    <\/div>\n\t                        <\/a>\n        <\/div>\n        \t\t\t\t<\/div>\n\t\t\t\t<\/div>\n\t\t\t\t<div class=\"elementor-element elementor-element-cb3746f elementor-widget elementor-widget-eael-creative-button\" data-id=\"cb3746f\" data-element_type=\"widget\" data-widget_type=\"eael-creative-button.default\">\n\t\t\t\t<div class=\"elementor-widget-container\">\n\t\t\t\t\t        <div class=\"eael-creative-button-wrapper\">\n\n            <a class=\"eael-creative-button eael-creative-button--default\" href=\"https:\/\/www.beysukentkoleji.k12.tr\/en\/rehberlik-servisi\/\" data-text=\"Go!\">\n\n\t    \n                <div class=\"creative-button-inner\">\n\n                    \n                    <span class=\"cretive-button-text\">Guidance Service<\/span>\n\n                                    <\/div>\n\t                        <\/a>\n        <\/div>\n        \t\t\t\t<\/div>\n\t\t\t\t<\/div>\n\t\t\t\t<div class=\"elementor-element elementor-element-b4844ed elementor-widget elementor-widget-eael-creative-button\" data-id=\"b4844ed\" data-element_type=\"widget\" data-widget_type=\"eael-creative-button.default\">\n\t\t\t\t<div class=\"elementor-widget-container\">\n\t\t\t\t\t        <div class=\"eael-creative-button-wrapper\">\n\n            <a class=\"eael-creative-button eael-creative-button--default\" href=\"https:\/\/www.beysukentkoleji.k12.tr\/en\/sikca-sorulan-sorular\/\" data-text=\"Go!\">\n\n\t    \n                <div class=\"creative-button-inner\">\n\n                    \n                    <span class=\"cretive-button-text\">Frequently Asked Questions<\/span>\n\n                                    <\/div>\n\t                        <\/a>\n        <\/div>\n        \t\t\t\t<\/div>\n\t\t\t\t<\/div>\n\t\t\t\t<div class=\"elementor-element elementor-element-02b8a8f elementor-widget elementor-widget-eael-creative-button\" data-id=\"02b8a8f\" data-element_type=\"widget\" data-widget_type=\"eael-creative-button.default\">\n\t\t\t\t<div class=\"elementor-widget-container\">\n\t\t\t\t\t        <div class=\"eael-creative-button-wrapper\">\n\n            <a class=\"eael-creative-button eael-creative-button--default\" href=\"https:\/\/www.beysukentkoleji.k12.tr\/en\/covid-19-onlemleri\/\" data-text=\"Go!\">\n\n\t    \n                <div class=\"creative-button-inner\">\n\n                    \n                    <span class=\"cretive-button-text\">Covid 19 Precautions<\/span>\n\n                                    <\/div>\n\t                        <\/a>\n        <\/div>\n        \t\t\t\t<\/div>\n\t\t\t\t<\/div>\n\t\t\t\t<div class=\"elementor-element elementor-element-2aeb8d3 elementor-widget elementor-widget-eael-creative-button\" data-id=\"2aeb8d3\" data-element_type=\"widget\" data-widget_type=\"eael-creative-button.default\">\n\t\t\t\t<div class=\"elementor-widget-container\">\n\t\t\t\t\t        <div class=\"eael-creative-button-wrapper\">\n\n            <a class=\"eael-creative-button eael-creative-button--default\" href=\"https:\/\/www.beysukentkoleji.k12.tr\/en\/gizlilik-politikasi\/\" data-text=\"Go!\">\n\n\t    \n                <div class=\"creative-button-inner\">\n\n                    \n                    <span class=\"cretive-button-text\">Privacy Policy<\/span>\n\n                                    <\/div>\n\t                        <\/a>\n        <\/div>\n        \t\t\t\t<\/div>\n\t\t\t\t<\/div>\n\t\t\t\t<div class=\"elementor-element elementor-element-894a574 elementor-widget elementor-widget-eael-creative-button\" data-id=\"894a574\" data-element_type=\"widget\" data-widget_type=\"eael-creative-button.default\">\n\t\t\t\t<div class=\"elementor-widget-container\">\n\t\t\t\t\t        <div class=\"eael-creative-button-wrapper\">\n\n            <a class=\"eael-creative-button eael-creative-button--default\" href=\"https:\/\/www.beysukentkoleji.k12.tr\/en\/kvkk-bilgilendirme-formu\/\" data-text=\"Go!\">\n\n\t    \n                <div class=\"creative-button-inner\">\n\n                    \n                    <span class=\"cretive-button-text\">GDPR - General Data Protection Regulation Information Form<\/span>\n\n                                    <\/div>\n\t                        <\/a>\n        <\/div>\n        \t\t\t\t<\/div>\n\t\t\t\t<\/div>\n\t\t\t\t<\/div>\n\t\t\t\t<div class=\"elementor-element elementor-element-cbf97d5 elementor-hidden-tablet elementor-hidden-mobile elementor-widget elementor-widget-text-editor\" data-id=\"cbf97d5\" data-element_type=\"widget\" data-widget_type=\"text-editor.default\">\n\t\t\t\t<div class=\"elementor-widget-container\">\n\t\t\t\t\t\t\t\t\t<p><a class=\"transeffect\" title=\"the Beysukent Collage.\" href=\"https:\/\/beysukentkoleji.com\/\"><img decoding=\"async\" class=\"transeffect footerLogo\" src=\"https:\/\/beysukentkoleji.com\/images\/footer_logo.png\" alt=\"Beysukent Koleji\" border=\"0\" \/><\/a><br \/><b>Angora Bulvar\u0131 2687.Sok.<br \/>No:7 Beysukent<br \/>\u00c7ankaya \/ Ankara<\/b><\/p><p><i class=\"fa fa-phone\"><\/i>\u00a0\u00a0\u00a0\u00a0(0312) 225 21 11<br \/><i class=\"fa fa-envelope\"><\/i>\u00a0\u00a0 bilgi@beysukentkoleji.k12.tr<\/p><p><a class=\"transeffect\" title=\"the Beysukent Collage.\" href=\"https:\/\/beysukentkoleji.com\/\"><img decoding=\"async\" class=\"transeffect footerLogo\" src=\"https:\/\/beysukentkoleji.com\/images\/anakamp_logo.png\" alt=\"Anakamp\" height=\"80\" border=\"0\" \/><\/a><\/p><p><b>G\u00fcr\u00e7am K\u00f6y\u00fc Mudurnu<br \/>Bolu \/ T\u00fcrkiye<\/b><\/p><p><i class=\"fa fa-phone\"><\/i>\u00a0\u00a0\u00a0\u00a0(0312) 225 21 11<br \/><i class=\"fa fa-envelope\"><\/i>\u00a0\u00a0 bilgi@anakamp.com.tr<\/p>\t\t\t\t\t\t\t\t<\/div>\n\t\t\t\t<\/div>\n\t\t\t\t<\/div>\n\t\t<div class=\"elementor-element elementor-element-64a7358 e-con-full e-flex e-con e-child\" data-id=\"64a7358\" data-element_type=\"container\">\n\t\t\t\t<div class=\"elementor-element elementor-element-8599e2d elementor-widget elementor-widget-text-editor\" data-id=\"8599e2d\" data-element_type=\"widget\" data-widget_type=\"text-editor.default\">\n\t\t\t\t<div class=\"elementor-widget-container\">\n\t\t\t\t\t\t\t\t\t<h3 title=\"The Story of Our Logo\">The Story of Our Logo<\/h3><hr \/><p>The story behind the Beysukent College logo stems from its role as a trailblazer in educational innovation. It symbolizes guiding young minds towards new horizons. It signifies that all young individuals aspiring to venture into new realms can navigate through storms, rain, and all challenges with the right roadmap and reach their dreams.<\/p>\t\t\t\t\t\t\t\t<\/div>\n\t\t\t\t<\/div>\n\t\t\t\t<\/div>\n\t\t\t\t\t<\/div>\n\t\t\t\t<\/div>\n\t\t\t\t<\/div>","protected":false},"excerpt":{"rendered":"<p>Hakk\u0131m\u0131zda Kurucumuz Misyon &amp; Vizyon Logomuzun Hikayesi Rehberlik Servisi S\u0131k\u00e7a Sorulan Sorular Covid 19 \u00d6nlemleri Gizlilik Politikas\u0131 KVKK Bilgilendirme Formu Angora Bulvar\u0131 2687.Sok.No:7 Beysukent\u00c7ankaya \/ Ankara \u00a0\u00a0\u00a0\u00a0(0312) 225 21 11\u00a0\u00a0 bilgi@beysukentkoleji.k12.tr G\u00fcr\u00e7am K\u00f6y\u00fc MudurnuBolu \/ T\u00fcrkiye \u00a0\u00a0\u00a0\u00a0(0312) 225 21 11\u00a0\u00a0 bilgi@anakamp.com.tr Logomuzun Hikayesi Beysukent Koleji logosunun hikayesi e\u011fitimde yeniliklerin \u00f6nc\u00fcs\u00fc olarak yol g\u00f6sterme \u00f6zelli\u011fi ta\u015f\u0131mas\u0131ndan [&hellip;]<\/p>","protected":false},"author":1,"featured_media":0,"parent":0,"menu_order":0,"comment_status":"closed","ping_status":"closed","template":"elementor_header_footer","meta":{"_eb_attr":"","footnotes":""},"class_list":["post-4780","page","type-page","status-publish","hentry"],"aioseo_notices":[],"_links":{"self":[{"href":"https:\/\/www.beysukentkoleji.k12.tr\/en\/wp-json\/wp\/v2\/pages\/4780","targetHints":{"allow":["GET"]}}],"collection":[{"href":"https:\/\/www.beysukentkoleji.k12.tr\/en\/wp-json\/wp\/v2\/pages"}],"about":[{"href":"https:\/\/www.beysukentkoleji.k12.tr\/en\/wp-json\/wp\/v2\/types\/page"}],"author":[{"embeddable":true,"href":"https:\/\/www.beysukentkoleji.k12.tr\/en\/wp-json\/wp\/v2\/users\/1"}],"replies":[{"embeddable":true,"href":"https:\/\/www.beysukentkoleji.k12.tr\/en\/wp-json\/wp\/v2\/comments?post=4780"}],"version-history":[{"count":10,"href":"https:\/\/www.beysukentkoleji.k12.tr\/en\/wp-json\/wp\/v2\/pages\/4780\/revisions"}],"predecessor-version":[{"id":5794,"href":"https:\/\/www.beysukentkoleji.k12.tr\/en\/wp-json\/wp\/v2\/pages\/4780\/revisions\/5794"}],"wp:attachment":[{"href":"https:\/\/www.beysukentkoleji.k12.tr\/en\/wp-json\/wp\/v2\/media?parent=4780"}],"curies":[{"name":"wp","href":"https:\/\/api.w.org\/{rel}","templated":true}]}}