{"id":4775,"date":"2024-04-19T08:10:44","date_gmt":"2024-04-19T08:10:44","guid":{"rendered":"https:\/\/www.beysukentkoleji.k12.tr\/?page_id=4775"},"modified":"2024-06-06T09:20:28","modified_gmt":"2024-06-06T09:20:28","slug":"misyon-vizyon","status":"publish","type":"page","link":"https:\/\/www.beysukentkoleji.k12.tr\/en\/misyon-vizyon\/","title":{"rendered":"Mission &amp; Vision"},"content":{"rendered":"<div data-elementor-type=\"wp-page\" data-elementor-id=\"4775\" class=\"elementor elementor-4775\" data-elementor-post-type=\"page\">\n\t\t\t\t<div class=\"elementor-element elementor-element-201bd6f e-flex e-con-boxed e-con e-parent\" data-id=\"201bd6f\" data-element_type=\"container\">\n\t\t\t\t\t<div class=\"e-con-inner\">\n\t\t<div class=\"elementor-element elementor-element-718aebc e-con-full e-flex e-con e-child\" data-id=\"718aebc\" data-element_type=\"container\">\n\t\t<div class=\"elementor-element elementor-element-ac7633f e-con-full e-flex e-con e-child\" data-id=\"ac7633f\" data-element_type=\"container\">\n\t\t\t\t<div class=\"elementor-element elementor-element-e4b7347 elementor-widget elementor-widget-image\" data-id=\"e4b7347\" data-element_type=\"widget\" data-widget_type=\"image.default\">\n\t\t\t\t<div class=\"elementor-widget-container\">\n\t\t\t\t\t\t\t\t\t\t\t\t\t\t\t<img fetchpriority=\"high\" decoding=\"async\" width=\"566\" height=\"566\" src=\"https:\/\/www.beysukentkoleji.k12.tr\/wp-content\/uploads\/2024\/04\/hakkimizda.png\" class=\"attachment-large size-large wp-image-4756\" alt=\"\" srcset=\"https:\/\/www.beysukentkoleji.k12.tr\/wp-content\/uploads\/2024\/04\/hakkimizda.png 566w, https:\/\/www.beysukentkoleji.k12.tr\/wp-content\/uploads\/2024\/04\/hakkimizda-300x300.png 300w, https:\/\/www.beysukentkoleji.k12.tr\/wp-content\/uploads\/2024\/04\/hakkimizda-150x150.png 150w, https:\/\/www.beysukentkoleji.k12.tr\/wp-content\/uploads\/2024\/04\/hakkimizda-12x12.png 12w\" sizes=\"(max-width: 566px) 100vw, 566px\" \/>\t\t\t\t\t\t\t\t\t\t\t\t\t\t\t<\/div>\n\t\t\t\t<\/div>\n\t\t\t\t<div class=\"elementor-element elementor-element-bd65d5e elementor-widget elementor-widget-eael-creative-button\" data-id=\"bd65d5e\" data-element_type=\"widget\" data-widget_type=\"eael-creative-button.default\">\n\t\t\t\t<div class=\"elementor-widget-container\">\n\t\t\t\t\t        <div class=\"eael-creative-button-wrapper\">\n\n            <a class=\"eael-creative-button eael-creative-button--default\" href=\"https:\/\/www.beysukentkoleji.k12.tr\/en\/kurumsal\/\" data-text=\"Go!\">\n\n\t    \n                <div class=\"creative-button-inner\">\n\n                    \n                    <span class=\"cretive-button-text\">About Us<\/span>\n\n                                    <\/div>\n\t                        <\/a>\n        <\/div>\n        \t\t\t\t<\/div>\n\t\t\t\t<\/div>\n\t\t\t\t<div class=\"elementor-element elementor-element-07fb94b elementor-widget elementor-widget-eael-creative-button\" data-id=\"07fb94b\" data-element_type=\"widget\" data-widget_type=\"eael-creative-button.default\">\n\t\t\t\t<div class=\"elementor-widget-container\">\n\t\t\t\t\t        <div class=\"eael-creative-button-wrapper\">\n\n            <a class=\"eael-creative-button eael-creative-button--default\" href=\"https:\/\/www.beysukentkoleji.k12.tr\/en\/kurucumuz\/\" data-text=\"Go!\">\n\n\t    \n                <div class=\"creative-button-inner\">\n\n                    \n                    <span class=\"cretive-button-text\">Our Founder<\/span>\n\n                                    <\/div>\n\t                        <\/a>\n        <\/div>\n        \t\t\t\t<\/div>\n\t\t\t\t<\/div>\n\t\t\t\t<div class=\"elementor-element elementor-element-2cd7872 elementor-widget elementor-widget-eael-creative-button\" data-id=\"2cd7872\" data-element_type=\"widget\" data-widget_type=\"eael-creative-button.default\">\n\t\t\t\t<div class=\"elementor-widget-container\">\n\t\t\t\t\t        <div class=\"eael-creative-button-wrapper\">\n\n            <a class=\"eael-creative-button eael-creative-button--default\" href=\"https:\/\/www.beysukentkoleji.k12.tr\/en\/?page_id=4775\" data-text=\"Go!\">\n\n\t    \n                <div class=\"creative-button-inner\">\n\n                    \n                    <span class=\"cretive-button-text\">Mission &amp; Vision<\/span>\n\n                                    <\/div>\n\t                        <\/a>\n        <\/div>\n        \t\t\t\t<\/div>\n\t\t\t\t<\/div>\n\t\t\t\t<div class=\"elementor-element elementor-element-8a97774 elementor-widget elementor-widget-eael-creative-button\" data-id=\"8a97774\" data-element_type=\"widget\" data-widget_type=\"eael-creative-button.default\">\n\t\t\t\t<div class=\"elementor-widget-container\">\n\t\t\t\t\t        <div class=\"eael-creative-button-wrapper\">\n\n            <a class=\"eael-creative-button eael-creative-button--default\" href=\"https:\/\/www.beysukentkoleji.k12.tr\/en\/logomuzun-hikayesi\/\" data-text=\"Go!\">\n\n\t    \n                <div class=\"creative-button-inner\">\n\n                    \n                    <span class=\"cretive-button-text\">The Story of Our Logo<\/span>\n\n                                    <\/div>\n\t                        <\/a>\n        <\/div>\n        \t\t\t\t<\/div>\n\t\t\t\t<\/div>\n\t\t\t\t<div class=\"elementor-element elementor-element-fb347cb elementor-widget elementor-widget-eael-creative-button\" data-id=\"fb347cb\" data-element_type=\"widget\" data-widget_type=\"eael-creative-button.default\">\n\t\t\t\t<div class=\"elementor-widget-container\">\n\t\t\t\t\t        <div class=\"eael-creative-button-wrapper\">\n\n            <a class=\"eael-creative-button eael-creative-button--default\" href=\"https:\/\/www.beysukentkoleji.k12.tr\/en\/rehberlik-servisi\/\" data-text=\"Go!\">\n\n\t    \n                <div class=\"creative-button-inner\">\n\n                    \n                    <span class=\"cretive-button-text\">Guidance Service<\/span>\n\n                                    <\/div>\n\t                        <\/a>\n        <\/div>\n        \t\t\t\t<\/div>\n\t\t\t\t<\/div>\n\t\t\t\t<div class=\"elementor-element elementor-element-a4ad97a elementor-widget elementor-widget-eael-creative-button\" data-id=\"a4ad97a\" data-element_type=\"widget\" data-widget_type=\"eael-creative-button.default\">\n\t\t\t\t<div class=\"elementor-widget-container\">\n\t\t\t\t\t        <div class=\"eael-creative-button-wrapper\">\n\n            <a class=\"eael-creative-button eael-creative-button--default\" href=\"https:\/\/www.beysukentkoleji.k12.tr\/en\/sikca-sorulan-sorular\/\" data-text=\"Go!\">\n\n\t    \n                <div class=\"creative-button-inner\">\n\n                    \n                    <span class=\"cretive-button-text\">Frequently Asked Questions<\/span>\n\n                                    <\/div>\n\t                        <\/a>\n        <\/div>\n        \t\t\t\t<\/div>\n\t\t\t\t<\/div>\n\t\t\t\t<div class=\"elementor-element elementor-element-4d8cb02 elementor-widget elementor-widget-eael-creative-button\" data-id=\"4d8cb02\" data-element_type=\"widget\" data-widget_type=\"eael-creative-button.default\">\n\t\t\t\t<div class=\"elementor-widget-container\">\n\t\t\t\t\t        <div class=\"eael-creative-button-wrapper\">\n\n            <a class=\"eael-creative-button eael-creative-button--default\" href=\"https:\/\/www.beysukentkoleji.k12.tr\/en\/covid-19-onlemleri\/\" data-text=\"Go!\">\n\n\t    \n                <div class=\"creative-button-inner\">\n\n                    \n                    <span class=\"cretive-button-text\">Covid 19 Precautions<\/span>\n\n                                    <\/div>\n\t                        <\/a>\n        <\/div>\n        \t\t\t\t<\/div>\n\t\t\t\t<\/div>\n\t\t\t\t<div class=\"elementor-element elementor-element-e4dcd61 elementor-widget elementor-widget-eael-creative-button\" data-id=\"e4dcd61\" data-element_type=\"widget\" data-widget_type=\"eael-creative-button.default\">\n\t\t\t\t<div class=\"elementor-widget-container\">\n\t\t\t\t\t        <div class=\"eael-creative-button-wrapper\">\n\n            <a class=\"eael-creative-button eael-creative-button--default\" href=\"https:\/\/www.beysukentkoleji.k12.tr\/en\/gizlilik-politikasi\/\" data-text=\"Go!\">\n\n\t    \n                <div class=\"creative-button-inner\">\n\n                    \n                    <span class=\"cretive-button-text\">Privacy Policy<\/span>\n\n                                    <\/div>\n\t                        <\/a>\n        <\/div>\n        \t\t\t\t<\/div>\n\t\t\t\t<\/div>\n\t\t\t\t<div class=\"elementor-element elementor-element-a3e8f21 elementor-widget elementor-widget-eael-creative-button\" data-id=\"a3e8f21\" data-element_type=\"widget\" data-widget_type=\"eael-creative-button.default\">\n\t\t\t\t<div class=\"elementor-widget-container\">\n\t\t\t\t\t        <div class=\"eael-creative-button-wrapper\">\n\n            <a class=\"eael-creative-button eael-creative-button--default\" href=\"https:\/\/www.beysukentkoleji.k12.tr\/en\/kvkk-bilgilendirme-formu\/\" data-text=\"Go!\">\n\n\t    \n                <div class=\"creative-button-inner\">\n\n                    \n                    <span class=\"cretive-button-text\">GDPR - General Data Protection Regulation Information Form<\/span>\n\n                                    <\/div>\n\t                        <\/a>\n        <\/div>\n        \t\t\t\t<\/div>\n\t\t\t\t<\/div>\n\t\t\t\t<\/div>\n\t\t\t\t<div class=\"elementor-element elementor-element-6770e76 elementor-hidden-tablet elementor-hidden-mobile elementor-widget elementor-widget-text-editor\" data-id=\"6770e76\" data-element_type=\"widget\" data-widget_type=\"text-editor.default\">\n\t\t\t\t<div class=\"elementor-widget-container\">\n\t\t\t\t\t\t\t\t\t<p><a class=\"transeffect\" title=\"the Beysukent Collage.\" href=\"https:\/\/beysukentkoleji.com\/\"><img decoding=\"async\" class=\"transeffect footerLogo\" src=\"https:\/\/beysukentkoleji.com\/images\/footer_logo.png\" alt=\"Beysukent Koleji\" border=\"0\" \/><\/a><br \/><b>Angora Bulvar\u0131 2687.Sok.<br \/>No:7 Beysukent<br \/>\u00c7ankaya \/ Ankara<\/b><\/p><p><i class=\"fa fa-phone\"><\/i>\u00a0\u00a0\u00a0\u00a0(0312) 225 21 11<br \/><i class=\"fa fa-envelope\"><\/i>\u00a0\u00a0 bilgi@beysukentkoleji.k12.tr<\/p><p><a class=\"transeffect\" title=\"the Beysukent Collage.\" href=\"https:\/\/beysukentkoleji.com\/\"><img decoding=\"async\" class=\"transeffect footerLogo\" src=\"https:\/\/beysukentkoleji.com\/images\/anakamp_logo.png\" alt=\"Anakamp\" height=\"80\" border=\"0\" \/><\/a><\/p><p><b>G\u00fcr\u00e7am K\u00f6y\u00fc Mudurnu<br \/>Bolu \/ T\u00fcrkiye<\/b><\/p><p><i class=\"fa fa-phone\"><\/i>\u00a0\u00a0\u00a0\u00a0(0312) 225 21 11<br \/><i class=\"fa fa-envelope\"><\/i>\u00a0\u00a0 bilgi@anakamp.com.tr<\/p>\t\t\t\t\t\t\t\t<\/div>\n\t\t\t\t<\/div>\n\t\t\t\t<\/div>\n\t\t<div class=\"elementor-element elementor-element-e0f3b34 e-con-full e-flex e-con e-child\" data-id=\"e0f3b34\" data-element_type=\"container\">\n\t\t\t\t<div class=\"elementor-element elementor-element-ca2dd91 elementor-widget elementor-widget-text-editor\" data-id=\"ca2dd91\" data-element_type=\"widget\" data-widget_type=\"text-editor.default\">\n\t\t\t\t<div class=\"elementor-widget-container\">\n\t\t\t\t\t\t\t\t\t<h3 title=\"Mission &amp; Vision\">Mission &amp; Vision<\/h3><hr \/><p><strong>Our Mission:<\/strong><br \/>Based on the \"One to One Education Model,\" our institution is committed to fostering globally-minded individuals who are prepared to thrive in the 21st century. Our dedicated staff, innovative teaching methods, and personalized support systems empower students to excel academically and develop as compassionate, lifelong learners. Rooted in international understanding and respect for diverse cultures, we emphasize critical thinking, inquiry-based learning, and ethical decision-making. Our holistic approach integrates the arts, sciences, athletics, and languages, while embracing the latest technological advancements. We strive to cultivate responsible global citizens who uphold the values of Atat\u00fcrk and contribute positively to our interconnected world.<\/p><p><strong>Our Vision:<\/strong><br \/>Based on the \"One-to-One Education Model,\" our vision is to become an institution that provides fully equipped individuals from preschool to university, utilizing all necessary technological resources demanded by the era, without overlooking any detail from arts to sciences, sports to foreign languages. We aim to achieve this by employing a specialized teaching staff, study methods, and private counseling system tailored for examinations, while being an institution that adheres to Atat\u00fcrk's principles, values reliability, and places importance on national values.<\/p>\t\t\t\t\t\t\t\t<\/div>\n\t\t\t\t<\/div>\n\t\t\t\t<\/div>\n\t\t\t\t\t<\/div>\n\t\t\t\t<\/div>\n\t\t\t\t<\/div>","protected":false},"excerpt":{"rendered":"<p>Hakk\u0131m\u0131zda Kurucumuz Misyon &amp; Vizyon Logomuzun Hikayesi Rehberlik Servisi S\u0131k\u00e7a Sorulan Sorular Covid 19 \u00d6nlemleri Gizlilik Politikas\u0131 KVKK Bilgilendirme Formu Angora Bulvar\u0131 2687.Sok.No:7 Beysukent\u00c7ankaya \/ Ankara \u00a0\u00a0\u00a0\u00a0(0312) 225 21 11\u00a0\u00a0 bilgi@beysukentkoleji.k12.tr G\u00fcr\u00e7am K\u00f6y\u00fc MudurnuBolu \/ T\u00fcrkiye \u00a0\u00a0\u00a0\u00a0(0312) 225 21 11\u00a0\u00a0 bilgi@anakamp.com.tr Misyon &amp; Vizyon MisyonumuzKurumumuz,&#8221; Bire Bir E\u011fitim Modeli&#8221;ni temel alarak 21. y\u00fczy\u0131lda ba\u015far\u0131l\u0131 olmaya [&hellip;]<\/p>","protected":false},"author":1,"featured_media":0,"parent":0,"menu_order":0,"comment_status":"closed","ping_status":"closed","template":"elementor_header_footer","meta":{"_eb_attr":"","footnotes":""},"class_list":["post-4775","page","type-page","status-publish","hentry"],"aioseo_notices":[],"_links":{"self":[{"href":"https:\/\/www.beysukentkoleji.k12.tr\/en\/wp-json\/wp\/v2\/pages\/4775","targetHints":{"allow":["GET"]}}],"collection":[{"href":"https:\/\/www.beysukentkoleji.k12.tr\/en\/wp-json\/wp\/v2\/pages"}],"about":[{"href":"https:\/\/www.beysukentkoleji.k12.tr\/en\/wp-json\/wp\/v2\/types\/page"}],"author":[{"embeddable":true,"href":"https:\/\/www.beysukentkoleji.k12.tr\/en\/wp-json\/wp\/v2\/users\/1"}],"replies":[{"embeddable":true,"href":"https:\/\/www.beysukentkoleji.k12.tr\/en\/wp-json\/wp\/v2\/comments?post=4775"}],"version-history":[{"count":20,"href":"https:\/\/www.beysukentkoleji.k12.tr\/en\/wp-json\/wp\/v2\/pages\/4775\/revisions"}],"predecessor-version":[{"id":5977,"href":"https:\/\/www.beysukentkoleji.k12.tr\/en\/wp-json\/wp\/v2\/pages\/4775\/revisions\/5977"}],"wp:attachment":[{"href":"https:\/\/www.beysukentkoleji.k12.tr\/en\/wp-json\/wp\/v2\/media?parent=4775"}],"curies":[{"name":"wp","href":"https:\/\/api.w.org\/{rel}","templated":true}]}}