{"id":4604,"date":"2024-04-02T12:07:29","date_gmt":"2024-04-02T12:07:29","guid":{"rendered":"https:\/\/www.beysukentkoleji.k12.tr\/?page_id=4604"},"modified":"2024-04-26T06:38:30","modified_gmt":"2024-04-26T06:38:30","slug":"sinava-hazirlik","status":"publish","type":"page","link":"https:\/\/www.beysukentkoleji.k12.tr\/en\/sinava-hazirlik\/","title":{"rendered":"Exam Preparation"},"content":{"rendered":"<div data-elementor-type=\"wp-page\" data-elementor-id=\"4604\" class=\"elementor elementor-4604\" data-elementor-post-type=\"page\">\n\t\t\t\t<div class=\"elementor-element elementor-element-92277a4 e-flex e-con-boxed e-con e-parent\" data-id=\"92277a4\" data-element_type=\"container\">\n\t\t\t\t\t<div class=\"e-con-inner\">\n\t\t<div class=\"elementor-element elementor-element-5ffa671 e-con-full e-flex e-con e-child\" data-id=\"5ffa671\" data-element_type=\"container\">\n\t\t<div class=\"elementor-element elementor-element-ea9e964 e-con-full e-flex e-con e-child\" data-id=\"ea9e964\" data-element_type=\"container\">\n\t\t\t\t<div class=\"elementor-element elementor-element-7076e18 elementor-widget elementor-widget-image\" data-id=\"7076e18\" data-element_type=\"widget\" data-widget_type=\"image.default\">\n\t\t\t\t<div class=\"elementor-widget-container\">\n\t\t\t\t\t\t\t\t\t\t\t\t\t\t\t<img fetchpriority=\"high\" decoding=\"async\" width=\"566\" height=\"566\" src=\"https:\/\/www.beysukentkoleji.k12.tr\/wp-content\/uploads\/2024\/04\/sinav.png\" class=\"attachment-large size-large wp-image-5076\" alt=\"\" srcset=\"https:\/\/www.beysukentkoleji.k12.tr\/wp-content\/uploads\/2024\/04\/sinav.png 566w, https:\/\/www.beysukentkoleji.k12.tr\/wp-content\/uploads\/2024\/04\/sinav-300x300.png 300w, https:\/\/www.beysukentkoleji.k12.tr\/wp-content\/uploads\/2024\/04\/sinav-150x150.png 150w, https:\/\/www.beysukentkoleji.k12.tr\/wp-content\/uploads\/2024\/04\/sinav-12x12.png 12w\" sizes=\"(max-width: 566px) 100vw, 566px\" \/>\t\t\t\t\t\t\t\t\t\t\t\t\t\t\t<\/div>\n\t\t\t\t<\/div>\n\t\t\t\t<div class=\"elementor-element elementor-element-99826a0 elementor-widget elementor-widget-eael-creative-button\" data-id=\"99826a0\" data-element_type=\"widget\" data-widget_type=\"eael-creative-button.default\">\n\t\t\t\t<div class=\"elementor-widget-container\">\n\t\t\t\t\t        <div class=\"eael-creative-button-wrapper\">\n\n            <a class=\"eael-creative-button eael-creative-button--default\" href=\"https:\/\/www.beysukentkoleji.k12.tr\/en\/okul-oncesi\/\" data-text=\"\">\n\n\t    \n                <div class=\"creative-button-inner\">\n\n                    \n                    <span class=\"cretive-button-text\">Pre-school<\/span>\n\n                                    <\/div>\n\t                        <\/a>\n        <\/div>\n        \t\t\t\t<\/div>\n\t\t\t\t<\/div>\n\t\t\t\t<div class=\"elementor-element elementor-element-85f7bcd elementor-widget elementor-widget-eael-creative-button\" data-id=\"85f7bcd\" data-element_type=\"widget\" data-widget_type=\"eael-creative-button.default\">\n\t\t\t\t<div class=\"elementor-widget-container\">\n\t\t\t\t\t        <div class=\"eael-creative-button-wrapper\">\n\n            <a class=\"eael-creative-button eael-creative-button--default\" href=\"https:\/\/www.beysukentkoleji.k12.tr\/en\/ilkokul\/\" data-text=\"\">\n\n\t    \n                <div class=\"creative-button-inner\">\n\n                    \n                    <span class=\"cretive-button-text\">Primary School<\/span>\n\n                                    <\/div>\n\t                        <\/a>\n        <\/div>\n        \t\t\t\t<\/div>\n\t\t\t\t<\/div>\n\t\t\t\t<div class=\"elementor-element elementor-element-8a6e4d2 elementor-widget elementor-widget-eael-creative-button\" data-id=\"8a6e4d2\" data-element_type=\"widget\" data-widget_type=\"eael-creative-button.default\">\n\t\t\t\t<div class=\"elementor-widget-container\">\n\t\t\t\t\t        <div class=\"eael-creative-button-wrapper\">\n\n            <a class=\"eael-creative-button eael-creative-button--default\" href=\"https:\/\/www.beysukentkoleji.k12.tr\/en\/ortaokul\/\" data-text=\"\">\n\n\t    \n                <div class=\"creative-button-inner\">\n\n                    \n                    <span class=\"cretive-button-text\">Middle School<\/span>\n\n                                    <\/div>\n\t                        <\/a>\n        <\/div>\n        \t\t\t\t<\/div>\n\t\t\t\t<\/div>\n\t\t\t\t<div class=\"elementor-element elementor-element-aa9aef4 elementor-widget elementor-widget-eael-creative-button\" data-id=\"aa9aef4\" data-element_type=\"widget\" data-widget_type=\"eael-creative-button.default\">\n\t\t\t\t<div class=\"elementor-widget-container\">\n\t\t\t\t\t        <div class=\"eael-creative-button-wrapper\">\n\n            <a class=\"eael-creative-button eael-creative-button--default\" href=\"https:\/\/www.beysukentkoleji.k12.tr\/en\/lise\/\" data-text=\"\">\n\n\t    \n                <div class=\"creative-button-inner\">\n\n                    \n                    <span class=\"cretive-button-text\">High School<\/span>\n\n                                    <\/div>\n\t                        <\/a>\n        <\/div>\n        \t\t\t\t<\/div>\n\t\t\t\t<\/div>\n\t\t\t\t<div class=\"elementor-element elementor-element-4a756ed elementor-widget elementor-widget-eael-creative-button\" data-id=\"4a756ed\" data-element_type=\"widget\" data-widget_type=\"eael-creative-button.default\">\n\t\t\t\t<div class=\"elementor-widget-container\">\n\t\t\t\t\t        <div class=\"eael-creative-button-wrapper\">\n\n            <a class=\"eael-creative-button eael-creative-button--default\" href=\"https:\/\/www.beysukentkoleji.k12.tr\/en\/sinava-hazirlik\/\" data-text=\"\">\n\n\t    \n                <div class=\"creative-button-inner\">\n\n                    \n                    <span class=\"cretive-button-text\">Exam Preparation<\/span>\n\n                                    <\/div>\n\t                        <\/a>\n        <\/div>\n        \t\t\t\t<\/div>\n\t\t\t\t<\/div>\n\t\t\t\t<\/div>\n\t\t\t\t<\/div>\n\t\t<div class=\"elementor-element elementor-element-6547670 e-con-full e-flex e-con e-child\" data-id=\"6547670\" data-element_type=\"container\">\n\t\t\t\t<div class=\"elementor-element elementor-element-9876088 elementor-widget elementor-widget-text-editor\" data-id=\"9876088\" data-element_type=\"widget\" data-widget_type=\"text-editor.default\">\n\t\t\t\t<div class=\"elementor-widget-container\">\n\t\t\t\t\t\t\t\t\t<p>At the Exam Preparation Center, we aim to eliminate the need for traditional cram schools in the education system; with our specialized teaching staff, study methods, and personalized guidance system tailored for exams, we ensure that our students are always ready for exams. Beysukent College is the first school to establish and implement the Exam Preparation Center within the campus for 12th-grade students.\u00a0<strong>The first school to<\/strong>\u00a0build and implement the Exam Preparation Center project is\u00a0<u>the Beysukent Collage.<\/u>...<\/p>\t\t\t\t\t\t\t\t<\/div>\n\t\t\t\t<\/div>\n\t\t\t\t<\/div>\n\t\t\t\t\t<\/div>\n\t\t\t\t<\/div>\n\t\t\t\t<\/div>","protected":false},"excerpt":{"rendered":"<p>Okul \u00d6ncesi \u0130lkokul Ortaokul Lise S\u0131nava Haz\u0131rl\u0131k S\u0131navlara Haz\u0131rl\u0131k Merkezinde, e\u011fitim sistemindeki dershaneye olan gereksinimi ortadan kald\u0131rmay\u0131 ama\u00e7lad\u0131\u011f\u0131m\u0131zdan; s\u0131navlara y\u00f6nelik \u00f6zel \u00f6\u011fretim kadromuz, \u00e7al\u0131\u015fma y\u00f6ntemlerimiz ve \u00f6zel rehberlik sistemimizle \u00f6\u011frencilerimizi s\u0131navlara daima haz\u0131r bulunduraca\u011f\u0131z. 12. s\u0131n\u0131flara uygulanan kamp\u00fcs i\u00e7erisinde\u00a0S\u0131nav Haz\u0131rl\u0131k Merkezi\u00a0projesini ilk in\u015fa eden ve uygulayan okul\u00a0Beysukent Koleji\u2019dir.<\/p>","protected":false},"author":1,"featured_media":0,"parent":0,"menu_order":0,"comment_status":"closed","ping_status":"closed","template":"elementor_header_footer","meta":{"_eb_attr":"","footnotes":""},"class_list":["post-4604","page","type-page","status-publish","hentry"],"aioseo_notices":[],"_links":{"self":[{"href":"https:\/\/www.beysukentkoleji.k12.tr\/en\/wp-json\/wp\/v2\/pages\/4604","targetHints":{"allow":["GET"]}}],"collection":[{"href":"https:\/\/www.beysukentkoleji.k12.tr\/en\/wp-json\/wp\/v2\/pages"}],"about":[{"href":"https:\/\/www.beysukentkoleji.k12.tr\/en\/wp-json\/wp\/v2\/types\/page"}],"author":[{"embeddable":true,"href":"https:\/\/www.beysukentkoleji.k12.tr\/en\/wp-json\/wp\/v2\/users\/1"}],"replies":[{"embeddable":true,"href":"https:\/\/www.beysukentkoleji.k12.tr\/en\/wp-json\/wp\/v2\/comments?post=4604"}],"version-history":[{"count":10,"href":"https:\/\/www.beysukentkoleji.k12.tr\/en\/wp-json\/wp\/v2\/pages\/4604\/revisions"}],"predecessor-version":[{"id":5782,"href":"https:\/\/www.beysukentkoleji.k12.tr\/en\/wp-json\/wp\/v2\/pages\/4604\/revisions\/5782"}],"wp:attachment":[{"href":"https:\/\/www.beysukentkoleji.k12.tr\/en\/wp-json\/wp\/v2\/media?parent=4604"}],"curies":[{"name":"wp","href":"https:\/\/api.w.org\/{rel}","templated":true}]}}