{"id":4219,"date":"2024-03-29T07:15:51","date_gmt":"2024-03-29T07:15:51","guid":{"rendered":"https:\/\/www.beysukentkoleji.k12.tr\/?page_id=4219"},"modified":"2024-04-21T16:37:42","modified_gmt":"2024-04-21T16:37:42","slug":"uzaktan-egitim","status":"publish","type":"page","link":"https:\/\/www.beysukentkoleji.k12.tr\/en\/uzaktan-egitim\/","title":{"rendered":"Distance Learning"},"content":{"rendered":"<div data-elementor-type=\"wp-page\" data-elementor-id=\"4219\" class=\"elementor elementor-4219\" data-elementor-post-type=\"page\">\n\t\t\t\t<div class=\"elementor-element elementor-element-f3c6fe1 e-flex e-con-boxed e-con e-parent\" data-id=\"f3c6fe1\" data-element_type=\"container\">\n\t\t\t\t\t<div class=\"e-con-inner\">\n\t\t\t\t<div class=\"elementor-element elementor-element-a98fc19 elementor-widget elementor-widget-heading\" data-id=\"a98fc19\" data-element_type=\"widget\" data-widget_type=\"heading.default\">\n\t\t\t\t<div class=\"elementor-widget-container\">\n\t\t\t\t\t<h2 class=\"elementor-heading-title elementor-size-default\">Uzaktan E\u011fitim Giri\u015f<\/h2>\t\t\t\t<\/div>\n\t\t\t\t<\/div>\n\t\t\t\t\t<\/div>\n\t\t\t\t<\/div>\n\t\t<div class=\"elementor-element elementor-element-64e5384 e-flex e-con-boxed e-con e-parent\" data-id=\"64e5384\" data-element_type=\"container\">\n\t\t\t\t\t<div class=\"e-con-inner\">\n\t\t<div class=\"elementor-element elementor-element-fc1d7b7 e-con-full e-flex e-con e-child\" data-id=\"fc1d7b7\" data-element_type=\"container\">\n\t\t\t\t<\/div>\n\t\t<div class=\"elementor-element elementor-element-cbf04ca e-con-full e-flex e-con e-child\" data-id=\"cbf04ca\" data-element_type=\"container\">\n\t\t\t\t<div class=\"elementor-element elementor-element-31080e5 elementor-widget elementor-widget-html\" data-id=\"31080e5\" data-element_type=\"widget\" data-widget_type=\"html.default\">\n\t\t\t\t<div class=\"elementor-widget-container\">\n\t\t\t\t\t<div class=\"container-fluid\" style=\"margin:50px 0;\">\n        <div class=\"container\" style=\"margin-top:40px;\">\n                        <div class=\"col-xs-12 ta-center\"><h3 style=\"margin-top:0;\">Giri\u015f<\/h3><hr style=\"margin-top:30px;\"><\/div>\n            <form action=\"\" method=\"POST\" class=\"iletform\" data-trp-original-action=\"\">\n                <div class=\"col-sm-6 col-xs-12\"><input type=\"text\" name=\"kullanici\" placeholder=\"Kullan\u0131c\u0131 Ad\u0131\"><\/div>\n                <div class=\"col-sm-6 col-xs-12\"><input type=\"password\" name=\"sifre\" placeholder=\"\u015eifre\"><\/div>\n                <div class=\"col-xs-12 ta-center\"><input type=\"submit\" name=\"contactForm\" value=\"G\u00d6NDER\" class=\"hvr-float\"><\/div>\n            <input type=\"hidden\" name=\"trp-form-language\" value=\"en\"\/><\/form>\n        <\/div>\n    <\/div>\t\t\t\t<\/div>\n\t\t\t\t<\/div>\n\t\t\t\t<\/div>\n\t\t<div class=\"elementor-element elementor-element-602d2ea e-con-full e-flex e-con e-child\" data-id=\"602d2ea\" data-element_type=\"container\">\n\t\t\t\t<\/div>\n\t\t\t\t\t<\/div>\n\t\t\t\t<\/div>\n\t\t\t\t<\/div>","protected":false},"excerpt":{"rendered":"<p>Uzaktan E\u011fitim Giri\u015f Giri\u015f<\/p>","protected":false},"author":1,"featured_media":0,"parent":0,"menu_order":0,"comment_status":"closed","ping_status":"closed","template":"elementor_header_footer","meta":{"_eb_attr":"","footnotes":""},"class_list":["post-4219","page","type-page","status-publish","hentry"],"aioseo_notices":[],"_links":{"self":[{"href":"https:\/\/www.beysukentkoleji.k12.tr\/en\/wp-json\/wp\/v2\/pages\/4219","targetHints":{"allow":["GET"]}}],"collection":[{"href":"https:\/\/www.beysukentkoleji.k12.tr\/en\/wp-json\/wp\/v2\/pages"}],"about":[{"href":"https:\/\/www.beysukentkoleji.k12.tr\/en\/wp-json\/wp\/v2\/types\/page"}],"author":[{"embeddable":true,"href":"https:\/\/www.beysukentkoleji.k12.tr\/en\/wp-json\/wp\/v2\/users\/1"}],"replies":[{"embeddable":true,"href":"https:\/\/www.beysukentkoleji.k12.tr\/en\/wp-json\/wp\/v2\/comments?post=4219"}],"version-history":[{"count":10,"href":"https:\/\/www.beysukentkoleji.k12.tr\/en\/wp-json\/wp\/v2\/pages\/4219\/revisions"}],"predecessor-version":[{"id":5570,"href":"https:\/\/www.beysukentkoleji.k12.tr\/en\/wp-json\/wp\/v2\/pages\/4219\/revisions\/5570"}],"wp:attachment":[{"href":"https:\/\/www.beysukentkoleji.k12.tr\/en\/wp-json\/wp\/v2\/media?parent=4219"}],"curies":[{"name":"wp","href":"https:\/\/api.w.org\/{rel}","templated":true}]}}