{"id":4215,"date":"2024-03-29T07:14:47","date_gmt":"2024-03-29T07:14:47","guid":{"rendered":"https:\/\/www.beysukentkoleji.k12.tr\/?page_id=4215"},"modified":"2024-04-21T15:55:55","modified_gmt":"2024-04-21T15:55:55","slug":"kultur-sanat","status":"publish","type":"page","link":"https:\/\/www.beysukentkoleji.k12.tr\/en\/kultur-sanat\/","title":{"rendered":"Art and Culture"},"content":{"rendered":"<div data-elementor-type=\"wp-page\" data-elementor-id=\"4215\" class=\"elementor elementor-4215\" data-elementor-post-type=\"page\">\n\t\t\t\t<div class=\"elementor-element elementor-element-bb81eed e-flex e-con-boxed e-con e-parent\" data-id=\"bb81eed\" data-element_type=\"container\">\n\t\t\t\t\t<div class=\"e-con-inner\">\n\t\t\t\t<div class=\"elementor-element elementor-element-fbab107 elementor-widget elementor-widget-video\" data-id=\"fbab107\" data-element_type=\"widget\" data-settings=\"{&quot;youtube_url&quot;:&quot;https:\\\/\\\/youtu.be\\\/svVNTCrRhS8&quot;,&quot;video_type&quot;:&quot;youtube&quot;}\" data-widget_type=\"video.default\">\n\t\t\t\t<div class=\"elementor-widget-container\">\n\t\t\t\t\t\t\t<div class=\"elementor-wrapper elementor-open-inline\">\n\t\t\t<div class=\"elementor-video\"><\/div>\t\t<\/div>\n\t\t\t\t\t\t<\/div>\n\t\t\t\t<\/div>\n\t\t\t\t\t<\/div>\n\t\t\t\t<\/div>\n\t\t<div class=\"elementor-element elementor-element-04cbc76 e-flex e-con-boxed e-con e-parent\" data-id=\"04cbc76\" data-element_type=\"container\">\n\t\t\t\t\t<div class=\"e-con-inner\">\n\t\t\t\t<div class=\"elementor-element elementor-element-d0e17aa elementor-grid-eael-col-4 elementor-grid-tablet-eael-col-2 elementor-grid-mobile-eael-col-1 elementor-widget elementor-widget-eael-post-grid\" data-id=\"d0e17aa\" data-element_type=\"widget\" data-settings=\"{&quot;eael_post_grid_columns&quot;:&quot;eael-col-4&quot;,&quot;eael_post_grid_columns_tablet&quot;:&quot;eael-col-2&quot;,&quot;eael_post_grid_columns_mobile&quot;:&quot;eael-col-1&quot;}\" data-widget_type=\"eael-post-grid.default\">\n\t\t\t\t<div class=\"elementor-widget-container\">\n\t\t\t\t\t<div id=\"eael-post-grid-d0e17aa\" class=\"eael-post-grid-container\">\n            <div class=\"eael-post-grid eael-post-appender eael-post-appender-d0e17aa eael-post-grid-style-one\" data-layout-mode=\"masonry\"><article class=\"eael-grid-post eael-post-grid-column\" data-id=\"5438\">\n        <div class=\"eael-grid-post-holder\">\n            <div class=\"eael-grid-post-holder-inner\"><div class=\"eael-entry-media\"><div class=\"eael-entry-overlay fade-in\"><i class=\"fas fa-long-arrow-alt-right\" aria-hidden=\"true\"><\/i><a href=\"https:\/\/www.beysukentkoleji.k12.tr\/en\/nokta-cizgi-illustrasyon-sergisi\/\"><\/a><\/div><div class=\"eael-entry-thumbnail\">\n                <img fetchpriority=\"high\" decoding=\"async\" width=\"300\" height=\"169\" src=\"https:\/\/www.beysukentkoleji.k12.tr\/wp-content\/uploads\/2024\/04\/6ae61d-nokta-cizgi-illustrasyon-sergisi-300x169.png\" class=\"attachment-medium size-medium wp-image-5440\" alt=\"\" srcset=\"https:\/\/www.beysukentkoleji.k12.tr\/wp-content\/uploads\/2024\/04\/6ae61d-nokta-cizgi-illustrasyon-sergisi-300x169.png 300w, https:\/\/www.beysukentkoleji.k12.tr\/wp-content\/uploads\/2024\/04\/6ae61d-nokta-cizgi-illustrasyon-sergisi-1024x576.png 1024w, https:\/\/www.beysukentkoleji.k12.tr\/wp-content\/uploads\/2024\/04\/6ae61d-nokta-cizgi-illustrasyon-sergisi-768x432.png 768w, https:\/\/www.beysukentkoleji.k12.tr\/wp-content\/uploads\/2024\/04\/6ae61d-nokta-cizgi-illustrasyon-sergisi-1536x864.png 1536w, https:\/\/www.beysukentkoleji.k12.tr\/wp-content\/uploads\/2024\/04\/6ae61d-nokta-cizgi-illustrasyon-sergisi-2048x1152.png 2048w, https:\/\/www.beysukentkoleji.k12.tr\/wp-content\/uploads\/2024\/04\/6ae61d-nokta-cizgi-illustrasyon-sergisi-18x10.png 18w\" sizes=\"(max-width: 300px) 100vw, 300px\" \/>\n            <\/div>\n        <\/div><div class=\"eael-entry-wrapper\"><header class=\"eael-entry-header\"><h2 class=\"eael-entry-title\"><a class=\"eael-grid-post-link\" href=\"https:\/\/www.beysukentkoleji.k12.tr\/en\/nokta-cizgi-illustrasyon-sergisi\/\" title=\"Dot-Line Illustration Exhibition\">Dot-Line Illustration Exhibition<\/a><\/h2><\/header><div class=\"eael-entry-content\">\n                        <div class=\"eael-grid-post-excerpt\"><a href=\"https:\/\/www.beysukentkoleji.k12.tr\/en\/nokta-cizgi-illustrasyon-sergisi\/\" class=\"eael-post-elements-readmore-btn\">More Information<\/a><\/div>\n                    <\/div><div class=\"eael-entry-footer\"><div class=\"eael-entry-meta\"><span class=\"eael-posted-on\"><time datetime=\"November 30, 2019\">November 30, 2019<\/time><\/span><\/div><\/div><\/div><\/div>\n        <\/div>\n    <\/article><article class=\"eael-grid-post eael-post-grid-column\" data-id=\"5448\">\n        <div class=\"eael-grid-post-holder\">\n            <div class=\"eael-grid-post-holder-inner\"><div class=\"eael-entry-media\"><div class=\"eael-entry-overlay fade-in\"><i class=\"fas fa-long-arrow-alt-right\" aria-hidden=\"true\"><\/i><a href=\"https:\/\/www.beysukentkoleji.k12.tr\/en\/art-fest\/\"><\/a><\/div><div class=\"eael-entry-thumbnail\">\n                <img decoding=\"async\" width=\"215\" height=\"300\" src=\"https:\/\/www.beysukentkoleji.k12.tr\/wp-content\/uploads\/2024\/04\/b19438-img-20190523-wa0000-215x300.png\" class=\"attachment-medium size-medium wp-image-5449\" alt=\"\" srcset=\"https:\/\/www.beysukentkoleji.k12.tr\/wp-content\/uploads\/2024\/04\/b19438-img-20190523-wa0000-215x300.png 215w, https:\/\/www.beysukentkoleji.k12.tr\/wp-content\/uploads\/2024\/04\/b19438-img-20190523-wa0000-9x12.png 9w, https:\/\/www.beysukentkoleji.k12.tr\/wp-content\/uploads\/2024\/04\/b19438-img-20190523-wa0000.png 688w\" sizes=\"(max-width: 215px) 100vw, 215px\" \/>\n            <\/div>\n        <\/div><div class=\"eael-entry-wrapper\"><header class=\"eael-entry-header\"><h2 class=\"eael-entry-title\"><a class=\"eael-grid-post-link\" href=\"https:\/\/www.beysukentkoleji.k12.tr\/en\/art-fest\/\" title=\"Art Fest\">Art Fest<\/a><\/h2><\/header><div class=\"eael-entry-content\">\n                        <div class=\"eael-grid-post-excerpt\"><a href=\"https:\/\/www.beysukentkoleji.k12.tr\/en\/art-fest\/\" class=\"eael-post-elements-readmore-btn\">More Information<\/a><\/div>\n                    <\/div><div class=\"eael-entry-footer\"><div class=\"eael-entry-meta\"><span class=\"eael-posted-on\"><time datetime=\"May 27, 2019\">May 27, 2019<\/time><\/span><\/div><\/div><\/div><\/div>\n        <\/div>\n    <\/article><article class=\"eael-grid-post eael-post-grid-column\" data-id=\"5454\">\n        <div class=\"eael-grid-post-holder\">\n            <div class=\"eael-grid-post-holder-inner\"><div class=\"eael-entry-media\"><div class=\"eael-entry-overlay fade-in\"><i class=\"fas fa-long-arrow-alt-right\" aria-hidden=\"true\"><\/i><a href=\"https:\/\/www.beysukentkoleji.k12.tr\/en\/yesilcam-karakterleri-karikatur-sergisi\/\"><\/a><\/div><div class=\"eael-entry-thumbnail\">\n                <img decoding=\"async\" width=\"300\" height=\"169\" src=\"https:\/\/www.beysukentkoleji.k12.tr\/wp-content\/uploads\/2024\/04\/c82f10-20190404-105434-300x169.png\" class=\"attachment-medium size-medium wp-image-5455\" alt=\"\" srcset=\"https:\/\/www.beysukentkoleji.k12.tr\/wp-content\/uploads\/2024\/04\/c82f10-20190404-105434-300x169.png 300w, https:\/\/www.beysukentkoleji.k12.tr\/wp-content\/uploads\/2024\/04\/c82f10-20190404-105434-768x432.png 768w, https:\/\/www.beysukentkoleji.k12.tr\/wp-content\/uploads\/2024\/04\/c82f10-20190404-105434-18x10.png 18w, https:\/\/www.beysukentkoleji.k12.tr\/wp-content\/uploads\/2024\/04\/c82f10-20190404-105434.png 956w\" sizes=\"(max-width: 300px) 100vw, 300px\" \/>\n            <\/div>\n        <\/div><div class=\"eael-entry-wrapper\"><header class=\"eael-entry-header\"><h2 class=\"eael-entry-title\"><a class=\"eael-grid-post-link\" href=\"https:\/\/www.beysukentkoleji.k12.tr\/en\/yesilcam-karakterleri-karikatur-sergisi\/\" title=\"Ye\u015fil\u00e7am Characters Caricature Exhibition\">Ye\u015fil\u00e7am Characters Caricature Exhibition<\/a><\/h2><\/header><div class=\"eael-entry-content\">\n                        <div class=\"eael-grid-post-excerpt\"><a href=\"https:\/\/www.beysukentkoleji.k12.tr\/en\/yesilcam-karakterleri-karikatur-sergisi\/\" class=\"eael-post-elements-readmore-btn\">More Information<\/a><\/div>\n                    <\/div><div class=\"eael-entry-footer\"><div class=\"eael-entry-meta\"><span class=\"eael-posted-on\"><time datetime=\"April 4, 2019\">April 4, 2019<\/time><\/span><\/div><\/div><\/div><\/div>\n        <\/div>\n    <\/article><article class=\"eael-grid-post eael-post-grid-column\" data-id=\"5462\">\n        <div class=\"eael-grid-post-holder\">\n            <div class=\"eael-grid-post-holder-inner\"><div class=\"eael-entry-media\"><div class=\"eael-entry-overlay fade-in\"><i class=\"fas fa-long-arrow-alt-right\" aria-hidden=\"true\"><\/i><a href=\"https:\/\/www.beysukentkoleji.k12.tr\/en\/baret-tasarim-sergisi\/\"><\/a><\/div><div class=\"eael-entry-thumbnail\">\n                <img loading=\"lazy\" decoding=\"async\" width=\"300\" height=\"169\" src=\"https:\/\/www.beysukentkoleji.k12.tr\/wp-content\/uploads\/2024\/04\/86d0c1-baret-tasarim-sergisi-3-300x169.png\" class=\"attachment-medium size-medium wp-image-5463\" alt=\"\" srcset=\"https:\/\/www.beysukentkoleji.k12.tr\/wp-content\/uploads\/2024\/04\/86d0c1-baret-tasarim-sergisi-3-300x169.png 300w, https:\/\/www.beysukentkoleji.k12.tr\/wp-content\/uploads\/2024\/04\/86d0c1-baret-tasarim-sergisi-3-768x432.png 768w, https:\/\/www.beysukentkoleji.k12.tr\/wp-content\/uploads\/2024\/04\/86d0c1-baret-tasarim-sergisi-3-18x10.png 18w, https:\/\/www.beysukentkoleji.k12.tr\/wp-content\/uploads\/2024\/04\/86d0c1-baret-tasarim-sergisi-3.png 956w\" sizes=\"(max-width: 300px) 100vw, 300px\" \/>\n            <\/div>\n        <\/div><div class=\"eael-entry-wrapper\"><header class=\"eael-entry-header\"><h2 class=\"eael-entry-title\"><a class=\"eael-grid-post-link\" href=\"https:\/\/www.beysukentkoleji.k12.tr\/en\/baret-tasarim-sergisi\/\" title=\"Beret Design Exhibition\">Beret Design Exhibition<\/a><\/h2><\/header><div class=\"eael-entry-content\">\n                        <div class=\"eael-grid-post-excerpt\"><a href=\"https:\/\/www.beysukentkoleji.k12.tr\/en\/baret-tasarim-sergisi\/\" class=\"eael-post-elements-readmore-btn\">More Information<\/a><\/div>\n                    <\/div><div class=\"eael-entry-footer\"><div class=\"eael-entry-meta\"><span class=\"eael-posted-on\"><time datetime=\"March 23, 2019\">March 23, 2019<\/time><\/span><\/div><\/div><\/div><\/div>\n        <\/div>\n    <\/article><\/div>\n            <div class=\"clearfix\"><\/div>\n        <\/div>\t\t\t\t<\/div>\n\t\t\t\t<\/div>\n\t\t\t\t\t<\/div>\n\t\t\t\t<\/div>\n\t\t\t\t<\/div>","protected":false},"excerpt":{"rendered":"<p>Nokta-\u00c7izgi \u0130ll\u00fcstrasyon Sergisi Detayl\u0131 Bilgi Kas\u0131m 30, 2019<\/p>","protected":false},"author":1,"featured_media":0,"parent":0,"menu_order":0,"comment_status":"closed","ping_status":"closed","template":"elementor_header_footer","meta":{"_eb_attr":"","footnotes":""},"class_list":["post-4215","page","type-page","status-publish","hentry"],"aioseo_notices":[],"_links":{"self":[{"href":"https:\/\/www.beysukentkoleji.k12.tr\/en\/wp-json\/wp\/v2\/pages\/4215","targetHints":{"allow":["GET"]}}],"collection":[{"href":"https:\/\/www.beysukentkoleji.k12.tr\/en\/wp-json\/wp\/v2\/pages"}],"about":[{"href":"https:\/\/www.beysukentkoleji.k12.tr\/en\/wp-json\/wp\/v2\/types\/page"}],"author":[{"embeddable":true,"href":"https:\/\/www.beysukentkoleji.k12.tr\/en\/wp-json\/wp\/v2\/users\/1"}],"replies":[{"embeddable":true,"href":"https:\/\/www.beysukentkoleji.k12.tr\/en\/wp-json\/wp\/v2\/comments?post=4215"}],"version-history":[{"count":13,"href":"https:\/\/www.beysukentkoleji.k12.tr\/en\/wp-json\/wp\/v2\/pages\/4215\/revisions"}],"predecessor-version":[{"id":5447,"href":"https:\/\/www.beysukentkoleji.k12.tr\/en\/wp-json\/wp\/v2\/pages\/4215\/revisions\/5447"}],"wp:attachment":[{"href":"https:\/\/www.beysukentkoleji.k12.tr\/en\/wp-json\/wp\/v2\/media?parent=4215"}],"curies":[{"name":"wp","href":"https:\/\/api.w.org\/{rel}","templated":true}]}}