{"id":4213,"date":"2024-03-29T07:14:29","date_gmt":"2024-03-29T07:14:29","guid":{"rendered":"https:\/\/www.beysukentkoleji.k12.tr\/?page_id=4213"},"modified":"2024-04-26T06:45:58","modified_gmt":"2024-04-26T06:45:58","slug":"ataturk-kosesi","status":"publish","type":"page","link":"https:\/\/www.beysukentkoleji.k12.tr\/en\/ataturk-kosesi\/","title":{"rendered":"Ataturk Corner"},"content":{"rendered":"<div data-elementor-type=\"wp-page\" data-elementor-id=\"4213\" class=\"elementor elementor-4213\" data-elementor-post-type=\"page\">\n\t\t\t\t<div class=\"elementor-element elementor-element-8f8dc07 e-flex e-con-boxed e-con e-parent\" data-id=\"8f8dc07\" data-element_type=\"container\">\n\t\t\t\t\t<div class=\"e-con-inner\">\n\t\t<div class=\"elementor-element elementor-element-fe285a2 e-con-full e-flex e-con e-child\" data-id=\"fe285a2\" data-element_type=\"container\">\n\t\t<div class=\"elementor-element elementor-element-3ba79e9 e-con-full e-flex e-con e-child\" data-id=\"3ba79e9\" data-element_type=\"container\">\n\t\t\t\t<div class=\"elementor-element elementor-element-7ba2777 elementor-widget elementor-widget-image\" data-id=\"7ba2777\" data-element_type=\"widget\" data-widget_type=\"image.default\">\n\t\t\t\t<div class=\"elementor-widget-container\">\n\t\t\t\t\t\t\t\t\t\t\t\t\t\t\t<img fetchpriority=\"high\" decoding=\"async\" width=\"566\" height=\"566\" src=\"https:\/\/www.beysukentkoleji.k12.tr\/wp-content\/uploads\/2024\/04\/ata.png\" class=\"attachment-large size-large wp-image-5388\" alt=\"\" srcset=\"https:\/\/www.beysukentkoleji.k12.tr\/wp-content\/uploads\/2024\/04\/ata.png 566w, https:\/\/www.beysukentkoleji.k12.tr\/wp-content\/uploads\/2024\/04\/ata-300x300.png 300w, https:\/\/www.beysukentkoleji.k12.tr\/wp-content\/uploads\/2024\/04\/ata-150x150.png 150w, https:\/\/www.beysukentkoleji.k12.tr\/wp-content\/uploads\/2024\/04\/ata-12x12.png 12w\" sizes=\"(max-width: 566px) 100vw, 566px\" \/>\t\t\t\t\t\t\t\t\t\t\t\t\t\t\t<\/div>\n\t\t\t\t<\/div>\n\t\t\t\t<div class=\"elementor-element elementor-element-d679572 elementor-widget elementor-widget-eael-creative-button\" data-id=\"d679572\" data-element_type=\"widget\" data-widget_type=\"eael-creative-button.default\">\n\t\t\t\t<div class=\"elementor-widget-container\">\n\t\t\t\t\t        <div class=\"eael-creative-button-wrapper\">\n\n            <a class=\"eael-creative-button eael-creative-button--default\" href=\"https:\/\/www.beysukentkoleji.k12.tr\/en\/ataturk-kosesi\/\" data-text=\"\">\n\n\t    \n                <div class=\"creative-button-inner\">\n\n                    \n                    <span class=\"cretive-button-text\">Atat\u00fcrk's Life<\/span>\n\n                                    <\/div>\n\t                        <\/a>\n        <\/div>\n        \t\t\t\t<\/div>\n\t\t\t\t<\/div>\n\t\t\t\t<div class=\"elementor-element elementor-element-6120f19 elementor-widget elementor-widget-eael-creative-button\" data-id=\"6120f19\" data-element_type=\"widget\" data-widget_type=\"eael-creative-button.default\">\n\t\t\t\t<div class=\"elementor-widget-container\">\n\t\t\t\t\t        <div class=\"eael-creative-button-wrapper\">\n\n            <a class=\"eael-creative-button eael-creative-button--default\" href=\"https:\/\/www.beysukentkoleji.k12.tr\/en\/ataturkun-son-yillari-ve-olumu\/\" data-text=\"\">\n\n\t    \n                <div class=\"creative-button-inner\">\n\n                    \n                    <span class=\"cretive-button-text\">Atat\u00fcrk's Last Years and Death<\/span>\n\n                                    <\/div>\n\t                        <\/a>\n        <\/div>\n        \t\t\t\t<\/div>\n\t\t\t\t<\/div>\n\t\t\t\t<div class=\"elementor-element elementor-element-fde63a9 elementor-widget elementor-widget-eael-creative-button\" data-id=\"fde63a9\" data-element_type=\"widget\" data-widget_type=\"eael-creative-button.default\">\n\t\t\t\t<div class=\"elementor-widget-container\">\n\t\t\t\t\t        <div class=\"eael-creative-button-wrapper\">\n\n            <a class=\"eael-creative-button eael-creative-button--default\" href=\"https:\/\/www.beysukentkoleji.k12.tr\/en\/genclige-hitabe\/\" data-text=\"\">\n\n\t    \n                <div class=\"creative-button-inner\">\n\n                    \n                    <span class=\"cretive-button-text\">Appeal to Youth<\/span>\n\n                                    <\/div>\n\t                        <\/a>\n        <\/div>\n        \t\t\t\t<\/div>\n\t\t\t\t<\/div>\n\t\t\t\t<\/div>\n\t\t\t\t<\/div>\n\t\t<div class=\"elementor-element elementor-element-d11c858 e-con-full e-flex e-con e-child\" data-id=\"d11c858\" data-element_type=\"container\">\n\t\t\t\t<div class=\"elementor-element elementor-element-498eebe elementor-widget elementor-widget-text-editor\" data-id=\"498eebe\" data-element_type=\"widget\" data-widget_type=\"text-editor.default\">\n\t\t\t\t<div class=\"elementor-widget-container\">\n\t\t\t\t\t\t\t\t\t<h3 title=\"Atat\u00fcrk&#039;s Life\">Atat\u00fcrk's Life<\/h3><hr \/><p>Mustafa Kemal Atat\u00fcrk was born in 1881 in Thessaloniki. His mother was Z\u00fcbeyde Han\u0131m, and his father was Ali R\u0131za Efendi.<br \/><br \/>The schools Mustafa Kemal Atat\u00fcrk attended were as follows: he received his primary education at the Mahalle School and \u015eemsi Efendi School, his secondary education at Thessaloniki Public Secondary School and Thessaloniki Military Secondary School, his high school education at Thessaloniki Military High School, and his university education at the Military Academy and the War College. In 1893, while attending the Military Secondary School, his mathematics teacher gave him the name Kemal, thus his name became Mustafa Kemal.<br \/><br \/>On April 23, 1920, Mustafa Kemal, who led the opening of the Grand National Assembly of Turkey, was elected as the Prime Minister by the Assembly. On August 5, 1921, he was again elected as the Commander-in-Chief by the Assembly, and he was honored with the title of Commander and the rank of Marshal for his great efforts in the Victory of the Battle of Sakarya.<br \/><br \/>On October 29, 1923, the Republic was declared, and Mustafa Kemal Atat\u00fcrk became the first President of the Republic of Turkey. In 1934, the parliament bestowed the surname\u00a0<a href=\"https:\/\/www.gelisenbeyin.net\/ataturk-hayati-kisaca-ozet.html\">\u201cAtat\u00fcrk\u201d<\/a>upon Gazi Mustafa Kemal.<br \/><br \/>On November 10, 1938, Mustafa Kemal Atat\u00fcrk passed away at the Dolmabah\u00e7e Palace, which plunged the entire country into mourning. But this farewell was only a physical farewell for the Turkish nation. The Great Leader Atat\u00fcrk will live forever in the hearts of the Turkish nation!<br \/>\u00a0<br \/>\"Throughout the world, for everything, for civilization, for life, for success, the most genuine guide is science, it is knowledge.\"<br \/><br \/><img decoding=\"async\" src=\"https:\/\/beysukentkoleji.com\/wiys\/plugins\/ckfinder\/userfiles\/images\/ataturk-anitkabir.jpg\" alt=\"\" \/><br \/><br \/>\"Youth, you are the ones who strengthen and perpetuate our courage. With the education and knowledge you receive, you will become the most precious symbol of humanity, civilization, love of country, and freedom of thought.\"<br \/>\u00a0<br \/>\"The rising new generation, you are the future. We established the Republic, but you are the ones who will elevate it and keep it alive.\"<\/p>\t\t\t\t\t\t\t\t<\/div>\n\t\t\t\t<\/div>\n\t\t\t\t<\/div>\n\t\t\t\t\t<\/div>\n\t\t\t\t<\/div>\n\t\t<div class=\"elementor-element elementor-element-7412a20 e-flex e-con-boxed e-con e-parent\" data-id=\"7412a20\" data-element_type=\"container\">\n\t\t\t\t\t<div class=\"e-con-inner\">\n\t\t\t\t<div class=\"elementor-element elementor-element-995fb3a elementor-headline--style-highlight elementor-widget elementor-widget-animated-headline\" data-id=\"995fb3a\" data-element_type=\"widget\" data-settings=\"{&quot;marker&quot;:&quot;underline&quot;,&quot;highlighted_text&quot;:&quot;Foto\\u011fraflar\\u0131&quot;,&quot;headline_style&quot;:&quot;highlight&quot;,&quot;loop&quot;:&quot;yes&quot;,&quot;highlight_animation_duration&quot;:1200,&quot;highlight_iteration_delay&quot;:8000}\" data-widget_type=\"animated-headline.default\">\n\t\t\t\t<div class=\"elementor-widget-container\">\n\t\t\t\t\t\t\t<h3 class=\"elementor-headline\">\n\t\t\t\t\t<span class=\"elementor-headline-plain-text elementor-headline-text-wrapper\">An\u0131tkabir Visit<\/span>\n\t\t\t\t<span class=\"elementor-headline-dynamic-wrapper elementor-headline-text-wrapper\">\n\t\t\t\t\t<span class=\"elementor-headline-dynamic-text elementor-headline-text-active\">Photos<\/span>\n\t\t\t\t<\/span>\n\t\t\t\t<\/h3>\n\t\t\t\t\t\t<\/div>\n\t\t\t\t<\/div>\n\t\t\t\t\t<\/div>\n\t\t\t\t<\/div>\n\t\t<div class=\"elementor-element elementor-element-c915d0e e-flex e-con-boxed e-con e-parent\" data-id=\"c915d0e\" data-element_type=\"container\">\n\t\t\t\t\t<div class=\"e-con-inner\">\n\t\t\t\t<div class=\"elementor-element elementor-element-b14f3ab elementor-widget elementor-widget-image-gallery\" data-id=\"b14f3ab\" data-element_type=\"widget\" data-widget_type=\"image-gallery.default\">\n\t\t\t\t<div class=\"elementor-widget-container\">\n\t\t\t\t\t\t\t<div class=\"elementor-image-gallery\">\n\t\t\t<div id='gallery-1' class='gallery galleryid-4213 gallery-columns-4 gallery-size-medium'><figure class='gallery-item'>\n\t\t\t<div class='gallery-icon landscape'>\n\t\t\t\t<a data-elementor-open-lightbox=\"yes\" data-elementor-lightbox-slideshow=\"b14f3ab\" data-elementor-lightbox-title=\"t1\" data-e-action-hash=\"#elementor-action%3Aaction%3Dlightbox%26settings%3DeyJpZCI6NTQwNiwidXJsIjoiaHR0cHM6XC9cL3d3dy5iZXlzdWtlbnRrb2xlamkuazEyLnRyXC93cC1jb250ZW50XC91cGxvYWRzXC8yMDI0XC8wNFwvdDEuanBnIiwic2xpZGVzaG93IjoiYjE0ZjNhYiJ9\" href='https:\/\/www.beysukentkoleji.k12.tr\/wp-content\/uploads\/2024\/04\/t1.jpg'><img decoding=\"async\" width=\"300\" height=\"200\" src=\"https:\/\/www.beysukentkoleji.k12.tr\/wp-content\/uploads\/2024\/04\/t1-300x200.jpg\" class=\"attachment-medium size-medium\" alt=\"\" srcset=\"https:\/\/www.beysukentkoleji.k12.tr\/wp-content\/uploads\/2024\/04\/t1-300x200.jpg 300w, https:\/\/www.beysukentkoleji.k12.tr\/wp-content\/uploads\/2024\/04\/t1-1024x683.jpg 1024w, https:\/\/www.beysukentkoleji.k12.tr\/wp-content\/uploads\/2024\/04\/t1-768x512.jpg 768w, https:\/\/www.beysukentkoleji.k12.tr\/wp-content\/uploads\/2024\/04\/t1-18x12.jpg 18w, https:\/\/www.beysukentkoleji.k12.tr\/wp-content\/uploads\/2024\/04\/t1.jpg 1300w\" sizes=\"(max-width: 300px) 100vw, 300px\" \/><\/a>\n\t\t\t<\/div><\/figure><figure class='gallery-item'>\n\t\t\t<div class='gallery-icon landscape'>\n\t\t\t\t<a data-elementor-open-lightbox=\"yes\" data-elementor-lightbox-slideshow=\"b14f3ab\" data-elementor-lightbox-title=\"t2\" data-e-action-hash=\"#elementor-action%3Aaction%3Dlightbox%26settings%3DeyJpZCI6NTQwNywidXJsIjoiaHR0cHM6XC9cL3d3dy5iZXlzdWtlbnRrb2xlamkuazEyLnRyXC93cC1jb250ZW50XC91cGxvYWRzXC8yMDI0XC8wNFwvdDIuanBnIiwic2xpZGVzaG93IjoiYjE0ZjNhYiJ9\" href='https:\/\/www.beysukentkoleji.k12.tr\/wp-content\/uploads\/2024\/04\/t2.jpg'><img decoding=\"async\" width=\"300\" height=\"169\" src=\"https:\/\/www.beysukentkoleji.k12.tr\/wp-content\/uploads\/2024\/04\/t2-300x169.jpg\" class=\"attachment-medium size-medium\" alt=\"\" srcset=\"https:\/\/www.beysukentkoleji.k12.tr\/wp-content\/uploads\/2024\/04\/t2-300x169.jpg 300w, https:\/\/www.beysukentkoleji.k12.tr\/wp-content\/uploads\/2024\/04\/t2-1024x576.jpg 1024w, https:\/\/www.beysukentkoleji.k12.tr\/wp-content\/uploads\/2024\/04\/t2-768x432.jpg 768w, https:\/\/www.beysukentkoleji.k12.tr\/wp-content\/uploads\/2024\/04\/t2-18x10.jpg 18w, https:\/\/www.beysukentkoleji.k12.tr\/wp-content\/uploads\/2024\/04\/t2.jpg 1300w\" sizes=\"(max-width: 300px) 100vw, 300px\" \/><\/a>\n\t\t\t<\/div><\/figure><figure class='gallery-item'>\n\t\t\t<div class='gallery-icon landscape'>\n\t\t\t\t<a data-elementor-open-lightbox=\"yes\" data-elementor-lightbox-slideshow=\"b14f3ab\" data-elementor-lightbox-title=\"t3\" data-e-action-hash=\"#elementor-action%3Aaction%3Dlightbox%26settings%3DeyJpZCI6NTQwOCwidXJsIjoiaHR0cHM6XC9cL3d3dy5iZXlzdWtlbnRrb2xlamkuazEyLnRyXC93cC1jb250ZW50XC91cGxvYWRzXC8yMDI0XC8wNFwvdDMuanBnIiwic2xpZGVzaG93IjoiYjE0ZjNhYiJ9\" href='https:\/\/www.beysukentkoleji.k12.tr\/wp-content\/uploads\/2024\/04\/t3.jpg'><img loading=\"lazy\" decoding=\"async\" width=\"300\" height=\"200\" src=\"https:\/\/www.beysukentkoleji.k12.tr\/wp-content\/uploads\/2024\/04\/t3-300x200.jpg\" class=\"attachment-medium size-medium\" alt=\"\" srcset=\"https:\/\/www.beysukentkoleji.k12.tr\/wp-content\/uploads\/2024\/04\/t3-300x200.jpg 300w, https:\/\/www.beysukentkoleji.k12.tr\/wp-content\/uploads\/2024\/04\/t3-1024x683.jpg 1024w, https:\/\/www.beysukentkoleji.k12.tr\/wp-content\/uploads\/2024\/04\/t3-768x512.jpg 768w, https:\/\/www.beysukentkoleji.k12.tr\/wp-content\/uploads\/2024\/04\/t3-18x12.jpg 18w, https:\/\/www.beysukentkoleji.k12.tr\/wp-content\/uploads\/2024\/04\/t3.jpg 1300w\" sizes=\"(max-width: 300px) 100vw, 300px\" \/><\/a>\n\t\t\t<\/div><\/figure><figure class='gallery-item'>\n\t\t\t<div class='gallery-icon landscape'>\n\t\t\t\t<a data-elementor-open-lightbox=\"yes\" data-elementor-lightbox-slideshow=\"b14f3ab\" data-elementor-lightbox-title=\"t4\" data-e-action-hash=\"#elementor-action%3Aaction%3Dlightbox%26settings%3DeyJpZCI6NTQwOSwidXJsIjoiaHR0cHM6XC9cL3d3dy5iZXlzdWtlbnRrb2xlamkuazEyLnRyXC93cC1jb250ZW50XC91cGxvYWRzXC8yMDI0XC8wNFwvdDQuanBnIiwic2xpZGVzaG93IjoiYjE0ZjNhYiJ9\" href='https:\/\/www.beysukentkoleji.k12.tr\/wp-content\/uploads\/2024\/04\/t4.jpg'><img loading=\"lazy\" decoding=\"async\" width=\"300\" height=\"135\" src=\"https:\/\/www.beysukentkoleji.k12.tr\/wp-content\/uploads\/2024\/04\/t4-300x135.jpg\" class=\"attachment-medium size-medium\" alt=\"\" srcset=\"https:\/\/www.beysukentkoleji.k12.tr\/wp-content\/uploads\/2024\/04\/t4-300x135.jpg 300w, https:\/\/www.beysukentkoleji.k12.tr\/wp-content\/uploads\/2024\/04\/t4-1024x462.jpg 1024w, https:\/\/www.beysukentkoleji.k12.tr\/wp-content\/uploads\/2024\/04\/t4-768x347.jpg 768w, https:\/\/www.beysukentkoleji.k12.tr\/wp-content\/uploads\/2024\/04\/t4-18x8.jpg 18w, https:\/\/www.beysukentkoleji.k12.tr\/wp-content\/uploads\/2024\/04\/t4.jpg 1300w\" sizes=\"(max-width: 300px) 100vw, 300px\" \/><\/a>\n\t\t\t<\/div><\/figure><figure class='gallery-item'>\n\t\t\t<div class='gallery-icon landscape'>\n\t\t\t\t<a data-elementor-open-lightbox=\"yes\" data-elementor-lightbox-slideshow=\"b14f3ab\" data-elementor-lightbox-title=\"t5\" data-e-action-hash=\"#elementor-action%3Aaction%3Dlightbox%26settings%3DeyJpZCI6NTQxMCwidXJsIjoiaHR0cHM6XC9cL3d3dy5iZXlzdWtlbnRrb2xlamkuazEyLnRyXC93cC1jb250ZW50XC91cGxvYWRzXC8yMDI0XC8wNFwvdDUuanBnIiwic2xpZGVzaG93IjoiYjE0ZjNhYiJ9\" href='https:\/\/www.beysukentkoleji.k12.tr\/wp-content\/uploads\/2024\/04\/t5.jpg'><img loading=\"lazy\" decoding=\"async\" width=\"300\" height=\"199\" src=\"https:\/\/www.beysukentkoleji.k12.tr\/wp-content\/uploads\/2024\/04\/t5-300x199.jpg\" class=\"attachment-medium size-medium\" alt=\"\" srcset=\"https:\/\/www.beysukentkoleji.k12.tr\/wp-content\/uploads\/2024\/04\/t5-300x199.jpg 300w, https:\/\/www.beysukentkoleji.k12.tr\/wp-content\/uploads\/2024\/04\/t5-1024x681.jpg 1024w, https:\/\/www.beysukentkoleji.k12.tr\/wp-content\/uploads\/2024\/04\/t5-768x510.jpg 768w, https:\/\/www.beysukentkoleji.k12.tr\/wp-content\/uploads\/2024\/04\/t5-18x12.jpg 18w, https:\/\/www.beysukentkoleji.k12.tr\/wp-content\/uploads\/2024\/04\/t5.jpg 1300w\" sizes=\"(max-width: 300px) 100vw, 300px\" \/><\/a>\n\t\t\t<\/div><\/figure><figure class='gallery-item'>\n\t\t\t<div class='gallery-icon landscape'>\n\t\t\t\t<a data-elementor-open-lightbox=\"yes\" data-elementor-lightbox-slideshow=\"b14f3ab\" data-elementor-lightbox-title=\"t6\" data-e-action-hash=\"#elementor-action%3Aaction%3Dlightbox%26settings%3DeyJpZCI6NTQxMSwidXJsIjoiaHR0cHM6XC9cL3d3dy5iZXlzdWtlbnRrb2xlamkuazEyLnRyXC93cC1jb250ZW50XC91cGxvYWRzXC8yMDI0XC8wNFwvdDYuanBnIiwic2xpZGVzaG93IjoiYjE0ZjNhYiJ9\" href='https:\/\/www.beysukentkoleji.k12.tr\/wp-content\/uploads\/2024\/04\/t6.jpg'><img loading=\"lazy\" decoding=\"async\" width=\"300\" height=\"199\" src=\"https:\/\/www.beysukentkoleji.k12.tr\/wp-content\/uploads\/2024\/04\/t6-300x199.jpg\" class=\"attachment-medium size-medium\" alt=\"\" srcset=\"https:\/\/www.beysukentkoleji.k12.tr\/wp-content\/uploads\/2024\/04\/t6-300x199.jpg 300w, https:\/\/www.beysukentkoleji.k12.tr\/wp-content\/uploads\/2024\/04\/t6-1024x681.jpg 1024w, https:\/\/www.beysukentkoleji.k12.tr\/wp-content\/uploads\/2024\/04\/t6-768x510.jpg 768w, https:\/\/www.beysukentkoleji.k12.tr\/wp-content\/uploads\/2024\/04\/t6-18x12.jpg 18w, https:\/\/www.beysukentkoleji.k12.tr\/wp-content\/uploads\/2024\/04\/t6.jpg 1300w\" sizes=\"(max-width: 300px) 100vw, 300px\" \/><\/a>\n\t\t\t<\/div><\/figure><figure class='gallery-item'>\n\t\t\t<div class='gallery-icon landscape'>\n\t\t\t\t<a data-elementor-open-lightbox=\"yes\" data-elementor-lightbox-slideshow=\"b14f3ab\" data-elementor-lightbox-title=\"t7\" data-e-action-hash=\"#elementor-action%3Aaction%3Dlightbox%26settings%3DeyJpZCI6NTQxMiwidXJsIjoiaHR0cHM6XC9cL3d3dy5iZXlzdWtlbnRrb2xlamkuazEyLnRyXC93cC1jb250ZW50XC91cGxvYWRzXC8yMDI0XC8wNFwvdDcuanBnIiwic2xpZGVzaG93IjoiYjE0ZjNhYiJ9\" href='https:\/\/www.beysukentkoleji.k12.tr\/wp-content\/uploads\/2024\/04\/t7.jpg'><img loading=\"lazy\" decoding=\"async\" width=\"300\" height=\"225\" src=\"https:\/\/www.beysukentkoleji.k12.tr\/wp-content\/uploads\/2024\/04\/t7-300x225.jpg\" class=\"attachment-medium size-medium\" alt=\"\" srcset=\"https:\/\/www.beysukentkoleji.k12.tr\/wp-content\/uploads\/2024\/04\/t7-300x225.jpg 300w, https:\/\/www.beysukentkoleji.k12.tr\/wp-content\/uploads\/2024\/04\/t7-1024x768.jpg 1024w, https:\/\/www.beysukentkoleji.k12.tr\/wp-content\/uploads\/2024\/04\/t7-768x576.jpg 768w, https:\/\/www.beysukentkoleji.k12.tr\/wp-content\/uploads\/2024\/04\/t7-16x12.jpg 16w, https:\/\/www.beysukentkoleji.k12.tr\/wp-content\/uploads\/2024\/04\/t7.jpg 1300w\" sizes=\"(max-width: 300px) 100vw, 300px\" \/><\/a>\n\t\t\t<\/div><\/figure><figure class='gallery-item'>\n\t\t\t<div class='gallery-icon landscape'>\n\t\t\t\t<a data-elementor-open-lightbox=\"yes\" data-elementor-lightbox-slideshow=\"b14f3ab\" data-elementor-lightbox-title=\"t8\" data-e-action-hash=\"#elementor-action%3Aaction%3Dlightbox%26settings%3DeyJpZCI6NTQxMywidXJsIjoiaHR0cHM6XC9cL3d3dy5iZXlzdWtlbnRrb2xlamkuazEyLnRyXC93cC1jb250ZW50XC91cGxvYWRzXC8yMDI0XC8wNFwvdDguanBnIiwic2xpZGVzaG93IjoiYjE0ZjNhYiJ9\" href='https:\/\/www.beysukentkoleji.k12.tr\/wp-content\/uploads\/2024\/04\/t8.jpg'><img loading=\"lazy\" decoding=\"async\" width=\"300\" height=\"169\" src=\"https:\/\/www.beysukentkoleji.k12.tr\/wp-content\/uploads\/2024\/04\/t8-300x169.jpg\" class=\"attachment-medium size-medium\" alt=\"\" srcset=\"https:\/\/www.beysukentkoleji.k12.tr\/wp-content\/uploads\/2024\/04\/t8-300x169.jpg 300w, https:\/\/www.beysukentkoleji.k12.tr\/wp-content\/uploads\/2024\/04\/t8-1024x576.jpg 1024w, https:\/\/www.beysukentkoleji.k12.tr\/wp-content\/uploads\/2024\/04\/t8-768x432.jpg 768w, https:\/\/www.beysukentkoleji.k12.tr\/wp-content\/uploads\/2024\/04\/t8-18x10.jpg 18w, https:\/\/www.beysukentkoleji.k12.tr\/wp-content\/uploads\/2024\/04\/t8.jpg 1300w\" sizes=\"(max-width: 300px) 100vw, 300px\" \/><\/a>\n\t\t\t<\/div><\/figure>\n\t\t<\/div>\n\t\t<\/div>\n\t\t\t\t\t\t<\/div>\n\t\t\t\t<\/div>\n\t\t\t\t\t<\/div>\n\t\t\t\t<\/div>\n\t\t\t\t<\/div>","protected":false},"excerpt":{"rendered":"<p>Atat\u00fcrk&#8217;\u00fcn Hayat\u0131 Atat\u00fcrk&#8217;\u00fcn Son Y\u0131llar\u0131 ve \u00d6l\u00fcm\u00fc Gen\u00e7li\u011fe Hitabe Atat\u00fcrk\u2019\u00fcn Hayat\u0131 Mustafa Kemal Atat\u00fcrk 1881 y\u0131l\u0131nda Selanik\u2019te do\u011fdu. Z\u00fcbeyde Han\u0131m annesi, Ali R\u0131za Efendi ise babas\u0131d\u0131r. Mustafa Kemal Atat\u00fcrk\u2019\u00fcn e\u011fitim ald\u0131\u011f\u0131 okullar \u015f\u00f6yledir; ilkokul e\u011fitimini Mahalle Mektebinde ve \u015eemsi Efendi Okulunda, ortaokul e\u011fitimini Selanik M\u00fclkiye R\u00fc\u015ftiyesi ve Selanik Askeri R\u00fc\u015ftiyesinde, lise e\u011fitimini Selanik Askeri \u0130dadisi, [&hellip;]<\/p>","protected":false},"author":1,"featured_media":0,"parent":0,"menu_order":0,"comment_status":"closed","ping_status":"closed","template":"elementor_header_footer","meta":{"_eb_attr":"","footnotes":""},"class_list":["post-4213","page","type-page","status-publish","hentry"],"aioseo_notices":[],"_links":{"self":[{"href":"https:\/\/www.beysukentkoleji.k12.tr\/en\/wp-json\/wp\/v2\/pages\/4213","targetHints":{"allow":["GET"]}}],"collection":[{"href":"https:\/\/www.beysukentkoleji.k12.tr\/en\/wp-json\/wp\/v2\/pages"}],"about":[{"href":"https:\/\/www.beysukentkoleji.k12.tr\/en\/wp-json\/wp\/v2\/types\/page"}],"author":[{"embeddable":true,"href":"https:\/\/www.beysukentkoleji.k12.tr\/en\/wp-json\/wp\/v2\/users\/1"}],"replies":[{"embeddable":true,"href":"https:\/\/www.beysukentkoleji.k12.tr\/en\/wp-json\/wp\/v2\/comments?post=4213"}],"version-history":[{"count":19,"href":"https:\/\/www.beysukentkoleji.k12.tr\/en\/wp-json\/wp\/v2\/pages\/4213\/revisions"}],"predecessor-version":[{"id":5812,"href":"https:\/\/www.beysukentkoleji.k12.tr\/en\/wp-json\/wp\/v2\/pages\/4213\/revisions\/5812"}],"wp:attachment":[{"href":"https:\/\/www.beysukentkoleji.k12.tr\/en\/wp-json\/wp\/v2\/media?parent=4213"}],"curies":[{"name":"wp","href":"https:\/\/api.w.org\/{rel}","templated":true}]}}