{"id":5287,"date":"2024-04-21T11:14:56","date_gmt":"2024-04-21T11:14:56","guid":{"rendered":"https:\/\/www.beysukentkoleji.k12.tr\/?page_id=5287"},"modified":"2024-04-21T12:52:20","modified_gmt":"2024-04-21T12:52:20","slug":"tiyatro-kulubu","status":"publish","type":"page","link":"http:\/\/www.beysukentkoleji.k12.tr\/en\/tiyatro-kulubu\/","title":{"rendered":"The Theatre Club"},"content":{"rendered":"<div data-elementor-type=\"wp-page\" data-elementor-id=\"5287\" class=\"elementor elementor-5287\" data-elementor-post-type=\"page\">\n\t\t\t\t<div class=\"elementor-element elementor-element-a501e41 e-flex e-con-boxed e-con e-parent\" data-id=\"a501e41\" data-element_type=\"container\">\n\t\t\t\t\t<div class=\"e-con-inner\">\n\t\t<div class=\"elementor-element elementor-element-389c81a e-con-full e-flex e-con e-child\" data-id=\"389c81a\" data-element_type=\"container\">\n\t\t\t\t<div class=\"elementor-element elementor-element-a13620f elementor-widget elementor-widget-image\" data-id=\"a13620f\" data-element_type=\"widget\" data-widget_type=\"image.default\">\n\t\t\t\t<div class=\"elementor-widget-container\">\n\t\t\t\t\t\t\t\t\t\t\t\t\t\t\t<img fetchpriority=\"high\" decoding=\"async\" width=\"566\" height=\"566\" src=\"http:\/\/www.beysukentkoleji.k12.tr\/wp-content\/uploads\/2024\/04\/tiyatro.png\" class=\"attachment-large size-large wp-image-5157\" alt=\"\" srcset=\"http:\/\/www.beysukentkoleji.k12.tr\/wp-content\/uploads\/2024\/04\/tiyatro.png 566w, http:\/\/www.beysukentkoleji.k12.tr\/wp-content\/uploads\/2024\/04\/tiyatro-300x300.png 300w, http:\/\/www.beysukentkoleji.k12.tr\/wp-content\/uploads\/2024\/04\/tiyatro-150x150.png 150w, http:\/\/www.beysukentkoleji.k12.tr\/wp-content\/uploads\/2024\/04\/tiyatro-12x12.png 12w\" sizes=\"(max-width: 566px) 100vw, 566px\" \/>\t\t\t\t\t\t\t\t\t\t\t\t\t\t\t<\/div>\n\t\t\t\t<\/div>\n\t\t\t\t<\/div>\n\t\t<div class=\"elementor-element elementor-element-83bc343 e-con-full e-flex e-con e-child\" data-id=\"83bc343\" data-element_type=\"container\">\n\t\t\t\t<div class=\"elementor-element elementor-element-7f1da35 elementor-widget elementor-widget-text-editor\" data-id=\"7f1da35\" data-element_type=\"widget\" data-widget_type=\"text-editor.default\">\n\t\t\t\t<div class=\"elementor-widget-container\">\n\t\t\t\t\t\t\t\t\t<h3 title=\"The Theatre Club\">The Theatre Club<\/h3><hr \/><p>The primary aim of the theater club is to encourage students to engage in the art of theater, enhance their creativity, and foster productivity in the field of arts. Within the theater club, students are taught to develop the ability to behave moderately, respectfully, and empathetically. Additionally, they learn to take on tasks and responsibilities, acting techniques, brain-body coordination, elocution and rehearsal exercises, correct breathing, proper use of voice, self-confidence, and effective self-expression. Moreover, critical thinking, questioning, analysis, and problem-solving skills are also cultivated through club activities.<\/p>\t\t\t\t\t\t\t\t<\/div>\n\t\t\t\t<\/div>\n\t\t\t\t<\/div>\n\t\t\t\t\t<\/div>\n\t\t\t\t<\/div>\n\t\t\t\t<\/div>","protected":false},"excerpt":{"rendered":"<p>Tiyatro Kul\u00fcb\u00fc Tiyatro kul\u00fcb\u00fcn\u00fcn temel amac\u0131; \u00f6\u011frencileri tiyatro sanat\u0131na te\u015fvik etmek, yarat\u0131c\u0131l\u0131klar\u0131n\u0131 artt\u0131rmak ve sanat alan\u0131nda \u00fcreticili\u011fi artt\u0131rmakt\u0131r. Tiyatro kul\u00fcb\u00fc b\u00fcnyesindeki \u00f6\u011frencilere \u00f6l\u00e7\u00fcl\u00fc, sayg\u0131l\u0131 ve anlay\u0131\u015fl\u0131 davranabilme kabiliyetini kazand\u0131rmaktad\u0131r. Bununla birlikte g\u00f6rev ve sorumluluk alabilme, oyunculuk teknikleri, beyin-v\u00fccut koordinasyonu, diksiyon ve temrin \u00e7al\u0131\u015fmalar\u0131, do\u011fru nefes, do\u011fru ses kullan\u0131m\u0131, \u00f6z g\u00fcven ve kendini do\u011fru ifade etme, [&hellip;]<\/p>","protected":false},"author":1,"featured_media":0,"parent":0,"menu_order":0,"comment_status":"closed","ping_status":"closed","template":"elementor_header_footer","meta":{"_eb_attr":"","footnotes":""},"class_list":["post-5287","page","type-page","status-publish","hentry"],"aioseo_notices":[],"_links":{"self":[{"href":"http:\/\/www.beysukentkoleji.k12.tr\/en\/wp-json\/wp\/v2\/pages\/5287","targetHints":{"allow":["GET"]}}],"collection":[{"href":"http:\/\/www.beysukentkoleji.k12.tr\/en\/wp-json\/wp\/v2\/pages"}],"about":[{"href":"http:\/\/www.beysukentkoleji.k12.tr\/en\/wp-json\/wp\/v2\/types\/page"}],"author":[{"embeddable":true,"href":"http:\/\/www.beysukentkoleji.k12.tr\/en\/wp-json\/wp\/v2\/users\/1"}],"replies":[{"embeddable":true,"href":"http:\/\/www.beysukentkoleji.k12.tr\/en\/wp-json\/wp\/v2\/comments?post=5287"}],"version-history":[{"count":4,"href":"http:\/\/www.beysukentkoleji.k12.tr\/en\/wp-json\/wp\/v2\/pages\/5287\/revisions"}],"predecessor-version":[{"id":5380,"href":"http:\/\/www.beysukentkoleji.k12.tr\/en\/wp-json\/wp\/v2\/pages\/5287\/revisions\/5380"}],"wp:attachment":[{"href":"http:\/\/www.beysukentkoleji.k12.tr\/en\/wp-json\/wp\/v2\/media?parent=5287"}],"curies":[{"name":"wp","href":"https:\/\/api.w.org\/{rel}","templated":true}]}}