{"id":5242,"date":"2024-04-21T11:08:18","date_gmt":"2024-04-21T11:08:18","guid":{"rendered":"https:\/\/www.beysukentkoleji.k12.tr\/?page_id=5242"},"modified":"2024-04-21T12:36:36","modified_gmt":"2024-04-21T12:36:36","slug":"kendin-yap-kulubu","status":"publish","type":"page","link":"http:\/\/www.beysukentkoleji.k12.tr\/en\/kendin-yap-kulubu\/","title":{"rendered":"The Do-It-Yourself (DIY) Club"},"content":{"rendered":"<div data-elementor-type=\"wp-page\" data-elementor-id=\"5242\" class=\"elementor elementor-5242\" data-elementor-post-type=\"page\">\n\t\t\t\t<div class=\"elementor-element elementor-element-0285adb e-flex e-con-boxed e-con e-parent\" data-id=\"0285adb\" data-element_type=\"container\">\n\t\t\t\t\t<div class=\"e-con-inner\">\n\t\t<div class=\"elementor-element elementor-element-3f27056 e-con-full e-flex e-con e-child\" data-id=\"3f27056\" data-element_type=\"container\">\n\t\t\t\t<div class=\"elementor-element elementor-element-07238ae elementor-widget elementor-widget-image\" data-id=\"07238ae\" data-element_type=\"widget\" data-widget_type=\"image.default\">\n\t\t\t\t<div class=\"elementor-widget-container\">\n\t\t\t\t\t\t\t\t\t\t\t\t\t\t\t<img fetchpriority=\"high\" decoding=\"async\" width=\"566\" height=\"566\" src=\"http:\/\/www.beysukentkoleji.k12.tr\/wp-content\/uploads\/2024\/04\/kendinyap.png\" class=\"attachment-large size-large wp-image-5129\" alt=\"\" srcset=\"http:\/\/www.beysukentkoleji.k12.tr\/wp-content\/uploads\/2024\/04\/kendinyap.png 566w, http:\/\/www.beysukentkoleji.k12.tr\/wp-content\/uploads\/2024\/04\/kendinyap-300x300.png 300w, http:\/\/www.beysukentkoleji.k12.tr\/wp-content\/uploads\/2024\/04\/kendinyap-150x150.png 150w, http:\/\/www.beysukentkoleji.k12.tr\/wp-content\/uploads\/2024\/04\/kendinyap-12x12.png 12w\" sizes=\"(max-width: 566px) 100vw, 566px\" \/>\t\t\t\t\t\t\t\t\t\t\t\t\t\t\t<\/div>\n\t\t\t\t<\/div>\n\t\t\t\t<\/div>\n\t\t<div class=\"elementor-element elementor-element-dbff11c e-con-full e-flex e-con e-child\" data-id=\"dbff11c\" data-element_type=\"container\">\n\t\t\t\t<div class=\"elementor-element elementor-element-b4c8a39 elementor-widget elementor-widget-text-editor\" data-id=\"b4c8a39\" data-element_type=\"widget\" data-widget_type=\"text-editor.default\">\n\t\t\t\t<div class=\"elementor-widget-container\">\n\t\t\t\t\t\t\t\t\t<h3 title=\"The Do-It-Yourself (DIY) Club\">The Do-It-Yourself (DIY) Club<\/h3><hr \/><p>Our club provides students with the opportunity to relax and develop self-confidence, manual dexterity, and creativity by creating products tailored to their interests and needs amidst the intense pace of their studies. Through the \"Do-It-Yourself\" club activities, students will have the opportunity to learn by doing and discover their talents.<\/p>\t\t\t\t\t\t\t\t<\/div>\n\t\t\t\t<\/div>\n\t\t\t\t<\/div>\n\t\t\t\t\t<\/div>\n\t\t\t\t<\/div>\n\t\t\t\t<\/div>","protected":false},"excerpt":{"rendered":"<p>Kendin Yap Kul\u00fcb\u00fc Kul\u00fcb\u00fcm\u00fcz, yo\u011fun ders temposu i\u00e7inde \u00e7ocuklar\u0131m\u0131z\u0131n ilgi ve ihtiya\u00e7lar\u0131 do\u011frultunsa rahatlamalar\u0131na olu\u015fturacaklar\u0131 \u00fcr\u00fcnlerle \u00f6z g\u00fcven, el becerisi kazanmalar\u0131na ve yarat\u0131c\u0131l\u0131klar\u0131na geli\u015ftirmelerine katk\u0131 sa\u011flar. \u00d6\u011frencilerimiz\u00a0 \u201cKendin Yap\u201d kul\u00fcp \u00e7al\u0131\u015fmalar\u0131 ile yaparak ya\u015fayarak \u00f6\u011frenme ve yeteneklerini ke\u015ffetme imk\u00e2n\u0131 bulacakt\u0131r.<\/p>","protected":false},"author":1,"featured_media":0,"parent":0,"menu_order":0,"comment_status":"closed","ping_status":"closed","template":"elementor_header_footer","meta":{"_eb_attr":"","footnotes":""},"class_list":["post-5242","page","type-page","status-publish","hentry"],"aioseo_notices":[],"_links":{"self":[{"href":"http:\/\/www.beysukentkoleji.k12.tr\/en\/wp-json\/wp\/v2\/pages\/5242","targetHints":{"allow":["GET"]}}],"collection":[{"href":"http:\/\/www.beysukentkoleji.k12.tr\/en\/wp-json\/wp\/v2\/pages"}],"about":[{"href":"http:\/\/www.beysukentkoleji.k12.tr\/en\/wp-json\/wp\/v2\/types\/page"}],"author":[{"embeddable":true,"href":"http:\/\/www.beysukentkoleji.k12.tr\/en\/wp-json\/wp\/v2\/users\/1"}],"replies":[{"embeddable":true,"href":"http:\/\/www.beysukentkoleji.k12.tr\/en\/wp-json\/wp\/v2\/comments?post=5242"}],"version-history":[{"count":4,"href":"http:\/\/www.beysukentkoleji.k12.tr\/en\/wp-json\/wp\/v2\/pages\/5242\/revisions"}],"predecessor-version":[{"id":5353,"href":"http:\/\/www.beysukentkoleji.k12.tr\/en\/wp-json\/wp\/v2\/pages\/5242\/revisions\/5353"}],"wp:attachment":[{"href":"http:\/\/www.beysukentkoleji.k12.tr\/en\/wp-json\/wp\/v2\/media?parent=5242"}],"curies":[{"name":"wp","href":"https:\/\/api.w.org\/{rel}","templated":true}]}}