{"id":5192,"date":"2024-04-21T11:01:14","date_gmt":"2024-04-21T11:01:14","guid":{"rendered":"https:\/\/www.beysukentkoleji.k12.tr\/?page_id=5192"},"modified":"2024-04-21T12:10:35","modified_gmt":"2024-04-21T12:10:35","slug":"futbol-kulubu","status":"publish","type":"page","link":"http:\/\/www.beysukentkoleji.k12.tr\/en\/futbol-kulubu\/","title":{"rendered":"Football Club"},"content":{"rendered":"<div data-elementor-type=\"wp-page\" data-elementor-id=\"5192\" class=\"elementor elementor-5192\" data-elementor-post-type=\"page\">\n\t\t\t\t<div class=\"elementor-element elementor-element-6676e6d e-flex e-con-boxed e-con e-parent\" data-id=\"6676e6d\" data-element_type=\"container\">\n\t\t\t\t\t<div class=\"e-con-inner\">\n\t\t<div class=\"elementor-element elementor-element-ee4c10b e-con-full e-flex e-con e-child\" data-id=\"ee4c10b\" data-element_type=\"container\">\n\t\t\t\t<div class=\"elementor-element elementor-element-a33f128 elementor-widget elementor-widget-image\" data-id=\"a33f128\" data-element_type=\"widget\" data-widget_type=\"image.default\">\n\t\t\t\t<div class=\"elementor-widget-container\">\n\t\t\t\t\t\t\t\t\t\t\t\t\t\t\t<img fetchpriority=\"high\" decoding=\"async\" width=\"566\" height=\"566\" src=\"http:\/\/www.beysukentkoleji.k12.tr\/wp-content\/uploads\/2024\/04\/futbol.png\" class=\"attachment-large size-large wp-image-5096\" alt=\"\" srcset=\"http:\/\/www.beysukentkoleji.k12.tr\/wp-content\/uploads\/2024\/04\/futbol.png 566w, http:\/\/www.beysukentkoleji.k12.tr\/wp-content\/uploads\/2024\/04\/futbol-300x300.png 300w, http:\/\/www.beysukentkoleji.k12.tr\/wp-content\/uploads\/2024\/04\/futbol-150x150.png 150w, http:\/\/www.beysukentkoleji.k12.tr\/wp-content\/uploads\/2024\/04\/futbol-12x12.png 12w\" sizes=\"(max-width: 566px) 100vw, 566px\" \/>\t\t\t\t\t\t\t\t\t\t\t\t\t\t\t<\/div>\n\t\t\t\t<\/div>\n\t\t\t\t<\/div>\n\t\t<div class=\"elementor-element elementor-element-2df9294 e-con-full e-flex e-con e-child\" data-id=\"2df9294\" data-element_type=\"container\">\n\t\t\t\t<div class=\"elementor-element elementor-element-1fe4839 elementor-widget elementor-widget-text-editor\" data-id=\"1fe4839\" data-element_type=\"widget\" data-widget_type=\"text-editor.default\">\n\t\t\t\t<div class=\"elementor-widget-container\">\n\t\t\t\t\t\t\t\t\t<h3 title=\"Football Club\">Football Club<\/h3><hr \/><p>Our club focuses on the sport of football, played with two teams of eleven players each. In our club, students will learn the basic techniques and skills of football, understand the rules of the game, and aim to improve their performance in football matches. Additionally, they will learn teamwork, cooperation, and how to deal with the emotions of winning and losing. It is also among our goals to train students for school teams and football club teams within our club.<\/p>\t\t\t\t\t\t\t\t<\/div>\n\t\t\t\t<\/div>\n\t\t\t\t<\/div>\n\t\t\t\t\t<\/div>\n\t\t\t\t<\/div>\n\t\t\t\t<\/div>","protected":false},"excerpt":{"rendered":"<p>Futbol Kul\u00fcb\u00fc Futbol 11\u2019er ki\u015filik iki tak\u0131m halinde oynanan bir tak\u0131m sporudur. Kul\u00fcb\u00fcm\u00fczde futbol oyunun temel teknik ve becerilerini \u00f6\u011frenecek, oyun kurallar\u0131n\u0131 bilecek ve \u00f6\u011frencilerimizi futbol oyununda geli\u015ftirmeyi hedeflemekteyiz. Ayr\u0131ca tak\u0131m olmay\u0131, beraber hareket etmeyi, kazanma ve kaybetme duygular\u0131yla ba\u015fa \u00e7\u0131kmay\u0131 \u00f6\u011freneceklerdir. Kul\u00fcb\u00fcm\u00fczde okul tak\u0131mlar\u0131m\u0131za ve futbol kul\u00fcp tak\u0131mlar\u0131na \u00f6\u011frenci yeti\u015ftirmek hedeflerimizin aras\u0131ndad\u0131r.<\/p>","protected":false},"author":1,"featured_media":0,"parent":0,"menu_order":0,"comment_status":"closed","ping_status":"closed","template":"elementor_header_footer","meta":{"_eb_attr":"","footnotes":""},"class_list":["post-5192","page","type-page","status-publish","hentry"],"aioseo_notices":[],"_links":{"self":[{"href":"http:\/\/www.beysukentkoleji.k12.tr\/en\/wp-json\/wp\/v2\/pages\/5192","targetHints":{"allow":["GET"]}}],"collection":[{"href":"http:\/\/www.beysukentkoleji.k12.tr\/en\/wp-json\/wp\/v2\/pages"}],"about":[{"href":"http:\/\/www.beysukentkoleji.k12.tr\/en\/wp-json\/wp\/v2\/types\/page"}],"author":[{"embeddable":true,"href":"http:\/\/www.beysukentkoleji.k12.tr\/en\/wp-json\/wp\/v2\/users\/1"}],"replies":[{"embeddable":true,"href":"http:\/\/www.beysukentkoleji.k12.tr\/en\/wp-json\/wp\/v2\/comments?post=5192"}],"version-history":[{"count":4,"href":"http:\/\/www.beysukentkoleji.k12.tr\/en\/wp-json\/wp\/v2\/pages\/5192\/revisions"}],"predecessor-version":[{"id":5322,"href":"http:\/\/www.beysukentkoleji.k12.tr\/en\/wp-json\/wp\/v2\/pages\/5192\/revisions\/5322"}],"wp:attachment":[{"href":"http:\/\/www.beysukentkoleji.k12.tr\/en\/wp-json\/wp\/v2\/media?parent=5192"}],"curies":[{"name":"wp","href":"https:\/\/api.w.org\/{rel}","templated":true}]}}